{"id":104,"date":"2012-12-20T12:52:36","date_gmt":"2012-12-20T11:52:36","guid":{"rendered":"http:\/\/karrierbutor.brill-life.hu\/?page_id=104"},"modified":"2013-04-05T11:11:55","modified_gmt":"2013-04-05T09:11:55","slug":"kozbeszerzes","status":"publish","type":"page","link":"https:\/\/karrierirodabutor.hu\/de\/szolgaltatasok\/kozbeszerzes\/","title":{"rendered":"\u00d6ffentliche Auftr\u00e4ge"},"content":{"rendered":"<p>Wir beteiligen uns an der \u00f6ffentlichen Beschaffung. Wir k\u00f6nnen Ihnen bei der Auswahl der M\u00f6bel und die Zusammenstellung von Auftr\u00e4gen f\u00fcr die zentrale k\u00f6zbeszerz\u00e9ses Produkte helfen.<br \/>\nDie Bewerbung f\u00fcr Ausschreibungen im \u00f6ffentlichen Beschaffungswesen auf Schulsysteme, Hochschulen, Gemeindezentren, Kommunen, etc.. Respekt.<br \/>\nDie \u00f6ffentliche Ausschreibung ist beschr\u00e4nkt gerne teilnehmen.<\/p>","protected":false},"excerpt":{"rendered":"<p>Wir beteiligen uns an der \u00f6ffentlichen Beschaffung. Wir k\u00f6nnen Ihnen bei der Auswahl der M\u00f6bel und die Zusammenstellung von Auftr\u00e4gen f\u00fcr die zentrale k\u00f6zbeszerz\u00e9ses Produkte helfen. Die Bewerbung f\u00fcr Ausschreibungen im \u00f6ffentlichen Beschaffungswesen auf Schulsysteme, Hochschulen, Gemeindezentren, Kommunen, etc.. Respekt. Die \u00f6ffentliche Ausschreibung ist beschr\u00e4nkt gerne teilnehmen.<\/p>\n","protected":false},"author":3,"featured_media":0,"parent":88,"menu_order":7,"comment_status":"closed","ping_status":"closed","template":"","meta":{"footnotes":""},"class_list":["post-104","page","type-page","status-publish","hentry"],"yoast_head":"<!-- This site is optimized with the Yoast SEO plugin v27.5 - https:\/\/yoast.com\/product\/yoast-seo-wordpress\/ -->\n<title>\u00d6ffentliche Auftr\u00e4ge - KARRIER B\u00daTOR Kft.<\/title>\n<meta name=\"robots\" content=\"index, follow, max-snippet:-1, max-image-preview:large, max-video-preview:-1\" \/>\n<link rel=\"canonical\" href=\"https:\/\/karrierirodabutor.hu\/en\/szolgaltatasok\/kozbeszerzes\/\" \/>\n<meta property=\"og:locale\" content=\"de_DE\" \/>\n<meta property=\"og:type\" content=\"article\" \/>\n<meta property=\"og:title\" content=\"\u00d6ffentliche Auftr\u00e4ge - KARRIER B\u00daTOR Kft.\" \/>\n<meta property=\"og:description\" content=\"Wir beteiligen uns an der \u00f6ffentlichen Beschaffung. Wir k\u00f6nnen Ihnen bei der Auswahl der M\u00f6bel und die Zusammenstellung von Auftr\u00e4gen f\u00fcr die zentrale k\u00f6zbeszerz\u00e9ses Produkte helfen. Die Bewerbung f\u00fcr Ausschreibungen im \u00f6ffentlichen Beschaffungswesen auf Schulsysteme, Hochschulen, Gemeindezentren, Kommunen, etc.. Respekt. Die \u00f6ffentliche Ausschreibung ist beschr\u00e4nkt gerne teilnehmen.\" \/>\n<meta property=\"og:url\" content=\"https:\/\/karrierirodabutor.hu\/en\/szolgaltatasok\/kozbeszerzes\/\" \/>\n<meta property=\"og:site_name\" content=\"KARRIER B\u00daTOR Kft.\" \/>\n<meta property=\"article:modified_time\" content=\"2013-04-05T09:11:55+00:00\" \/>\n<meta name=\"twitter:label1\" content=\"Gesch\u00e4tzte Lesezeit\" \/>\n\t<meta name=\"twitter:data1\" content=\"1\u00a0Minute\" \/>\n<script type=\"application\/ld+json\" class=\"yoast-schema-graph\">{\"@context\":\"https:\\\/\\\/schema.org\",\"@graph\":[{\"@type\":\"WebPage\",\"@id\":\"https:\\\/\\\/karrierirodabutor.hu\\\/en\\\/szolgaltatasok\\\/kozbeszerzes\\\/\",\"url\":\"https:\\\/\\\/karrierirodabutor.hu\\\/en\\\/szolgaltatasok\\\/kozbeszerzes\\\/\",\"name\":\"\u00d6ffentliche Auftr\u00e4ge - KARRIER B\u00daTOR Kft.\",\"isPartOf\":{\"@id\":\"https:\\\/\\\/karrierirodabutor.hu\\\/#website\"},\"datePublished\":\"2012-12-20T11:52:36+00:00\",\"dateModified\":\"2013-04-05T09:11:55+00:00\",\"breadcrumb\":{\"@id\":\"https:\\\/\\\/karrierirodabutor.hu\\\/en\\\/szolgaltatasok\\\/kozbeszerzes\\\/#breadcrumb\"},\"inLanguage\":\"de\",\"potentialAction\":[{\"@type\":\"ReadAction\",\"target\":[\"https:\\\/\\\/karrierirodabutor.hu\\\/en\\\/szolgaltatasok\\\/kozbeszerzes\\\/\"]}]},{\"@type\":\"BreadcrumbList\",\"@id\":\"https:\\\/\\\/karrierirodabutor.hu\\\/en\\\/szolgaltatasok\\\/kozbeszerzes\\\/#breadcrumb\",\"itemListElement\":[{\"@type\":\"ListItem\",\"position\":1,\"name\":\"Szolg\u00e1ltat\u00e1sok\",\"item\":\"https:\\\/\\\/karrierirodabutor.hu\\\/szolgaltatasok\\\/\"},{\"@type\":\"ListItem\",\"position\":2,\"name\":\"Public procurement\"}]},{\"@type\":\"WebSite\",\"@id\":\"https:\\\/\\\/karrierirodabutor.hu\\\/#website\",\"url\":\"https:\\\/\\\/karrierirodabutor.hu\\\/\",\"name\":\"KARRIER B\u00daTOR Kft.\",\"description\":\"KARRIER B\u00daTOR Kft.\",\"potentialAction\":[{\"@type\":\"SearchAction\",\"target\":{\"@type\":\"EntryPoint\",\"urlTemplate\":\"https:\\\/\\\/karrierirodabutor.hu\\\/?s={search_term_string}\"},\"query-input\":{\"@type\":\"PropertyValueSpecification\",\"valueRequired\":true,\"valueName\":\"search_term_string\"}}],\"inLanguage\":\"de\"}]}<\/script>\n<!-- \/ Yoast SEO plugin. -->","yoast_head_json":{"title":"\u00d6ffentliche Auftr\u00e4ge - KARRIER B\u00daTOR Kft.","robots":{"index":"index","follow":"follow","max-snippet":"max-snippet:-1","max-image-preview":"max-image-preview:large","max-video-preview":"max-video-preview:-1"},"canonical":"https:\/\/karrierirodabutor.hu\/en\/szolgaltatasok\/kozbeszerzes\/","og_locale":"de_DE","og_type":"article","og_title":"\u00d6ffentliche Auftr\u00e4ge - KARRIER B\u00daTOR Kft.","og_description":"Wir beteiligen uns an der \u00f6ffentlichen Beschaffung. Wir k\u00f6nnen Ihnen bei der Auswahl der M\u00f6bel und die Zusammenstellung von Auftr\u00e4gen f\u00fcr die zentrale k\u00f6zbeszerz\u00e9ses Produkte helfen. Die Bewerbung f\u00fcr Ausschreibungen im \u00f6ffentlichen Beschaffungswesen auf Schulsysteme, Hochschulen, Gemeindezentren, Kommunen, etc.. Respekt. Die \u00f6ffentliche Ausschreibung ist beschr\u00e4nkt gerne teilnehmen.","og_url":"https:\/\/karrierirodabutor.hu\/en\/szolgaltatasok\/kozbeszerzes\/","og_site_name":"KARRIER B\u00daTOR Kft.","article_modified_time":"2013-04-05T09:11:55+00:00","twitter_misc":{"Gesch\u00e4tzte Lesezeit":"1\u00a0Minute"},"schema":{"@context":"https:\/\/schema.org","@graph":[{"@type":"WebPage","@id":"https:\/\/karrierirodabutor.hu\/en\/szolgaltatasok\/kozbeszerzes\/","url":"https:\/\/karrierirodabutor.hu\/en\/szolgaltatasok\/kozbeszerzes\/","name":"\u00d6ffentliche Auftr\u00e4ge - KARRIER B\u00daTOR Kft.","isPartOf":{"@id":"https:\/\/karrierirodabutor.hu\/#website"},"datePublished":"2012-12-20T11:52:36+00:00","dateModified":"2013-04-05T09:11:55+00:00","breadcrumb":{"@id":"https:\/\/karrierirodabutor.hu\/en\/szolgaltatasok\/kozbeszerzes\/#breadcrumb"},"inLanguage":"de","potentialAction":[{"@type":"ReadAction","target":["https:\/\/karrierirodabutor.hu\/en\/szolgaltatasok\/kozbeszerzes\/"]}]},{"@type":"BreadcrumbList","@id":"https:\/\/karrierirodabutor.hu\/en\/szolgaltatasok\/kozbeszerzes\/#breadcrumb","itemListElement":[{"@type":"ListItem","position":1,"name":"Szolg\u00e1ltat\u00e1sok","item":"https:\/\/karrierirodabutor.hu\/szolgaltatasok\/"},{"@type":"ListItem","position":2,"name":"Public procurement"}]},{"@type":"WebSite","@id":"https:\/\/karrierirodabutor.hu\/#website","url":"https:\/\/karrierirodabutor.hu\/","name":"KARRIER B\u00daTOR Kft.","description":"KARRIER B\u00daTOR Kft.","potentialAction":[{"@type":"SearchAction","target":{"@type":"EntryPoint","urlTemplate":"https:\/\/karrierirodabutor.hu\/?s={search_term_string}"},"query-input":{"@type":"PropertyValueSpecification","valueRequired":true,"valueName":"search_term_string"}}],"inLanguage":"de"}]}},"_links":{"self":[{"href":"https:\/\/karrierirodabutor.hu\/de\/wp-json\/wp\/v2\/pages\/104","targetHints":{"allow":["GET"]}}],"collection":[{"href":"https:\/\/karrierirodabutor.hu\/de\/wp-json\/wp\/v2\/pages"}],"about":[{"href":"https:\/\/karrierirodabutor.hu\/de\/wp-json\/wp\/v2\/types\/page"}],"author":[{"embeddable":true,"href":"https:\/\/karrierirodabutor.hu\/de\/wp-json\/wp\/v2\/users\/3"}],"replies":[{"embeddable":true,"href":"https:\/\/karrierirodabutor.hu\/de\/wp-json\/wp\/v2\/comments?post=104"}],"version-history":[{"count":0,"href":"https:\/\/karrierirodabutor.hu\/de\/wp-json\/wp\/v2\/pages\/104\/revisions"}],"up":[{"embeddable":true,"href":"https:\/\/karrierirodabutor.hu\/de\/wp-json\/wp\/v2\/pages\/88"}],"wp:attachment":[{"href":"https:\/\/karrierirodabutor.hu\/de\/wp-json\/wp\/v2\/media?parent=104"}],"curies":[{"name":"wp","href":"https:\/\/api.w.org\/{rel}","templated":true}]}}