{"id":11821,"date":"2018-09-21T13:26:50","date_gmt":"2018-09-21T11:26:50","guid":{"rendered":"https:\/\/karrierirodabutor.hu\/?page_id=11821"},"modified":"2020-01-08T15:59:47","modified_gmt":"2020-01-08T14:59:47","slug":"lakossagi-butorok","status":"publish","type":"page","link":"https:\/\/karrierirodabutor.hu\/de\/lakossagi-butorok\/","title":{"rendered":"Wohnm\u00f6bel"},"content":{"rendered":"\t\t<div data-elementor-type=\"wp-post\" data-elementor-id=\"11821\" class=\"elementor elementor-11821\">\n\t\t\t\t\t\t<section class=\"elementor-section elementor-top-section elementor-element elementor-element-2ca6f5e elementor-section-boxed elementor-section-height-default elementor-section-height-default\" data-id=\"2ca6f5e\" data-element_type=\"section\" data-e-type=\"section\">\n\t\t\t\t\t\t<div class=\"elementor-container elementor-column-gap-default\">\n\t\t\t\t\t<div class=\"elementor-column elementor-col-33 elementor-top-column elementor-element elementor-element-7a01aa2\" data-id=\"7a01aa2\" data-element_type=\"column\" data-e-type=\"column\">\n\t\t\t<div class=\"elementor-widget-wrap elementor-element-populated\">\n\t\t\t\t\t\t<div class=\"elementor-element elementor-element-90f9ef7 elementor-widget elementor-widget-image\" data-id=\"90f9ef7\" data-element_type=\"widget\" data-e-type=\"widget\" data-widget_type=\"image.default\">\n\t\t\t\t<div class=\"elementor-widget-container\">\n\t\t\t\t\t\t\t\t\t\t\t\t\t\t\t\t<a href=\"https:\/\/karrierirodabutor.hu\/lakossagi-butorok\/furdo\/\">\n\t\t\t\t\t\t\t<img decoding=\"async\" src=\"https:\/\/karrierirodabutor.hu\/wp-content\/uploads\/elementor\/thumbs\/solo-sparta-33759-pg04r9chvuys6qe8a3ughymeo43d89844dfj558vo0.jpg\" title=\"solo-sparta-33759\" alt=\"solo-sparta-33759\" loading=\"lazy\" \/>\t\t\t\t\t\t\t\t<\/a>\n\t\t\t\t\t\t\t\t\t\t\t\t\t\t\t<\/div>\n\t\t\t\t<\/div>\n\t\t\t\t<div class=\"elementor-element elementor-element-c8d6975 elementor-widget elementor-widget-text-editor\" data-id=\"c8d6975\" data-element_type=\"widget\" data-e-type=\"widget\" data-widget_type=\"text-editor.default\">\n\t\t\t\t<div class=\"elementor-widget-container\">\n\t\t\t\t\t\t\t\t\t<p style=\"text-align: center;\"><span style=\"font-family: georgia, palatino, serif;\"><a href=\"https:\/\/karrierirodabutor.hu\/lakossagi-butorok\/furdo\/\"><span style=\"font-size: 14pt; color: #ffffff;\">F\u00fcrd\u0151szoba<\/span><\/a><\/span><\/p>\t\t\t\t\t\t\t\t<\/div>\n\t\t\t\t<\/div>\n\t\t\t\t\t<\/div>\n\t\t<\/div>\n\t\t\t\t<div class=\"elementor-column elementor-col-33 elementor-top-column elementor-element elementor-element-0714c1a\" data-id=\"0714c1a\" data-element_type=\"column\" data-e-type=\"column\">\n\t\t\t<div class=\"elementor-widget-wrap elementor-element-populated\">\n\t\t\t\t\t\t<div class=\"elementor-element elementor-element-65c0c64 elementor-widget elementor-widget-image\" data-id=\"65c0c64\" data-element_type=\"widget\" data-e-type=\"widget\" data-widget_type=\"image.default\">\n\t\t\t\t<div class=\"elementor-widget-container\">\n\t\t\t\t\t\t\t\t\t\t\t\t\t\t\t\t<a href=\"https:\/\/karrierirodabutor.hu\/lakossagi-butorok\/gardrob\/\">\n\t\t\t\t\t\t\t<img decoding=\"async\" src=\"https:\/\/karrierirodabutor.hu\/wp-content\/uploads\/elementor\/thumbs\/DE-grande-gardr\u00f3b-3-pg04aqcnpqca1kehsgnm5mrmn7k0vum0ukh6czr32o.jpg\" title=\"DE-grande-gardr\u00f3b-3\" alt=\"DE-grande-gardr\u00f3b-3\" loading=\"lazy\" \/>\t\t\t\t\t\t\t\t<\/a>\n\t\t\t\t\t\t\t\t\t\t\t\t\t\t\t<\/div>\n\t\t\t\t<\/div>\n\t\t\t\t<div class=\"elementor-element elementor-element-9519f76 elementor-widget elementor-widget-text-editor\" data-id=\"9519f76\" data-element_type=\"widget\" data-e-type=\"widget\" data-widget_type=\"text-editor.default\">\n\t\t\t\t<div class=\"elementor-widget-container\">\n\t\t\t\t\t\t\t\t\t<p style=\"text-align: center;\"><span style=\"font-family: georgia, palatino, serif;\"><a href=\"https:\/\/karrierirodabutor.hu\/lakossagi-butorok\/gardrob\/\"><span style=\"font-size: 14pt; color: #ffffff;\">Gardr\u00f3b \u00e9s el\u0151szoba<\/span><\/a><\/span><\/p>\t\t\t\t\t\t\t\t<\/div>\n\t\t\t\t<\/div>\n\t\t\t\t\t<\/div>\n\t\t<\/div>\n\t\t\t\t<div class=\"elementor-column elementor-col-33 elementor-top-column elementor-element elementor-element-41bb3b5\" data-id=\"41bb3b5\" data-element_type=\"column\" data-e-type=\"column\">\n\t\t\t<div class=\"elementor-widget-wrap elementor-element-populated\">\n\t\t\t\t\t\t<div class=\"elementor-element elementor-element-79910b5 elementor-widget elementor-widget-image\" data-id=\"79910b5\" data-element_type=\"widget\" data-e-type=\"widget\" data-widget_type=\"image.default\">\n\t\t\t\t<div class=\"elementor-widget-container\">\n\t\t\t\t\t\t\t\t\t\t\t\t\t\t\t\t<a href=\"https:\/\/karrierirodabutor.hu\/lakossagi-butorok\/ulogarnitura\/\">\n\t\t\t\t\t\t\t<img decoding=\"async\" src=\"https:\/\/karrierirodabutor.hu\/wp-content\/uploads\/elementor\/thumbs\/allegro_kanizsa_trend-pg03ulgee492qjua0hk6cpcrj336qwjwmpb3rzodw0.jpg\" title=\"allegro_kanizsa_trend\" alt=\"allegro_kanizsa_trend\" loading=\"lazy\" \/>\t\t\t\t\t\t\t\t<\/a>\n\t\t\t\t\t\t\t\t\t\t\t\t\t\t\t<\/div>\n\t\t\t\t<\/div>\n\t\t\t\t<div class=\"elementor-element elementor-element-10c5162 elementor-widget elementor-widget-text-editor\" data-id=\"10c5162\" data-element_type=\"widget\" data-e-type=\"widget\" data-widget_type=\"text-editor.default\">\n\t\t\t\t<div class=\"elementor-widget-container\">\n\t\t\t\t\t\t\t\t\t<p style=\"text-align: center;\"><span style=\"font-family: georgia, palatino, serif;\"><a href=\"https:\/\/karrierirodabutor.hu\/lakossagi-butorok\/ulogarnitura\/\"><span style=\"font-size: 14pt; color: #ffffff;\">\u00dcl\u0151garnit\u00fara<\/span><\/a><\/span><\/p>\t\t\t\t\t\t\t\t<\/div>\n\t\t\t\t<\/div>\n\t\t\t\t\t<\/div>\n\t\t<\/div>\n\t\t\t\t\t<\/div>\n\t\t<\/section>\n\t\t\t\t<section class=\"elementor-section elementor-top-section elementor-element elementor-element-9820d84 elementor-section-boxed elementor-section-height-default elementor-section-height-default\" data-id=\"9820d84\" data-element_type=\"section\" data-e-type=\"section\">\n\t\t\t\t\t\t<div class=\"elementor-container elementor-column-gap-default\">\n\t\t\t\t\t<div class=\"elementor-column elementor-col-33 elementor-top-column elementor-element elementor-element-cb875ee\" data-id=\"cb875ee\" data-element_type=\"column\" data-e-type=\"column\">\n\t\t\t<div class=\"elementor-widget-wrap elementor-element-populated\">\n\t\t\t\t\t\t<div class=\"elementor-element elementor-element-325719f elementor-widget elementor-widget-image\" data-id=\"325719f\" data-element_type=\"widget\" data-e-type=\"widget\" data-widget_type=\"image.default\">\n\t\t\t\t<div class=\"elementor-widget-container\">\n\t\t\t\t\t\t\t\t\t\t\t\t\t\t\t\t<a href=\"https:\/\/karrierirodabutor.hu\/lakossagi-butorok\/halo\/\">\n\t\t\t\t\t\t\t<img decoding=\"async\" src=\"https:\/\/karrierirodabutor.hu\/wp-content\/uploads\/elementor\/thumbs\/idill-kategoria-pg04g3zetlpch8l8dscrf9wl0l1mxhyq96v77zrzgw.jpg\" title=\"idill-kategoria\" alt=\"idill-kategoria\" loading=\"lazy\" \/>\t\t\t\t\t\t\t\t<\/a>\n\t\t\t\t\t\t\t\t\t\t\t\t\t\t\t<\/div>\n\t\t\t\t<\/div>\n\t\t\t\t<div class=\"elementor-element elementor-element-5765b81 elementor-widget elementor-widget-text-editor\" data-id=\"5765b81\" data-element_type=\"widget\" data-e-type=\"widget\" data-widget_type=\"text-editor.default\">\n\t\t\t\t<div class=\"elementor-widget-container\">\n\t\t\t\t\t\t\t\t\t<p style=\"text-align: center;\"><span style=\"font-family: georgia, palatino, serif;\"><a href=\"https:\/\/karrierirodabutor.hu\/lakossagi-butorok\/halo\/\"><span style=\"font-size: 14pt; color: #ffffff;\">H\u00e1l\u00f3 \u00e9s gyerekszoba<\/span><\/a><\/span><\/p>\t\t\t\t\t\t\t\t<\/div>\n\t\t\t\t<\/div>\n\t\t\t\t\t<\/div>\n\t\t<\/div>\n\t\t\t\t<div class=\"elementor-column elementor-col-33 elementor-top-column elementor-element elementor-element-62e9f98\" data-id=\"62e9f98\" data-element_type=\"column\" data-e-type=\"column\">\n\t\t\t<div class=\"elementor-widget-wrap elementor-element-populated\">\n\t\t\t\t\t\t<div class=\"elementor-element elementor-element-5e5a0ec elementor-widget elementor-widget-image\" data-id=\"5e5a0ec\" data-element_type=\"widget\" data-e-type=\"widget\" data-widget_type=\"image.default\">\n\t\t\t\t<div class=\"elementor-widget-container\">\n\t\t\t\t\t\t\t\t\t\t\t\t\t\t\t\t<a href=\"https:\/\/karrierirodabutor.hu\/lakossagi-butorok\/konyha\/\">\n\t\t\t\t\t\t\t<img decoding=\"async\" src=\"https:\/\/karrierirodabutor.hu\/wp-content\/uploads\/elementor\/thumbs\/zill_uj-pg04us8pihshq39wp4p3cklmv4px3e7vlti2xi0qc0.jpg\" title=\"image description\" alt=\"image description\" loading=\"lazy\" \/>\t\t\t\t\t\t\t\t<\/a>\n\t\t\t\t\t\t\t\t\t\t\t\t\t\t\t<\/div>\n\t\t\t\t<\/div>\n\t\t\t\t<div class=\"elementor-element elementor-element-7172552 elementor-widget elementor-widget-text-editor\" data-id=\"7172552\" data-element_type=\"widget\" data-e-type=\"widget\" data-widget_type=\"text-editor.default\">\n\t\t\t\t<div class=\"elementor-widget-container\">\n\t\t\t\t\t\t\t\t\t<p style=\"text-align: center;\"><span style=\"font-family: georgia, palatino, serif;\"><a href=\"https:\/\/karrierirodabutor.hu\/lakossagi-butorok\/konyha\/\"><span style=\"font-size: 14pt; color: #ffffff;\">\u00c9tkez\u0151<\/span><\/a><\/span><\/p>\t\t\t\t\t\t\t\t<\/div>\n\t\t\t\t<\/div>\n\t\t\t\t\t<\/div>\n\t\t<\/div>\n\t\t\t\t<div class=\"elementor-column elementor-col-33 elementor-top-column elementor-element elementor-element-9683aef\" data-id=\"9683aef\" data-element_type=\"column\" data-e-type=\"column\">\n\t\t\t<div class=\"elementor-widget-wrap elementor-element-populated\">\n\t\t\t\t\t\t<div class=\"elementor-element elementor-element-f3d86b9 elementor-widget elementor-widget-image\" data-id=\"f3d86b9\" data-element_type=\"widget\" data-e-type=\"widget\" data-widget_type=\"image.default\">\n\t\t\t\t<div class=\"elementor-widget-container\">\n\t\t\t\t\t\t\t\t\t\t\t\t\t\t\t\t<a href=\"https:\/\/karrierirodabutor.hu\/lakossagi-butorok\/nappali\/\">\n\t\t\t\t\t\t\t<img decoding=\"async\" src=\"https:\/\/karrierirodabutor.hu\/wp-content\/uploads\/elementor\/thumbs\/202044_hu_download_201761122147911-pg043jv1iaifcstypux7lxzva8y3333u712ndwecls.jpg\" title=\"202044_hu_download_201761122147911\" alt=\"202044_hu_download_201761122147911\" loading=\"lazy\" \/>\t\t\t\t\t\t\t\t<\/a>\n\t\t\t\t\t\t\t\t\t\t\t\t\t\t\t<\/div>\n\t\t\t\t<\/div>\n\t\t\t\t<div class=\"elementor-element elementor-element-05213aa elementor-widget elementor-widget-text-editor\" data-id=\"05213aa\" data-element_type=\"widget\" data-e-type=\"widget\" data-widget_type=\"text-editor.default\">\n\t\t\t\t<div class=\"elementor-widget-container\">\n\t\t\t\t\t\t\t\t\t<p style=\"text-align: center;\"><span style=\"font-family: georgia, palatino, serif;\"><a href=\"https:\/\/karrierirodabutor.hu\/lakossagi-butorok\/nappali\/\"><span style=\"font-size: 14pt; color: #ffffff;\">Nappali<\/span><\/a><\/span><\/p>\t\t\t\t\t\t\t\t<\/div>\n\t\t\t\t<\/div>\n\t\t\t\t\t<\/div>\n\t\t<\/div>\n\t\t\t\t\t<\/div>\n\t\t<\/section>\n\t\t\t\t<section class=\"elementor-section elementor-top-section elementor-element elementor-element-5aca168 elementor-section-boxed elementor-section-height-default elementor-section-height-default\" data-id=\"5aca168\" data-element_type=\"section\" data-e-type=\"section\">\n\t\t\t\t\t\t<div class=\"elementor-container elementor-column-gap-default\">\n\t\t\t\t\t<div class=\"elementor-column elementor-col-100 elementor-top-column elementor-element elementor-element-54f0b46\" data-id=\"54f0b46\" data-element_type=\"column\" data-e-type=\"column\">\n\t\t\t<div class=\"elementor-widget-wrap elementor-element-populated\">\n\t\t\t\t\t\t<div class=\"elementor-element elementor-element-0821d65 elementor-widget elementor-widget-spacer\" data-id=\"0821d65\" data-element_type=\"widget\" data-e-type=\"widget\" data-widget_type=\"spacer.default\">\n\t\t\t\t<div class=\"elementor-widget-container\">\n\t\t\t\t\t\t\t<div class=\"elementor-spacer\">\n\t\t\t<div class=\"elementor-spacer-inner\"><\/div>\n\t\t<\/div>\n\t\t\t\t\t\t<\/div>\n\t\t\t\t<\/div>\n\t\t\t\t\t<\/div>\n\t\t<\/div>\n\t\t\t\t\t<\/div>\n\t\t<\/section>\n\t\t\t\t<\/div>\n\t\t","protected":false},"excerpt":{"rendered":"<p>Bad Kleiderschrank Sofa Schlafzimmer und Kindergarten Speisezimmer Wohnzimmer<\/p>\n","protected":false},"author":1,"featured_media":0,"parent":0,"menu_order":0,"comment_status":"closed","ping_status":"closed","template":"elementor_header_footer","meta":{"footnotes":""},"class_list":["post-11821","page","type-page","status-publish","hentry"],"yoast_head":"<!-- This site is optimized with the Yoast SEO plugin v27.4 - https:\/\/yoast.com\/product\/yoast-seo-wordpress\/ -->\n<title>Wohnm\u00f6bel - KARRIER B\u00daTOR Kft.<\/title>\n<meta name=\"robots\" content=\"index, follow, max-snippet:-1, max-image-preview:large, max-video-preview:-1\" \/>\n<link rel=\"canonical\" href=\"https:\/\/karrierirodabutor.hu\/de\/lakossagi-butorok\/\" \/>\n<meta property=\"og:locale\" content=\"de_DE\" \/>\n<meta property=\"og:type\" content=\"article\" \/>\n<meta property=\"og:title\" content=\"Wohnm\u00f6bel - KARRIER B\u00daTOR Kft.\" \/>\n<meta property=\"og:description\" content=\"Bad Kleiderschrank Sofa Schlafzimmer und Kindergarten Speisezimmer Wohnzimmer\" \/>\n<meta property=\"og:url\" content=\"https:\/\/karrierirodabutor.hu\/de\/lakossagi-butorok\/\" \/>\n<meta property=\"og:site_name\" content=\"KARRIER B\u00daTOR Kft.\" \/>\n<meta property=\"article:modified_time\" content=\"2020-01-08T14:59:47+00:00\" \/>\n<meta property=\"og:image\" content=\"https:\/\/karrierirodabutor.hu\/wp-content\/uploads\/elementor\/thumbs\/solo-sparta-33759-o99j4kgapmr0zxf3n3kb1nglbvuhmxhawlbv4khy6o.jpg\" \/>\n<script type=\"application\/ld+json\" class=\"yoast-schema-graph\">{\"@context\":\"https:\\\/\\\/schema.org\",\"@graph\":[{\"@type\":\"WebPage\",\"@id\":\"https:\\\/\\\/karrierirodabutor.hu\\\/de\\\/lakossagi-butorok\\\/\",\"url\":\"https:\\\/\\\/karrierirodabutor.hu\\\/de\\\/lakossagi-butorok\\\/\",\"name\":\"Wohnm\u00f6bel - KARRIER B\u00daTOR Kft.\",\"isPartOf\":{\"@id\":\"https:\\\/\\\/karrierirodabutor.hu\\\/#website\"},\"primaryImageOfPage\":{\"@id\":\"https:\\\/\\\/karrierirodabutor.hu\\\/de\\\/lakossagi-butorok\\\/#primaryimage\"},\"image\":{\"@id\":\"https:\\\/\\\/karrierirodabutor.hu\\\/de\\\/lakossagi-butorok\\\/#primaryimage\"},\"thumbnailUrl\":\"https:\\\/\\\/karrierirodabutor.hu\\\/wp-content\\\/uploads\\\/elementor\\\/thumbs\\\/solo-sparta-33759-o99j4kgapmr0zxf3n3kb1nglbvuhmxhawlbv4khy6o.jpg\",\"datePublished\":\"2018-09-21T11:26:50+00:00\",\"dateModified\":\"2020-01-08T14:59:47+00:00\",\"inLanguage\":\"de\",\"potentialAction\":[{\"@type\":\"ReadAction\",\"target\":[\"https:\\\/\\\/karrierirodabutor.hu\\\/de\\\/lakossagi-butorok\\\/\"]}]},{\"@type\":\"ImageObject\",\"inLanguage\":\"de\",\"@id\":\"https:\\\/\\\/karrierirodabutor.hu\\\/de\\\/lakossagi-butorok\\\/#primaryimage\",\"url\":\"https:\\\/\\\/karrierirodabutor.hu\\\/wp-content\\\/uploads\\\/elementor\\\/thumbs\\\/solo-sparta-33759-o99j4kgapmr0zxf3n3kb1nglbvuhmxhawlbv4khy6o.jpg\",\"contentUrl\":\"https:\\\/\\\/karrierirodabutor.hu\\\/wp-content\\\/uploads\\\/elementor\\\/thumbs\\\/solo-sparta-33759-o99j4kgapmr0zxf3n3kb1nglbvuhmxhawlbv4khy6o.jpg\"},{\"@type\":\"WebSite\",\"@id\":\"https:\\\/\\\/karrierirodabutor.hu\\\/#website\",\"url\":\"https:\\\/\\\/karrierirodabutor.hu\\\/\",\"name\":\"KARRIER B\u00daTOR Kft.\",\"description\":\"KARRIER B\u00daTOR Kft.\",\"potentialAction\":[{\"@type\":\"SearchAction\",\"target\":{\"@type\":\"EntryPoint\",\"urlTemplate\":\"https:\\\/\\\/karrierirodabutor.hu\\\/?s={search_term_string}\"},\"query-input\":{\"@type\":\"PropertyValueSpecification\",\"valueRequired\":true,\"valueName\":\"search_term_string\"}}],\"inLanguage\":\"de\"}]}<\/script>\n<!-- \/ Yoast SEO plugin. -->","yoast_head_json":{"title":"Wohnm\u00f6bel - KARRIER B\u00daTOR Kft.","robots":{"index":"index","follow":"follow","max-snippet":"max-snippet:-1","max-image-preview":"max-image-preview:large","max-video-preview":"max-video-preview:-1"},"canonical":"https:\/\/karrierirodabutor.hu\/de\/lakossagi-butorok\/","og_locale":"de_DE","og_type":"article","og_title":"Wohnm\u00f6bel - KARRIER B\u00daTOR Kft.","og_description":"Bad Kleiderschrank Sofa Schlafzimmer und Kindergarten Speisezimmer Wohnzimmer","og_url":"https:\/\/karrierirodabutor.hu\/de\/lakossagi-butorok\/","og_site_name":"KARRIER B\u00daTOR Kft.","article_modified_time":"2020-01-08T14:59:47+00:00","og_image":[{"url":"https:\/\/karrierirodabutor.hu\/wp-content\/uploads\/elementor\/thumbs\/solo-sparta-33759-o99j4kgapmr0zxf3n3kb1nglbvuhmxhawlbv4khy6o.jpg","type":"","width":"","height":""}],"schema":{"@context":"https:\/\/schema.org","@graph":[{"@type":"WebPage","@id":"https:\/\/karrierirodabutor.hu\/de\/lakossagi-butorok\/","url":"https:\/\/karrierirodabutor.hu\/de\/lakossagi-butorok\/","name":"Wohnm\u00f6bel - KARRIER B\u00daTOR Kft.","isPartOf":{"@id":"https:\/\/karrierirodabutor.hu\/#website"},"primaryImageOfPage":{"@id":"https:\/\/karrierirodabutor.hu\/de\/lakossagi-butorok\/#primaryimage"},"image":{"@id":"https:\/\/karrierirodabutor.hu\/de\/lakossagi-butorok\/#primaryimage"},"thumbnailUrl":"https:\/\/karrierirodabutor.hu\/wp-content\/uploads\/elementor\/thumbs\/solo-sparta-33759-o99j4kgapmr0zxf3n3kb1nglbvuhmxhawlbv4khy6o.jpg","datePublished":"2018-09-21T11:26:50+00:00","dateModified":"2020-01-08T14:59:47+00:00","inLanguage":"de","potentialAction":[{"@type":"ReadAction","target":["https:\/\/karrierirodabutor.hu\/de\/lakossagi-butorok\/"]}]},{"@type":"ImageObject","inLanguage":"de","@id":"https:\/\/karrierirodabutor.hu\/de\/lakossagi-butorok\/#primaryimage","url":"https:\/\/karrierirodabutor.hu\/wp-content\/uploads\/elementor\/thumbs\/solo-sparta-33759-o99j4kgapmr0zxf3n3kb1nglbvuhmxhawlbv4khy6o.jpg","contentUrl":"https:\/\/karrierirodabutor.hu\/wp-content\/uploads\/elementor\/thumbs\/solo-sparta-33759-o99j4kgapmr0zxf3n3kb1nglbvuhmxhawlbv4khy6o.jpg"},{"@type":"WebSite","@id":"https:\/\/karrierirodabutor.hu\/#website","url":"https:\/\/karrierirodabutor.hu\/","name":"KARRIER B\u00daTOR Kft.","description":"KARRIER B\u00daTOR Kft.","potentialAction":[{"@type":"SearchAction","target":{"@type":"EntryPoint","urlTemplate":"https:\/\/karrierirodabutor.hu\/?s={search_term_string}"},"query-input":{"@type":"PropertyValueSpecification","valueRequired":true,"valueName":"search_term_string"}}],"inLanguage":"de"}]}},"_links":{"self":[{"href":"https:\/\/karrierirodabutor.hu\/de\/wp-json\/wp\/v2\/pages\/11821","targetHints":{"allow":["GET"]}}],"collection":[{"href":"https:\/\/karrierirodabutor.hu\/de\/wp-json\/wp\/v2\/pages"}],"about":[{"href":"https:\/\/karrierirodabutor.hu\/de\/wp-json\/wp\/v2\/types\/page"}],"author":[{"embeddable":true,"href":"https:\/\/karrierirodabutor.hu\/de\/wp-json\/wp\/v2\/users\/1"}],"replies":[{"embeddable":true,"href":"https:\/\/karrierirodabutor.hu\/de\/wp-json\/wp\/v2\/comments?post=11821"}],"version-history":[{"count":21,"href":"https:\/\/karrierirodabutor.hu\/de\/wp-json\/wp\/v2\/pages\/11821\/revisions"}],"predecessor-version":[{"id":20542,"href":"https:\/\/karrierirodabutor.hu\/de\/wp-json\/wp\/v2\/pages\/11821\/revisions\/20542"}],"wp:attachment":[{"href":"https:\/\/karrierirodabutor.hu\/de\/wp-json\/wp\/v2\/media?parent=11821"}],"curies":[{"name":"wp","href":"https:\/\/api.w.org\/{rel}","templated":true}]}}