{"id":11851,"date":"2018-09-24T10:08:41","date_gmt":"2018-09-24T08:08:41","guid":{"rendered":"https:\/\/karrierirodabutor.hu\/?page_id=11851"},"modified":"2021-07-13T12:12:48","modified_gmt":"2021-07-13T10:12:48","slug":"arnyekolastechnika","status":"publish","type":"page","link":"https:\/\/karrierirodabutor.hu\/de\/irodabutorok\/arnyekolastechnika\/","title":{"rendered":"Abschirmtechnik"},"content":{"rendered":"\t\t<div data-elementor-type=\"wp-post\" data-elementor-id=\"11851\" class=\"elementor elementor-11851\">\n\t\t\t\t\t\t<section class=\"elementor-section elementor-top-section elementor-element elementor-element-38f0165 elementor-section-boxed elementor-section-height-default elementor-section-height-default\" data-id=\"38f0165\" data-element_type=\"section\" data-e-type=\"section\">\n\t\t\t\t\t\t<div class=\"elementor-container elementor-column-gap-default\">\n\t\t\t\t\t<div class=\"elementor-column elementor-col-100 elementor-top-column elementor-element elementor-element-62a5f31\" data-id=\"62a5f31\" data-element_type=\"column\" data-e-type=\"column\">\n\t\t\t<div class=\"elementor-widget-wrap elementor-element-populated\">\n\t\t\t\t\t\t\t<\/div>\n\t\t<\/div>\n\t\t\t\t\t<\/div>\n\t\t<\/section>\n\t\t\t\t<section class=\"elementor-section elementor-top-section elementor-element elementor-element-535c69ba elementor-section-full_width elementor-section-height-full elementor-section-items-stretch elementor-section-content-middle elementor-section-height-default\" data-id=\"535c69ba\" data-element_type=\"section\" data-e-type=\"section\" data-settings=\"{&quot;background_background&quot;:&quot;classic&quot;}\">\n\t\t\t\t\t\t<div class=\"elementor-container elementor-column-gap-no\">\n\t\t\t\t\t<div class=\"elementor-column elementor-col-66 elementor-top-column elementor-element elementor-element-6d216cae\" data-id=\"6d216cae\" data-element_type=\"column\" data-e-type=\"column\">\n\t\t\t<div class=\"elementor-widget-wrap elementor-element-populated\">\n\t\t\t\t\t\t<div class=\"elementor-element elementor-element-3322331e elementor-arrows-position-inside elementor-pagination-position-outside elementor-widget elementor-widget-image-carousel\" data-id=\"3322331e\" data-element_type=\"widget\" data-e-type=\"widget\" data-settings=\"{&quot;slides_to_show&quot;:&quot;1&quot;,&quot;navigation&quot;:&quot;both&quot;,&quot;autoplay&quot;:&quot;yes&quot;,&quot;pause_on_hover&quot;:&quot;yes&quot;,&quot;pause_on_interaction&quot;:&quot;yes&quot;,&quot;autoplay_speed&quot;:5000,&quot;infinite&quot;:&quot;yes&quot;,&quot;effect&quot;:&quot;slide&quot;,&quot;speed&quot;:500}\" data-widget_type=\"image-carousel.default\">\n\t\t\t\t<div class=\"elementor-widget-container\">\n\t\t\t\t\t\t\t<div class=\"elementor-image-carousel-wrapper swiper\" role=\"region\" aria-roledescription=\"carousel\" aria-label=\"K\u00e9p k\u00f6rhinta\" dir=\"ltr\">\n\t\t\t<div class=\"elementor-image-carousel swiper-wrapper\" aria-live=\"off\">\n\t\t\t\t\t\t\t\t<div class=\"swiper-slide\" role=\"group\" aria-roledescription=\"slide\" aria-label=\"1 \/ 11\"><figure class=\"swiper-slide-inner\"><img decoding=\"async\" class=\"swiper-slide-image\" src=\"https:\/\/karrierirodabutor.hu\/wp-content\/uploads\/2019\/07\/Szalagfuggony_fokepernyo-600x600.jpg\" alt=\"Szalagf\u00fcgg\u00f6ny\" \/><\/figure><\/div><div class=\"swiper-slide\" role=\"group\" aria-roledescription=\"slide\" aria-label=\"2 \/ 11\"><figure class=\"swiper-slide-inner\"><img decoding=\"async\" class=\"swiper-slide-image\" src=\"https:\/\/karrierirodabutor.hu\/wp-content\/uploads\/2019\/07\/Szunyoghalo_fokepernyo-600x600.jpg\" alt=\"Sz\u00fanyogh\u00e1l\u00f3\" \/><\/figure><\/div><div class=\"swiper-slide\" role=\"group\" aria-roledescription=\"slide\" aria-label=\"3 \/ 11\"><figure class=\"swiper-slide-inner\"><img decoding=\"async\" class=\"swiper-slide-image\" src=\"https:\/\/karrierirodabutor.hu\/wp-content\/uploads\/2019\/07\/Roletta_fokepernyo-600x600.jpg\" alt=\"Roletta\" \/><\/figure><\/div><div class=\"swiper-slide\" role=\"group\" aria-roledescription=\"slide\" aria-label=\"4 \/ 11\"><figure class=\"swiper-slide-inner\"><img decoding=\"async\" class=\"swiper-slide-image\" src=\"https:\/\/karrierirodabutor.hu\/wp-content\/uploads\/2019\/07\/Reluxa_fokepernyo-600x600.jpg\" alt=\"Reluxa_fokepernyo\" \/><\/figure><\/div><div class=\"swiper-slide\" role=\"group\" aria-roledescription=\"slide\" aria-label=\"5 \/ 11\"><figure class=\"swiper-slide-inner\"><img decoding=\"async\" class=\"swiper-slide-image\" src=\"https:\/\/karrierirodabutor.hu\/wp-content\/uploads\/2019\/07\/Allvanyos_napellenzo-1-600x600.jpg\" alt=\"\u00c1llv\u00e1nyos napellenz\u0151\" \/><\/figure><\/div><div class=\"swiper-slide\" role=\"group\" aria-roledescription=\"slide\" aria-label=\"6 \/ 11\"><figure class=\"swiper-slide-inner\"><img decoding=\"async\" class=\"swiper-slide-image\" src=\"https:\/\/karrierirodabutor.hu\/wp-content\/uploads\/2019\/07\/Ollokaros_napellenzo_fokepernyo-600x600.jpg\" alt=\"Oll\u00f3karos napellenz\u0151\" \/><\/figure><\/div><div class=\"swiper-slide\" role=\"group\" aria-roledescription=\"slide\" aria-label=\"7 \/ 11\"><figure class=\"swiper-slide-inner\"><img decoding=\"async\" class=\"swiper-slide-image\" src=\"https:\/\/karrierirodabutor.hu\/wp-content\/uploads\/2019\/07\/Biztonsagi_racs_fokepernyo-600x600.jpg\" alt=\"Biztons\u00e1gi r\u00e1cs\" \/><\/figure><\/div><div class=\"swiper-slide\" role=\"group\" aria-roledescription=\"slide\" aria-label=\"8 \/ 11\"><figure class=\"swiper-slide-inner\"><img decoding=\"async\" class=\"swiper-slide-image\" src=\"https:\/\/karrierirodabutor.hu\/wp-content\/uploads\/2019\/07\/Redony_fokepernyo-600x600.jpg\" alt=\"Red\u0151ny\" \/><\/figure><\/div><div class=\"swiper-slide\" role=\"group\" aria-roledescription=\"slide\" aria-label=\"9 \/ 11\"><figure class=\"swiper-slide-inner\"><img decoding=\"async\" class=\"swiper-slide-image\" src=\"https:\/\/karrierirodabutor.hu\/wp-content\/uploads\/2019\/07\/Egyeb_termekek_fokepernyo-600x600.jpg\" alt=\"Egyeb_termekek_fokepernyo\" \/><\/figure><\/div><div class=\"swiper-slide\" role=\"group\" aria-roledescription=\"slide\" aria-label=\"10 \/ 11\"><figure class=\"swiper-slide-inner\"><img decoding=\"async\" class=\"swiper-slide-image\" src=\"https:\/\/karrierirodabutor.hu\/wp-content\/uploads\/2019\/07\/Zsaluzia_fokepernyo-600x600.jpg\" alt=\"Zsaluzia_fokepernyo\" \/><\/figure><\/div><div class=\"swiper-slide\" role=\"group\" aria-roledescription=\"slide\" aria-label=\"11 \/ 11\"><figure class=\"swiper-slide-inner\"><img decoding=\"async\" class=\"swiper-slide-image\" src=\"https:\/\/karrierirodabutor.hu\/wp-content\/uploads\/2019\/07\/Kulteri_arnyekolok_fokepernyo-600x600.jpg\" alt=\"K\u00fclt\u00e9ri \u00e1rny\u00e9kol\u00f3k\" \/><\/figure><\/div>\t\t\t<\/div>\n\t\t\t\t\t\t\t\t\t\t\t\t<div class=\"elementor-swiper-button elementor-swiper-button-prev\" role=\"button\" tabindex=\"0\">\n\t\t\t\t\t\t<i aria-hidden=\"true\" class=\"eicon-chevron-left\"><\/i>\t\t\t\t\t<\/div>\n\t\t\t\t\t<div class=\"elementor-swiper-button elementor-swiper-button-next\" role=\"button\" tabindex=\"0\">\n\t\t\t\t\t\t<i aria-hidden=\"true\" class=\"eicon-chevron-right\"><\/i>\t\t\t\t\t<\/div>\n\t\t\t\t\n\t\t\t\t\t\t\t\t\t<div class=\"swiper-pagination\"><\/div>\n\t\t\t\t\t\t\t\t\t<\/div>\n\t\t\t\t\t\t<\/div>\n\t\t\t\t<\/div>\n\t\t\t\t\t<\/div>\n\t\t<\/div>\n\t\t\t\t<div class=\"elementor-column elementor-col-33 elementor-top-column elementor-element elementor-element-3d3b9817\" data-id=\"3d3b9817\" data-element_type=\"column\" data-e-type=\"column\">\n\t\t\t<div class=\"elementor-widget-wrap elementor-element-populated\">\n\t\t\t\t\t\t<div class=\"elementor-element elementor-element-59b9a9c9 elementor-widget elementor-widget-heading\" data-id=\"59b9a9c9\" data-element_type=\"widget\" data-e-type=\"widget\" data-widget_type=\"heading.default\">\n\t\t\t\t<div class=\"elementor-widget-container\">\n\t\t\t\t\t<h2 class=\"elementor-heading-title elementor-size-default\">\u00c1rny\u00e9kol\u00e1stechnika<\/h2>\t\t\t\t<\/div>\n\t\t\t\t<\/div>\n\t\t\t\t<div class=\"elementor-element elementor-element-379d0754 elementor-widget elementor-widget-text-editor\" data-id=\"379d0754\" data-element_type=\"widget\" data-e-type=\"widget\" data-widget_type=\"text-editor.default\">\n\t\t\t\t<div class=\"elementor-widget-container\">\n\t\t\t\t\t\t\t\t\t<p>Szalagf\u00fcgg\u00f6ny<\/p>\t\t\t\t\t\t\t\t<\/div>\n\t\t\t\t<\/div>\n\t\t\t\t<div class=\"elementor-element elementor-element-53f78f75 elementor-widget elementor-widget-text-editor\" data-id=\"53f78f75\" data-element_type=\"widget\" data-e-type=\"widget\" data-widget_type=\"text-editor.default\">\n\t\t\t\t<div class=\"elementor-widget-container\">\n\t\t\t\t\t\t\t\t\t<p style=\"text-align: left;\"><strong><span style=\"font-size: 12pt; font-family: 'times new roman', times, serif; color: #800000;\">\u00c9rdekli Term\u00e9k\u00fcnk? \u00cdrjon nek\u00fcnk!<\/span><\/strong><\/p>\t\t\t\t\t\t\t\t<\/div>\n\t\t\t\t<\/div>\n\t\t\t\t<div class=\"elementor-element elementor-element-1ceb8251 elementor-widget elementor-widget-text-editor\" data-id=\"1ceb8251\" data-element_type=\"widget\" data-e-type=\"widget\" data-widget_type=\"text-editor.default\">\n\t\t\t\t<div class=\"elementor-widget-container\">\n\t\t\t\t\t\t\t\t\t<p>\n<div class=\"wpcf7 no-js\" id=\"wpcf7-f12087-o1\" lang=\"en-US\" dir=\"ltr\" data-wpcf7-id=\"12087\">\n<div class=\"screen-reader-response\"><p role=\"status\" aria-live=\"polite\" aria-atomic=\"true\"><\/p> <ul><\/ul><\/div>\n<form action=\"\/de\/wp-json\/wp\/v2\/pages\/11851#wpcf7-f12087-o1\" method=\"post\" class=\"wpcf7-form init\" aria-label=\"Contact form\" novalidate=\"novalidate\" data-status=\"init\">\n<fieldset class=\"hidden-fields-container\"><input type=\"hidden\" name=\"_wpcf7\" value=\"12087\" \/><input type=\"hidden\" name=\"_wpcf7_version\" value=\"6.1.5\" \/><input type=\"hidden\" name=\"_wpcf7_locale\" value=\"en_US\" \/><input type=\"hidden\" name=\"_wpcf7_unit_tag\" value=\"wpcf7-f12087-o1\" \/><input type=\"hidden\" name=\"_wpcf7_container_post\" value=\"0\" \/><input type=\"hidden\" name=\"_wpcf7_posted_data_hash\" value=\"\" \/>\n<\/fieldset>\n<p><label> N\u00e9v (K\u00f6telez\u0151)<br \/>\n<span class=\"wpcf7-form-control-wrap\" data-name=\"your-name\"><input size=\"40\" maxlength=\"400\" class=\"wpcf7-form-control wpcf7-text wpcf7-validates-as-required\" aria-required=\"true\" aria-invalid=\"false\" value=\"\" type=\"text\" name=\"your-name\" \/><\/span> <\/label>\n<\/p>\n<p><label> Email (K\u00f6telez\u0151)<br \/>\n<span class=\"wpcf7-form-control-wrap\" data-name=\"your-email\"><input size=\"40\" maxlength=\"400\" class=\"wpcf7-form-control wpcf7-email wpcf7-validates-as-required wpcf7-text wpcf7-validates-as-email\" aria-required=\"true\" aria-invalid=\"false\" value=\"\" type=\"email\" name=\"your-email\" \/><\/span> <\/label>\n<\/p>\n<p><label> T\u00e1rgy<br \/>\n<span class=\"wpcf7-form-control-wrap\" data-name=\"your-subject\"><input size=\"40\" maxlength=\"400\" class=\"wpcf7-form-control wpcf7-text\" aria-invalid=\"false\" value=\"\" type=\"text\" name=\"your-subject\" \/><\/span> <\/label>\n<\/p>\n<p><label> \u00dczenet<br \/>\n<span class=\"wpcf7-form-control-wrap\" data-name=\"your-message\"><textarea cols=\"40\" rows=\"10\" maxlength=\"2000\" class=\"wpcf7-form-control wpcf7-textarea\" aria-invalid=\"false\" name=\"your-message\"><\/textarea><\/span> <\/label>\n<\/p>\n<p><input class=\"wpcf7-form-control wpcf7-submit has-spinner\" type=\"submit\" value=\"K\u00fcld\u00e9s\" \/>\n<\/p><input type='hidden' class='wpcf7-pum' value='{\"closepopup\":false,\"closedelay\":0,\"openpopup\":false,\"openpopup_id\":0}' \/><div class=\"wpcf7-response-output\" aria-hidden=\"true\"><\/div>\n<\/form>\n<\/div>\n<\/p>\t\t\t\t\t\t\t\t<\/div>\n\t\t\t\t<\/div>\n\t\t\t\t\t<\/div>\n\t\t<\/div>\n\t\t\t\t\t<\/div>\n\t\t<\/section>\n\t\t\t\t<\/div>\n\t\t","protected":false},"excerpt":{"rendered":"<p>El\u0151z\u0151 K\u00f6vetkez\u0151 Abschirmtechnik \u00c9rdekli Term\u00e9k\u00fcnk? \u00cdrjon nek\u00fcnk!<\/p>\n","protected":false},"author":1,"featured_media":0,"parent":11819,"menu_order":0,"comment_status":"closed","ping_status":"closed","template":"templates\/template-fullwidth.php","meta":{"footnotes":""},"class_list":["post-11851","page","type-page","status-publish","hentry"],"yoast_head":"<!-- This site is optimized with the Yoast SEO plugin v27.5 - https:\/\/yoast.com\/product\/yoast-seo-wordpress\/ -->\n<title>Abschirmtechnik - KARRIER B\u00daTOR Kft.<\/title>\n<meta name=\"robots\" content=\"index, follow, max-snippet:-1, max-image-preview:large, max-video-preview:-1\" \/>\n<link rel=\"canonical\" href=\"https:\/\/karrierirodabutor.hu\/de\/irodabutorok\/arnyekolastechnika\/\" \/>\n<meta property=\"og:locale\" content=\"de_DE\" \/>\n<meta property=\"og:type\" content=\"article\" \/>\n<meta property=\"og:title\" content=\"Abschirmtechnik - KARRIER B\u00daTOR Kft.\" \/>\n<meta property=\"og:description\" content=\"El\u0151z\u0151 K\u00f6vetkez\u0151 Abschirmtechnik \u00c9rdekli Term\u00e9k\u00fcnk? \u00cdrjon nek\u00fcnk!\" \/>\n<meta property=\"og:url\" content=\"https:\/\/karrierirodabutor.hu\/de\/irodabutorok\/arnyekolastechnika\/\" \/>\n<meta property=\"og:site_name\" content=\"KARRIER B\u00daTOR Kft.\" \/>\n<meta property=\"article:modified_time\" content=\"2021-07-13T10:12:48+00:00\" \/>\n<meta property=\"og:image\" content=\"https:\/\/karrierirodabutor.hu\/wp-content\/uploads\/2019\/07\/Szalagfuggony_fokepernyo-600x600.jpg\" \/>\n<script type=\"application\/ld+json\" class=\"yoast-schema-graph\">{\"@context\":\"https:\\\/\\\/schema.org\",\"@graph\":[{\"@type\":\"WebPage\",\"@id\":\"https:\\\/\\\/karrierirodabutor.hu\\\/de\\\/irodabutorok\\\/arnyekolastechnika\\\/\",\"url\":\"https:\\\/\\\/karrierirodabutor.hu\\\/de\\\/irodabutorok\\\/arnyekolastechnika\\\/\",\"name\":\"Abschirmtechnik - KARRIER B\u00daTOR Kft.\",\"isPartOf\":{\"@id\":\"https:\\\/\\\/karrierirodabutor.hu\\\/#website\"},\"primaryImageOfPage\":{\"@id\":\"https:\\\/\\\/karrierirodabutor.hu\\\/de\\\/irodabutorok\\\/arnyekolastechnika\\\/#primaryimage\"},\"image\":{\"@id\":\"https:\\\/\\\/karrierirodabutor.hu\\\/de\\\/irodabutorok\\\/arnyekolastechnika\\\/#primaryimage\"},\"thumbnailUrl\":\"https:\\\/\\\/karrierirodabutor.hu\\\/wp-content\\\/uploads\\\/2019\\\/07\\\/Szalagfuggony_fokepernyo-600x600.jpg\",\"datePublished\":\"2018-09-24T08:08:41+00:00\",\"dateModified\":\"2021-07-13T10:12:48+00:00\",\"breadcrumb\":{\"@id\":\"https:\\\/\\\/karrierirodabutor.hu\\\/de\\\/irodabutorok\\\/arnyekolastechnika\\\/#breadcrumb\"},\"inLanguage\":\"de\",\"potentialAction\":[{\"@type\":\"ReadAction\",\"target\":[\"https:\\\/\\\/karrierirodabutor.hu\\\/de\\\/irodabutorok\\\/arnyekolastechnika\\\/\"]}]},{\"@type\":\"ImageObject\",\"inLanguage\":\"de\",\"@id\":\"https:\\\/\\\/karrierirodabutor.hu\\\/de\\\/irodabutorok\\\/arnyekolastechnika\\\/#primaryimage\",\"url\":\"https:\\\/\\\/karrierirodabutor.hu\\\/wp-content\\\/uploads\\\/2019\\\/07\\\/Szalagfuggony_fokepernyo-600x600.jpg\",\"contentUrl\":\"https:\\\/\\\/karrierirodabutor.hu\\\/wp-content\\\/uploads\\\/2019\\\/07\\\/Szalagfuggony_fokepernyo-600x600.jpg\"},{\"@type\":\"BreadcrumbList\",\"@id\":\"https:\\\/\\\/karrierirodabutor.hu\\\/de\\\/irodabutorok\\\/arnyekolastechnika\\\/#breadcrumb\",\"itemListElement\":[{\"@type\":\"ListItem\",\"position\":1,\"name\":\"Irodab\u00fatorok\",\"item\":\"https:\\\/\\\/karrierirodabutor.hu\\\/irodabutorok\\\/\"},{\"@type\":\"ListItem\",\"position\":2,\"name\":\"Abschirmtechnik\"}]},{\"@type\":\"WebSite\",\"@id\":\"https:\\\/\\\/karrierirodabutor.hu\\\/#website\",\"url\":\"https:\\\/\\\/karrierirodabutor.hu\\\/\",\"name\":\"KARRIER B\u00daTOR Kft.\",\"description\":\"KARRIER B\u00daTOR Kft.\",\"potentialAction\":[{\"@type\":\"SearchAction\",\"target\":{\"@type\":\"EntryPoint\",\"urlTemplate\":\"https:\\\/\\\/karrierirodabutor.hu\\\/?s={search_term_string}\"},\"query-input\":{\"@type\":\"PropertyValueSpecification\",\"valueRequired\":true,\"valueName\":\"search_term_string\"}}],\"inLanguage\":\"de\"}]}<\/script>\n<!-- \/ Yoast SEO plugin. -->","yoast_head_json":{"title":"Abschirmtechnik - KARRIER B\u00daTOR Kft.","robots":{"index":"index","follow":"follow","max-snippet":"max-snippet:-1","max-image-preview":"max-image-preview:large","max-video-preview":"max-video-preview:-1"},"canonical":"https:\/\/karrierirodabutor.hu\/de\/irodabutorok\/arnyekolastechnika\/","og_locale":"de_DE","og_type":"article","og_title":"Abschirmtechnik - KARRIER B\u00daTOR Kft.","og_description":"El\u0151z\u0151 K\u00f6vetkez\u0151 Abschirmtechnik \u00c9rdekli Term\u00e9k\u00fcnk? \u00cdrjon nek\u00fcnk!","og_url":"https:\/\/karrierirodabutor.hu\/de\/irodabutorok\/arnyekolastechnika\/","og_site_name":"KARRIER B\u00daTOR Kft.","article_modified_time":"2021-07-13T10:12:48+00:00","og_image":[{"url":"https:\/\/karrierirodabutor.hu\/wp-content\/uploads\/2019\/07\/Szalagfuggony_fokepernyo-600x600.jpg","type":"","width":"","height":""}],"schema":{"@context":"https:\/\/schema.org","@graph":[{"@type":"WebPage","@id":"https:\/\/karrierirodabutor.hu\/de\/irodabutorok\/arnyekolastechnika\/","url":"https:\/\/karrierirodabutor.hu\/de\/irodabutorok\/arnyekolastechnika\/","name":"Abschirmtechnik - KARRIER B\u00daTOR Kft.","isPartOf":{"@id":"https:\/\/karrierirodabutor.hu\/#website"},"primaryImageOfPage":{"@id":"https:\/\/karrierirodabutor.hu\/de\/irodabutorok\/arnyekolastechnika\/#primaryimage"},"image":{"@id":"https:\/\/karrierirodabutor.hu\/de\/irodabutorok\/arnyekolastechnika\/#primaryimage"},"thumbnailUrl":"https:\/\/karrierirodabutor.hu\/wp-content\/uploads\/2019\/07\/Szalagfuggony_fokepernyo-600x600.jpg","datePublished":"2018-09-24T08:08:41+00:00","dateModified":"2021-07-13T10:12:48+00:00","breadcrumb":{"@id":"https:\/\/karrierirodabutor.hu\/de\/irodabutorok\/arnyekolastechnika\/#breadcrumb"},"inLanguage":"de","potentialAction":[{"@type":"ReadAction","target":["https:\/\/karrierirodabutor.hu\/de\/irodabutorok\/arnyekolastechnika\/"]}]},{"@type":"ImageObject","inLanguage":"de","@id":"https:\/\/karrierirodabutor.hu\/de\/irodabutorok\/arnyekolastechnika\/#primaryimage","url":"https:\/\/karrierirodabutor.hu\/wp-content\/uploads\/2019\/07\/Szalagfuggony_fokepernyo-600x600.jpg","contentUrl":"https:\/\/karrierirodabutor.hu\/wp-content\/uploads\/2019\/07\/Szalagfuggony_fokepernyo-600x600.jpg"},{"@type":"BreadcrumbList","@id":"https:\/\/karrierirodabutor.hu\/de\/irodabutorok\/arnyekolastechnika\/#breadcrumb","itemListElement":[{"@type":"ListItem","position":1,"name":"Irodab\u00fatorok","item":"https:\/\/karrierirodabutor.hu\/irodabutorok\/"},{"@type":"ListItem","position":2,"name":"Abschirmtechnik"}]},{"@type":"WebSite","@id":"https:\/\/karrierirodabutor.hu\/#website","url":"https:\/\/karrierirodabutor.hu\/","name":"KARRIER B\u00daTOR Kft.","description":"KARRIER B\u00daTOR Kft.","potentialAction":[{"@type":"SearchAction","target":{"@type":"EntryPoint","urlTemplate":"https:\/\/karrierirodabutor.hu\/?s={search_term_string}"},"query-input":{"@type":"PropertyValueSpecification","valueRequired":true,"valueName":"search_term_string"}}],"inLanguage":"de"}]}},"_links":{"self":[{"href":"https:\/\/karrierirodabutor.hu\/de\/wp-json\/wp\/v2\/pages\/11851","targetHints":{"allow":["GET"]}}],"collection":[{"href":"https:\/\/karrierirodabutor.hu\/de\/wp-json\/wp\/v2\/pages"}],"about":[{"href":"https:\/\/karrierirodabutor.hu\/de\/wp-json\/wp\/v2\/types\/page"}],"author":[{"embeddable":true,"href":"https:\/\/karrierirodabutor.hu\/de\/wp-json\/wp\/v2\/users\/1"}],"replies":[{"embeddable":true,"href":"https:\/\/karrierirodabutor.hu\/de\/wp-json\/wp\/v2\/comments?post=11851"}],"version-history":[{"count":45,"href":"https:\/\/karrierirodabutor.hu\/de\/wp-json\/wp\/v2\/pages\/11851\/revisions"}],"predecessor-version":[{"id":23325,"href":"https:\/\/karrierirodabutor.hu\/de\/wp-json\/wp\/v2\/pages\/11851\/revisions\/23325"}],"up":[{"embeddable":true,"href":"https:\/\/karrierirodabutor.hu\/de\/wp-json\/wp\/v2\/pages\/11819"}],"wp:attachment":[{"href":"https:\/\/karrierirodabutor.hu\/de\/wp-json\/wp\/v2\/media?parent=11851"}],"curies":[{"name":"wp","href":"https:\/\/api.w.org\/{rel}","templated":true}]}}