{"id":11867,"date":"2018-09-24T10:11:55","date_gmt":"2018-09-24T08:11:55","guid":{"rendered":"https:\/\/karrierirodabutor.hu\/?page_id=11867"},"modified":"2019-07-21T23:05:52","modified_gmt":"2019-07-21T21:05:52","slug":"vezetoi-asztalok","status":"publish","type":"page","link":"https:\/\/karrierirodabutor.hu\/de\/irodabutorok\/vezetoi-asztalok\/","title":{"rendered":"(Magyar) Vezet\u0151i Asztalok"},"content":{"rendered":"\t\t<div data-elementor-type=\"wp-post\" data-elementor-id=\"11867\" class=\"elementor elementor-11867\">\n\t\t\t\t\t\t<section class=\"elementor-section elementor-top-section elementor-element elementor-element-6781f00 elementor-section-boxed elementor-section-height-default elementor-section-height-default\" data-id=\"6781f00\" data-element_type=\"section\" data-e-type=\"section\">\n\t\t\t\t\t\t<div class=\"elementor-container elementor-column-gap-default\">\n\t\t\t\t\t<div class=\"elementor-column elementor-col-100 elementor-top-column elementor-element elementor-element-990c058\" data-id=\"990c058\" data-element_type=\"column\" data-e-type=\"column\">\n\t\t\t<div class=\"elementor-widget-wrap elementor-element-populated\">\n\t\t\t\t\t\t<div class=\"elementor-element elementor-element-972a4ad elementor-widget elementor-widget-wp-widget-kaya-portfolio-widget\" data-id=\"972a4ad\" data-element_type=\"widget\" data-e-type=\"widget\" data-widget_type=\"wp-widget-kaya-portfolio-widget.default\">\n\t\t\t\t<div class=\"elementor-widget-container\">\n\t\t\t\t\t    <style type=\"text\/css\">\n      .filter-59 a:hover, .filter-59 .active{\n        background-color: #ED4E6E!important;\n        color: #ffffff!important;\n      }\n    <\/style>\n       <div class=\"\">        <div class=\"Portfolio_gallery\">\n        <ul class=\"isotope-container portfolio4 porfolio_items portfolio_extra clearfix\">\n                         <li class=\"all  cat-122\">\n                  <div class=\"innova-portfolio-container\">\n                      \n                <a href=\"https:\/\/karrierirodabutor.hu\/de\/portfolio\/fl4-vezetoi-munkahelyek-extend\/\" target=\"_self\">\n                <img decoding=\"async\" src=\"https:\/\/karrierirodabutor.hu\/wp-content\/uploads\/2019\/07\/extend-vezetoi-fl4-300x300.jpg\" class=\"\" alt=\"\" \/><\/a> \n                                  <div class=\"pf_item_box\" style=\"background-color:#8224e3;\">\n                    <div style=\"color:#232323!important;\">\n                                       <h4 style=\"color:#232323!important;\">(Magyar) FL4 Vezet\u0151i Munkahelyek [EXTEND]<\/h4>\n                  \n                         \n                  <\/div>\n                  <\/div>\n                  \n                  <\/div>\n\n                <\/li>\n                                <li class=\"all  cat-122\">\n                  <div class=\"innova-portfolio-container\">\n                      \n                <a href=\"https:\/\/karrierirodabutor.hu\/de\/portfolio\/fl3-vezetoi-munkahelyek-extend\/\" target=\"_self\">\n                <img decoding=\"async\" src=\"https:\/\/karrierirodabutor.hu\/wp-content\/uploads\/2019\/07\/extend-vezetoi-fl3-300x300.jpg\" class=\"\" alt=\"\" \/><\/a> \n                                  <div class=\"pf_item_box\" style=\"background-color:#1e73be;\">\n                    <div style=\"color:#232323!important;\">\n                                       <h4 style=\"color:#232323!important;\">(Magyar) FL3 Vezet\u0151i Munkahelyek [EXTEND]<\/h4>\n                  \n                         \n                  <\/div>\n                  <\/div>\n                  \n                  <\/div>\n\n                <\/li>\n                                <li class=\"all  cat-122\">\n                  <div class=\"innova-portfolio-container\">\n                      \n                <a href=\"https:\/\/karrierirodabutor.hu\/de\/portfolio\/classic-ava-vezetoi-asztalok-extend\/\" target=\"_self\">\n                <img decoding=\"async\" src=\"https:\/\/karrierirodabutor.hu\/wp-content\/uploads\/2019\/07\/venusz-classic-vezetoi-femlab-6-300x300.jpg\" class=\"\" alt=\"\" \/><\/a> \n                                  <div class=\"pf_item_box\" style=\"background-color:#bcbcbc;\">\n                    <div style=\"color:#232323!important;\">\n                                       <h4 style=\"color:#232323!important;\">(Magyar) Classic AVA Vezet\u0151i Asztalok [EXTEND]<\/h4>\n                  \n                         \n                  <\/div>\n                  <\/div>\n                  \n                  <\/div>\n\n                <\/li>\n                                <li class=\"all  cat-122\">\n                  <div class=\"innova-portfolio-container\">\n                      \n                <a href=\"https:\/\/karrierirodabutor.hu\/de\/portfolio\/lux-vezetoi-asztalok-venusz\/\" target=\"_self\">\n                <img decoding=\"async\" src=\"https:\/\/karrierirodabutor.hu\/wp-content\/uploads\/2019\/07\/venusz-lux-vezetoi-7-300x300.jpg\" class=\"\" alt=\"\" \/><\/a> \n                                  <div class=\"pf_item_box\" style=\"background-color:#dd9933;\">\n                    <div style=\"color:#232323!important;\">\n                                       <h4 style=\"color:#232323!important;\">(Magyar) Lux Vezet\u0151i Asztalok [V\u00c9NUSZ]<\/h4>\n                  \n                         \n                  <\/div>\n                  <\/div>\n                  \n                  <\/div>\n\n                <\/li>\n                                <li class=\"all  cat-122\">\n                  <div class=\"innova-portfolio-container\">\n                      \n                <a href=\"https:\/\/karrierirodabutor.hu\/de\/portfolio\/fl2-vezetoi-munkahelyek-extend\/\" target=\"_self\">\n                <img decoding=\"async\" src=\"https:\/\/karrierirodabutor.hu\/wp-content\/uploads\/2019\/07\/extend-vezetoi-fl2-5-300x300.jpg\" class=\"\" alt=\"\" \/><\/a> \n                                  <div class=\"pf_item_box\" style=\"background-color:#dd3333;\">\n                    <div style=\"color:#232323!important;\">\n                                       <h4 style=\"color:#232323!important;\">(Magyar) FL2 Vezet\u0151i Munkahelyek [EXTEND]<\/h4>\n                  \n                         \n                  <\/div>\n                  <\/div>\n                  \n                  <\/div>\n\n                <\/li>\n                                <li class=\"all  cat-122\">\n                  <div class=\"innova-portfolio-container\">\n                      \n                <a href=\"https:\/\/karrierirodabutor.hu\/de\/portfolio\/trend-vezetoi-munkahelyek-venusz\/\" target=\"_self\">\n                <img decoding=\"async\" src=\"https:\/\/karrierirodabutor.hu\/wp-content\/uploads\/2019\/07\/venusz-trend-vezetoi-1200x530-300x300.jpg\" class=\"\" alt=\"\" \/><\/a> \n                                  <div class=\"pf_item_box\" style=\"background-color:#e047e5;\">\n                    <div style=\"color:#232323!important;\">\n                                       <h4 style=\"color:#232323!important;\">(Magyar) Trend Vezet\u0151i Munkahelyek [V\u00c9NUSZ]<\/h4>\n                  \n                         \n                  <\/div>\n                  <\/div>\n                  \n                  <\/div>\n\n                <\/li>\n                                <li class=\"all  cat-122\">\n                  <div class=\"innova-portfolio-container\">\n                      \n                <a href=\"https:\/\/karrierirodabutor.hu\/de\/portfolio\/fl1-vezetoi-munkahelyek-extend\/\" target=\"_self\">\n                <img decoding=\"async\" src=\"https:\/\/karrierirodabutor.hu\/wp-content\/uploads\/2019\/07\/extend-vezetoi-fl1-5-300x300.jpg\" class=\"\" alt=\"\" \/><\/a> \n                                  <div class=\"pf_item_box\" style=\"background-color:#eeee22;\">\n                    <div style=\"color:#232323!important;\">\n                                       <h4 style=\"color:#232323!important;\">(Magyar) FL1 Vezet\u0151i Munkahelyek [EXTEND]<\/h4>\n                  \n                         \n                  <\/div>\n                  <\/div>\n                  \n                  <\/div>\n\n                <\/li>\n                                <li class=\"all  cat-122\">\n                  <div class=\"innova-portfolio-container\">\n                      \n                <a href=\"https:\/\/karrierirodabutor.hu\/de\/portfolio\/laplabas-vezetoi-asztalok-venusz\/\" target=\"_self\">\n                <img decoding=\"async\" src=\"https:\/\/karrierirodabutor.hu\/wp-content\/uploads\/2019\/07\/venusz-vezetoi-laplabak-8-300x300.jpg\" class=\"\" alt=\"\" \/><\/a> \n                                  <div class=\"pf_item_box\" style=\"background-color:#1e73be;\">\n                    <div style=\"color:#232323!important;\">\n                                       <h4 style=\"color:#232323!important;\">(Magyar) Lapl\u00e1bas Vezet\u0151i Asztalok [V\u00c9NUSZ]<\/h4>\n                  \n                         \n                  <\/div>\n                  <\/div>\n                  \n                  <\/div>\n\n                <\/li>\n                                <li class=\"all  cat-122\">\n                  <div class=\"innova-portfolio-container\">\n                      \n                <a href=\"https:\/\/karrierirodabutor.hu\/de\/portfolio\/laplabas-vezetoi-munkahelyek-36mm-extend\/\" target=\"_self\">\n                <img decoding=\"async\" src=\"https:\/\/karrierirodabutor.hu\/wp-content\/uploads\/2019\/07\/extend-laplabas-vezetoi-8-300x300.jpg\" class=\"\" alt=\"\" \/><\/a> \n                                  <div class=\"pf_item_box\" style=\"background-color:#eeee22;\">\n                    <div style=\"color:#232323!important;\">\n                                       <h4 style=\"color:#232323!important;\">(Magyar) Lapl\u00e1bas Vezet\u0151i Munkahelyek 36mm [EXTEND]<\/h4>\n                  \n                         \n                  <\/div>\n                  <\/div>\n                  \n                  <\/div>\n\n                <\/li>\n                                <li class=\"all  cat-122\">\n                  <div class=\"innova-portfolio-container\">\n                      \n                <a href=\"https:\/\/karrierirodabutor.hu\/de\/portfolio\/laplabas-vezetoi-munkahelyek-extend\/\" target=\"_self\">\n                <img decoding=\"async\" src=\"https:\/\/karrierirodabutor.hu\/wp-content\/uploads\/2019\/07\/extend-laplabas-vezetoi-5-300x300.jpg\" class=\"\" alt=\"\" \/><\/a> \n                                  <div class=\"pf_item_box\" style=\"background-color:#dd3333;\">\n                    <div style=\"color:#232323!important;\">\n                                       <h4 style=\"color:#232323!important;\">(Magyar) Lapl\u00e1bas Vezet\u0151i Munkahelyek [EXTEND]<\/h4>\n                  \n                         \n                  <\/div>\n                  <\/div>\n                  \n                  <\/div>\n\n                <\/li>\n                            <\/ul>\n                           <\/div>\n  <\/div>   \t\t\t\t<\/div>\n\t\t\t\t<\/div>\n\t\t\t\t\t<\/div>\n\t\t<\/div>\n\t\t\t\t\t<\/div>\n\t\t<\/section>\n\t\t\t\t<\/div>\n\t\t","protected":false},"excerpt":{"rendered":"","protected":false},"author":1,"featured_media":0,"parent":11819,"menu_order":0,"comment_status":"closed","ping_status":"closed","template":"elementor_header_footer","meta":{"footnotes":""},"class_list":["post-11867","page","type-page","status-publish","hentry"],"yoast_head":"<!-- This site is optimized with the Yoast SEO plugin v27.5 - https:\/\/yoast.com\/product\/yoast-seo-wordpress\/ -->\n<title>(Magyar) Vezet\u0151i Asztalok - KARRIER B\u00daTOR Kft.<\/title>\n<meta name=\"robots\" content=\"index, follow, max-snippet:-1, max-image-preview:large, max-video-preview:-1\" \/>\n<link rel=\"canonical\" href=\"https:\/\/karrierirodabutor.hu\/irodabutorok\/vezetoi-asztalok\/\" \/>\n<meta property=\"og:locale\" content=\"de_DE\" \/>\n<meta property=\"og:type\" content=\"article\" \/>\n<meta property=\"og:title\" content=\"(Magyar) Vezet\u0151i Asztalok - KARRIER B\u00daTOR Kft.\" \/>\n<meta property=\"og:url\" content=\"https:\/\/karrierirodabutor.hu\/irodabutorok\/vezetoi-asztalok\/\" \/>\n<meta property=\"og:site_name\" content=\"KARRIER B\u00daTOR Kft.\" \/>\n<meta property=\"article:modified_time\" content=\"2019-07-21T21:05:52+00:00\" \/>\n<script type=\"application\/ld+json\" class=\"yoast-schema-graph\">{\"@context\":\"https:\\\/\\\/schema.org\",\"@graph\":[{\"@type\":\"WebPage\",\"@id\":\"https:\\\/\\\/karrierirodabutor.hu\\\/irodabutorok\\\/vezetoi-asztalok\\\/\",\"url\":\"https:\\\/\\\/karrierirodabutor.hu\\\/irodabutorok\\\/vezetoi-asztalok\\\/\",\"name\":\"(Magyar) Vezet\u0151i Asztalok - KARRIER B\u00daTOR Kft.\",\"isPartOf\":{\"@id\":\"https:\\\/\\\/karrierirodabutor.hu\\\/#website\"},\"datePublished\":\"2018-09-24T08:11:55+00:00\",\"dateModified\":\"2019-07-21T21:05:52+00:00\",\"breadcrumb\":{\"@id\":\"https:\\\/\\\/karrierirodabutor.hu\\\/irodabutorok\\\/vezetoi-asztalok\\\/#breadcrumb\"},\"inLanguage\":\"de\",\"potentialAction\":[{\"@type\":\"ReadAction\",\"target\":[\"https:\\\/\\\/karrierirodabutor.hu\\\/irodabutorok\\\/vezetoi-asztalok\\\/\"]}]},{\"@type\":\"BreadcrumbList\",\"@id\":\"https:\\\/\\\/karrierirodabutor.hu\\\/irodabutorok\\\/vezetoi-asztalok\\\/#breadcrumb\",\"itemListElement\":[{\"@type\":\"ListItem\",\"position\":1,\"name\":\"Irodab\u00fatorok\",\"item\":\"https:\\\/\\\/karrierirodabutor.hu\\\/irodabutorok\\\/\"},{\"@type\":\"ListItem\",\"position\":2,\"name\":\"Vezet\u0151i Asztalok\"}]},{\"@type\":\"WebSite\",\"@id\":\"https:\\\/\\\/karrierirodabutor.hu\\\/#website\",\"url\":\"https:\\\/\\\/karrierirodabutor.hu\\\/\",\"name\":\"KARRIER B\u00daTOR Kft.\",\"description\":\"KARRIER B\u00daTOR Kft.\",\"potentialAction\":[{\"@type\":\"SearchAction\",\"target\":{\"@type\":\"EntryPoint\",\"urlTemplate\":\"https:\\\/\\\/karrierirodabutor.hu\\\/?s={search_term_string}\"},\"query-input\":{\"@type\":\"PropertyValueSpecification\",\"valueRequired\":true,\"valueName\":\"search_term_string\"}}],\"inLanguage\":\"de\"}]}<\/script>\n<!-- \/ Yoast SEO plugin. -->","yoast_head_json":{"title":"(Magyar) Vezet\u0151i Asztalok - KARRIER B\u00daTOR Kft.","robots":{"index":"index","follow":"follow","max-snippet":"max-snippet:-1","max-image-preview":"max-image-preview:large","max-video-preview":"max-video-preview:-1"},"canonical":"https:\/\/karrierirodabutor.hu\/irodabutorok\/vezetoi-asztalok\/","og_locale":"de_DE","og_type":"article","og_title":"(Magyar) Vezet\u0151i Asztalok - KARRIER B\u00daTOR Kft.","og_url":"https:\/\/karrierirodabutor.hu\/irodabutorok\/vezetoi-asztalok\/","og_site_name":"KARRIER B\u00daTOR Kft.","article_modified_time":"2019-07-21T21:05:52+00:00","schema":{"@context":"https:\/\/schema.org","@graph":[{"@type":"WebPage","@id":"https:\/\/karrierirodabutor.hu\/irodabutorok\/vezetoi-asztalok\/","url":"https:\/\/karrierirodabutor.hu\/irodabutorok\/vezetoi-asztalok\/","name":"(Magyar) Vezet\u0151i Asztalok - KARRIER B\u00daTOR Kft.","isPartOf":{"@id":"https:\/\/karrierirodabutor.hu\/#website"},"datePublished":"2018-09-24T08:11:55+00:00","dateModified":"2019-07-21T21:05:52+00:00","breadcrumb":{"@id":"https:\/\/karrierirodabutor.hu\/irodabutorok\/vezetoi-asztalok\/#breadcrumb"},"inLanguage":"de","potentialAction":[{"@type":"ReadAction","target":["https:\/\/karrierirodabutor.hu\/irodabutorok\/vezetoi-asztalok\/"]}]},{"@type":"BreadcrumbList","@id":"https:\/\/karrierirodabutor.hu\/irodabutorok\/vezetoi-asztalok\/#breadcrumb","itemListElement":[{"@type":"ListItem","position":1,"name":"Irodab\u00fatorok","item":"https:\/\/karrierirodabutor.hu\/irodabutorok\/"},{"@type":"ListItem","position":2,"name":"Vezet\u0151i Asztalok"}]},{"@type":"WebSite","@id":"https:\/\/karrierirodabutor.hu\/#website","url":"https:\/\/karrierirodabutor.hu\/","name":"KARRIER B\u00daTOR Kft.","description":"KARRIER B\u00daTOR Kft.","potentialAction":[{"@type":"SearchAction","target":{"@type":"EntryPoint","urlTemplate":"https:\/\/karrierirodabutor.hu\/?s={search_term_string}"},"query-input":{"@type":"PropertyValueSpecification","valueRequired":true,"valueName":"search_term_string"}}],"inLanguage":"de"}]}},"_links":{"self":[{"href":"https:\/\/karrierirodabutor.hu\/de\/wp-json\/wp\/v2\/pages\/11867","targetHints":{"allow":["GET"]}}],"collection":[{"href":"https:\/\/karrierirodabutor.hu\/de\/wp-json\/wp\/v2\/pages"}],"about":[{"href":"https:\/\/karrierirodabutor.hu\/de\/wp-json\/wp\/v2\/types\/page"}],"author":[{"embeddable":true,"href":"https:\/\/karrierirodabutor.hu\/de\/wp-json\/wp\/v2\/users\/1"}],"replies":[{"embeddable":true,"href":"https:\/\/karrierirodabutor.hu\/de\/wp-json\/wp\/v2\/comments?post=11867"}],"version-history":[{"count":3,"href":"https:\/\/karrierirodabutor.hu\/de\/wp-json\/wp\/v2\/pages\/11867\/revisions"}],"predecessor-version":[{"id":20256,"href":"https:\/\/karrierirodabutor.hu\/de\/wp-json\/wp\/v2\/pages\/11867\/revisions\/20256"}],"up":[{"embeddable":true,"href":"https:\/\/karrierirodabutor.hu\/de\/wp-json\/wp\/v2\/pages\/11819"}],"wp:attachment":[{"href":"https:\/\/karrierirodabutor.hu\/de\/wp-json\/wp\/v2\/media?parent=11867"}],"curies":[{"name":"wp","href":"https:\/\/api.w.org\/{rel}","templated":true}]}}