{"id":19647,"date":"2019-06-25T14:29:02","date_gmt":"2019-06-25T12:29:02","guid":{"rendered":"https:\/\/karrierirodabutor.hu\/?page_id=19647"},"modified":"2021-07-13T08:53:28","modified_gmt":"2021-07-13T06:53:28","slug":"gardrobszekreny","status":"publish","type":"page","link":"https:\/\/karrierirodabutor.hu\/de\/lakossagi-butorok\/gardrob\/gardrobszekreny\/","title":{"rendered":"Wandschrank"},"content":{"rendered":"\t\t<div data-elementor-type=\"wp-post\" data-elementor-id=\"19647\" class=\"elementor elementor-19647\">\n\t\t\t\t\t\t<section class=\"elementor-section elementor-top-section elementor-element elementor-element-ccdacaa elementor-section-boxed elementor-section-height-default elementor-section-height-default\" data-id=\"ccdacaa\" data-element_type=\"section\" data-e-type=\"section\">\n\t\t\t\t\t\t<div class=\"elementor-container elementor-column-gap-default\">\n\t\t\t\t\t<div class=\"elementor-column elementor-col-100 elementor-top-column elementor-element elementor-element-186c753\" data-id=\"186c753\" data-element_type=\"column\" data-e-type=\"column\">\n\t\t\t<div class=\"elementor-widget-wrap elementor-element-populated\">\n\t\t\t\t\t\t<div class=\"elementor-element elementor-element-0ae629b elementor-widget elementor-widget-wp-widget-kaya-portfolio-widget\" data-id=\"0ae629b\" data-element_type=\"widget\" data-e-type=\"widget\" data-widget_type=\"wp-widget-kaya-portfolio-widget.default\">\n\t\t\t\t<div class=\"elementor-widget-container\">\n\t\t\t\t\t    <style type=\"text\/css\">\n      .filter-43 a:hover, .filter-43 .active{\n        background-color: #ED4E6E!important;\n        color: #ffffff!important;\n      }\n    <\/style>\n       <div class=\"\">        <div class=\"Portfolio_gallery\">\n        <ul class=\"isotope-container portfolio4 porfolio_items portfolio_extra clearfix\">\n                         <li class=\"all  cat-146 cat-150\">\n                  <div class=\"innova-portfolio-container\">\n                      \n                <a href=\"https:\/\/karrierirodabutor.hu\/de\/portfolio\/farmer-haloszobabutor\/\" target=\"_self\">\n                <img decoding=\"async\" src=\"https:\/\/karrierirodabutor.hu\/wp-content\/uploads\/2019\/06\/halo_2_3-1199x800-300x300.jpg\" class=\"\" alt=\"\" \/><\/a> \n                                  <div class=\"pf_item_box\" style=\"background-color:#1ea9bf;\">\n                    <div style=\"color:#232323!important;\">\n                                       <h4 style=\"color:#232323!important;\">FARMER-Schlafzimmerm\u00f6bel<\/h4>\n                  \n                         \n                  <\/div>\n                  <\/div>\n                  \n                  <\/div>\n\n                <\/li>\n                                <li class=\"all  cat-146 cat-150\">\n                  <div class=\"innova-portfolio-container\">\n                      \n                <a href=\"https:\/\/karrierirodabutor.hu\/de\/portfolio\/free-haloszobabutor\/\" target=\"_self\">\n                <img decoding=\"async\" src=\"https:\/\/karrierirodabutor.hu\/wp-content\/uploads\/2019\/06\/free_sotet_sonoma_feher_halo_w-1111x600-300x300.jpg\" class=\"\" alt=\"\" \/><\/a> \n                                  <div class=\"pf_item_box\" style=\"background-color:#81d742;\">\n                    <div style=\"color:#232323!important;\">\n                                       <h4 style=\"color:#232323!important;\">FREE-Schlafzimmerm\u00f6bel<\/h4>\n                  \n                         \n                  <\/div>\n                  <\/div>\n                  \n                  <\/div>\n\n                <\/li>\n                                <li class=\"all  cat-146 cat-111\">\n                  <div class=\"innova-portfolio-container\">\n                      \n                <a href=\"https:\/\/karrierirodabutor.hu\/de\/portfolio\/garda-gardrobszekreny\/\" target=\"_self\">\n                <img decoding=\"async\" src=\"https:\/\/karrierirodabutor.hu\/wp-content\/uploads\/2023\/01\/garda_vilson_w-1137x600-1-300x300.jpg\" class=\"\" alt=\"\" \/><\/a> \n                                  <div class=\"pf_item_box\" style=\"background-color:#e234a2;\">\n                    <div style=\"color:#232323!important;\">\n                                       <h4 style=\"color:#232323!important;\">GARDA &#8211; Kleiderschrank<\/h4>\n                  \n                         \n                  <\/div>\n                  <\/div>\n                  \n                  <\/div>\n\n                <\/li>\n                                <li class=\"all  cat-146 cat-150\">\n                  <div class=\"innova-portfolio-container\">\n                      \n                <a href=\"https:\/\/karrierirodabutor.hu\/de\/portfolio\/joy-haloszobabutor\/\" target=\"_self\">\n                <img decoding=\"async\" src=\"https:\/\/karrierirodabutor.hu\/wp-content\/uploads\/2019\/06\/joy_7-1199x800-300x300.jpg\" class=\"\" alt=\"\" \/><\/a> \n                                  <div class=\"pf_item_box\" style=\"background-color:#dd3333;\">\n                    <div style=\"color:#232323!important;\">\n                                       <h4 style=\"color:#232323!important;\">JOY-Schlafzimmerm\u00f6bel<\/h4>\n                  \n                         \n                  <\/div>\n                  <\/div>\n                  \n                  <\/div>\n\n                <\/li>\n                                <li class=\"all  cat-146 cat-111\">\n                  <div class=\"innova-portfolio-container\">\n                      \n                <a href=\"https:\/\/karrierirodabutor.hu\/de\/portfolio\/modulo-haloszoba-gardrob\/\" target=\"_self\">\n                <img decoding=\"async\" src=\"https:\/\/karrierirodabutor.hu\/wp-content\/uploads\/2023\/01\/Idill-gardraob-2-1-300x300.jpg\" class=\"\" alt=\"\" \/><\/a> \n                                  <div class=\"pf_item_box\" style=\"background-color:#a26fc6;\">\n                    <div style=\"color:#232323!important;\">\n                                       <h4 style=\"color:#232323!important;\">MODULO &#8211; Schlafzimmer-Kleiderschrank<\/h4>\n                  \n                         \n                  <\/div>\n                  <\/div>\n                  \n                  <\/div>\n\n                <\/li>\n                                <li class=\"all  cat-146 cat-150\">\n                  <div class=\"innova-portfolio-container\">\n                      \n                <a href=\"https:\/\/karrierirodabutor.hu\/de\/portfolio\/mozaik-haloszobabutor\/\" target=\"_self\">\n                <img decoding=\"async\" src=\"https:\/\/karrierirodabutor.hu\/wp-content\/uploads\/2019\/06\/mozaik_ifjusagi_bukk2_w-300x300.jpg\" class=\"\" alt=\"\" \/><\/a> \n                                  <div class=\"pf_item_box\" style=\"background-color:#dd9933;\">\n                    <div style=\"color:#232323!important;\">\n                                       <h4 style=\"color:#232323!important;\">MOZAIK-Schlafzimmerm\u00f6bel<\/h4>\n                  \n                         \n                  <\/div>\n                  <\/div>\n                  \n                  <\/div>\n\n                <\/li>\n                                <li class=\"all  cat-146 cat-132 cat-155\">\n                  <div class=\"innova-portfolio-container\">\n                      \n                <a href=\"https:\/\/karrierirodabutor.hu\/de\/portfolio\/mozaik\/\" target=\"_self\">\n                <img decoding=\"async\" src=\"https:\/\/karrierirodabutor.hu\/wp-content\/uploads\/2019\/06\/mozaik_nappali_2_w-1-300x300.jpg\" class=\"\" alt=\"\" \/><\/a> \n                                  <div class=\"pf_item_box\" style=\"background-color:#1e73be;\">\n                    <div style=\"color:#232323!important;\">\n                                       <h4 style=\"color:#232323!important;\">MOZAIK<\/h4>\n                  \n                         \n                  <\/div>\n                  <\/div>\n                  \n                  <\/div>\n\n                <\/li>\n                            <\/ul>\n                           <\/div>\n  <\/div>   \t\t\t\t<\/div>\n\t\t\t\t<\/div>\n\t\t\t\t\t<\/div>\n\t\t<\/div>\n\t\t\t\t\t<\/div>\n\t\t<\/section>\n\t\t\t\t<\/div>\n\t\t","protected":false},"excerpt":{"rendered":"","protected":false},"author":1,"featured_media":0,"parent":11895,"menu_order":0,"comment_status":"closed","ping_status":"closed","template":"elementor_header_footer","meta":{"footnotes":""},"class_list":["post-19647","page","type-page","status-publish","hentry"],"yoast_head":"<!-- This site is optimized with the Yoast SEO plugin v27.4 - https:\/\/yoast.com\/product\/yoast-seo-wordpress\/ -->\n<title>Wandschrank - KARRIER B\u00daTOR Kft.<\/title>\n<meta name=\"robots\" content=\"index, follow, max-snippet:-1, max-image-preview:large, max-video-preview:-1\" \/>\n<link rel=\"canonical\" href=\"https:\/\/karrierirodabutor.hu\/de\/lakossagi-butorok\/gardrob\/gardrobszekreny\/\" \/>\n<meta property=\"og:locale\" content=\"de_DE\" \/>\n<meta property=\"og:type\" content=\"article\" \/>\n<meta property=\"og:title\" content=\"Wandschrank - KARRIER B\u00daTOR Kft.\" \/>\n<meta property=\"og:url\" content=\"https:\/\/karrierirodabutor.hu\/de\/lakossagi-butorok\/gardrob\/gardrobszekreny\/\" \/>\n<meta property=\"og:site_name\" content=\"KARRIER B\u00daTOR Kft.\" \/>\n<meta property=\"article:modified_time\" content=\"2021-07-13T06:53:28+00:00\" \/>\n<script type=\"application\/ld+json\" class=\"yoast-schema-graph\">{\"@context\":\"https:\\\/\\\/schema.org\",\"@graph\":[{\"@type\":\"WebPage\",\"@id\":\"https:\\\/\\\/karrierirodabutor.hu\\\/de\\\/lakossagi-butorok\\\/gardrob\\\/gardrobszekreny\\\/\",\"url\":\"https:\\\/\\\/karrierirodabutor.hu\\\/de\\\/lakossagi-butorok\\\/gardrob\\\/gardrobszekreny\\\/\",\"name\":\"Wandschrank - KARRIER B\u00daTOR Kft.\",\"isPartOf\":{\"@id\":\"https:\\\/\\\/karrierirodabutor.hu\\\/#website\"},\"datePublished\":\"2019-06-25T12:29:02+00:00\",\"dateModified\":\"2021-07-13T06:53:28+00:00\",\"breadcrumb\":{\"@id\":\"https:\\\/\\\/karrierirodabutor.hu\\\/de\\\/lakossagi-butorok\\\/gardrob\\\/gardrobszekreny\\\/#breadcrumb\"},\"inLanguage\":\"de\",\"potentialAction\":[{\"@type\":\"ReadAction\",\"target\":[\"https:\\\/\\\/karrierirodabutor.hu\\\/de\\\/lakossagi-butorok\\\/gardrob\\\/gardrobszekreny\\\/\"]}]},{\"@type\":\"BreadcrumbList\",\"@id\":\"https:\\\/\\\/karrierirodabutor.hu\\\/de\\\/lakossagi-butorok\\\/gardrob\\\/gardrobszekreny\\\/#breadcrumb\",\"itemListElement\":[{\"@type\":\"ListItem\",\"position\":1,\"name\":\"Wohnm\u00f6bel\",\"item\":\"https:\\\/\\\/karrierirodabutor.hu\\\/de\\\/lakossagi-butorok\\\/\"},{\"@type\":\"ListItem\",\"position\":2,\"name\":\"(Magyar) Gardr\u00f3b \u00e9s el\u0151szoba\",\"item\":\"https:\\\/\\\/karrierirodabutor.hu\\\/en\\\/lakossagi-butorok\\\/gardrob\\\/\"},{\"@type\":\"ListItem\",\"position\":3,\"name\":\"Wandschrank\"}]},{\"@type\":\"WebSite\",\"@id\":\"https:\\\/\\\/karrierirodabutor.hu\\\/#website\",\"url\":\"https:\\\/\\\/karrierirodabutor.hu\\\/\",\"name\":\"KARRIER B\u00daTOR Kft.\",\"description\":\"KARRIER B\u00daTOR Kft.\",\"potentialAction\":[{\"@type\":\"SearchAction\",\"target\":{\"@type\":\"EntryPoint\",\"urlTemplate\":\"https:\\\/\\\/karrierirodabutor.hu\\\/?s={search_term_string}\"},\"query-input\":{\"@type\":\"PropertyValueSpecification\",\"valueRequired\":true,\"valueName\":\"search_term_string\"}}],\"inLanguage\":\"de\"}]}<\/script>\n<!-- \/ Yoast SEO plugin. -->","yoast_head_json":{"title":"Wandschrank - KARRIER B\u00daTOR Kft.","robots":{"index":"index","follow":"follow","max-snippet":"max-snippet:-1","max-image-preview":"max-image-preview:large","max-video-preview":"max-video-preview:-1"},"canonical":"https:\/\/karrierirodabutor.hu\/de\/lakossagi-butorok\/gardrob\/gardrobszekreny\/","og_locale":"de_DE","og_type":"article","og_title":"Wandschrank - KARRIER B\u00daTOR Kft.","og_url":"https:\/\/karrierirodabutor.hu\/de\/lakossagi-butorok\/gardrob\/gardrobszekreny\/","og_site_name":"KARRIER B\u00daTOR Kft.","article_modified_time":"2021-07-13T06:53:28+00:00","schema":{"@context":"https:\/\/schema.org","@graph":[{"@type":"WebPage","@id":"https:\/\/karrierirodabutor.hu\/de\/lakossagi-butorok\/gardrob\/gardrobszekreny\/","url":"https:\/\/karrierirodabutor.hu\/de\/lakossagi-butorok\/gardrob\/gardrobszekreny\/","name":"Wandschrank - KARRIER B\u00daTOR Kft.","isPartOf":{"@id":"https:\/\/karrierirodabutor.hu\/#website"},"datePublished":"2019-06-25T12:29:02+00:00","dateModified":"2021-07-13T06:53:28+00:00","breadcrumb":{"@id":"https:\/\/karrierirodabutor.hu\/de\/lakossagi-butorok\/gardrob\/gardrobszekreny\/#breadcrumb"},"inLanguage":"de","potentialAction":[{"@type":"ReadAction","target":["https:\/\/karrierirodabutor.hu\/de\/lakossagi-butorok\/gardrob\/gardrobszekreny\/"]}]},{"@type":"BreadcrumbList","@id":"https:\/\/karrierirodabutor.hu\/de\/lakossagi-butorok\/gardrob\/gardrobszekreny\/#breadcrumb","itemListElement":[{"@type":"ListItem","position":1,"name":"Wohnm\u00f6bel","item":"https:\/\/karrierirodabutor.hu\/de\/lakossagi-butorok\/"},{"@type":"ListItem","position":2,"name":"(Magyar) Gardr\u00f3b \u00e9s el\u0151szoba","item":"https:\/\/karrierirodabutor.hu\/en\/lakossagi-butorok\/gardrob\/"},{"@type":"ListItem","position":3,"name":"Wandschrank"}]},{"@type":"WebSite","@id":"https:\/\/karrierirodabutor.hu\/#website","url":"https:\/\/karrierirodabutor.hu\/","name":"KARRIER B\u00daTOR Kft.","description":"KARRIER B\u00daTOR Kft.","potentialAction":[{"@type":"SearchAction","target":{"@type":"EntryPoint","urlTemplate":"https:\/\/karrierirodabutor.hu\/?s={search_term_string}"},"query-input":{"@type":"PropertyValueSpecification","valueRequired":true,"valueName":"search_term_string"}}],"inLanguage":"de"}]}},"_links":{"self":[{"href":"https:\/\/karrierirodabutor.hu\/de\/wp-json\/wp\/v2\/pages\/19647","targetHints":{"allow":["GET"]}}],"collection":[{"href":"https:\/\/karrierirodabutor.hu\/de\/wp-json\/wp\/v2\/pages"}],"about":[{"href":"https:\/\/karrierirodabutor.hu\/de\/wp-json\/wp\/v2\/types\/page"}],"author":[{"embeddable":true,"href":"https:\/\/karrierirodabutor.hu\/de\/wp-json\/wp\/v2\/users\/1"}],"replies":[{"embeddable":true,"href":"https:\/\/karrierirodabutor.hu\/de\/wp-json\/wp\/v2\/comments?post=19647"}],"version-history":[{"count":7,"href":"https:\/\/karrierirodabutor.hu\/de\/wp-json\/wp\/v2\/pages\/19647\/revisions"}],"predecessor-version":[{"id":23347,"href":"https:\/\/karrierirodabutor.hu\/de\/wp-json\/wp\/v2\/pages\/19647\/revisions\/23347"}],"up":[{"embeddable":true,"href":"https:\/\/karrierirodabutor.hu\/de\/wp-json\/wp\/v2\/pages\/11895"}],"wp:attachment":[{"href":"https:\/\/karrierirodabutor.hu\/de\/wp-json\/wp\/v2\/media?parent=19647"}],"curies":[{"name":"wp","href":"https:\/\/api.w.org\/{rel}","templated":true}]}}