{"id":26190,"date":"2024-12-12T09:13:56","date_gmt":"2024-12-12T08:13:56","guid":{"rendered":"https:\/\/karrierirodabutor.hu\/?page_id=26190"},"modified":"2025-06-20T08:22:39","modified_gmt":"2025-06-20T06:22:39","slug":"kozlemenyek","status":"publish","type":"page","link":"https:\/\/karrierirodabutor.hu\/de\/kozlemenyek\/","title":{"rendered":"Ank\u00fcndigungen"},"content":{"rendered":"<p class=\"qtranxs-available-languages-message qtranxs-available-languages-message-de\">Leider ist der Eintrag nur auf <a href=\"https:\/\/karrierirodabutor.hu\/hu\/wp-json\/wp\/v2\/pages\/26190\" class=\"qtranxs-available-language-link qtranxs-available-language-link-hu\" title=\"Magyar\">Magyar<\/a> verf\u00fcgbar.<\/p>","protected":false},"excerpt":{"rendered":"<p>Leider ist der Eintrag nur auf Magyar verf\u00fcgbar.<\/p>\n","protected":false},"author":1,"featured_media":0,"parent":0,"menu_order":0,"comment_status":"closed","ping_status":"closed","template":"","meta":{"footnotes":""},"class_list":["post-26190","page","type-page","status-publish","hentry"],"yoast_head":"<!-- This site is optimized with the Yoast SEO plugin v27.4 - https:\/\/yoast.com\/product\/yoast-seo-wordpress\/ -->\n<title>Ank\u00fcndigungen - KARRIER B\u00daTOR Kft.<\/title>\n<meta name=\"robots\" content=\"index, follow, max-snippet:-1, max-image-preview:large, max-video-preview:-1\" \/>\n<link rel=\"canonical\" href=\"https:\/\/karrierirodabutor.hu\/kozlemenyek\/\" \/>\n<meta property=\"og:locale\" content=\"de_DE\" \/>\n<meta property=\"og:type\" content=\"article\" \/>\n<meta property=\"og:title\" content=\"Ank\u00fcndigungen - KARRIER B\u00daTOR Kft.\" \/>\n<meta property=\"og:description\" content=\"Leider ist der Eintrag nur auf Magyar verf\u00fcgbar.\" \/>\n<meta property=\"og:url\" content=\"https:\/\/karrierirodabutor.hu\/kozlemenyek\/\" \/>\n<meta property=\"og:site_name\" content=\"KARRIER B\u00daTOR Kft.\" \/>\n<meta property=\"article:modified_time\" content=\"2025-06-20T06:22:39+00:00\" \/>\n<meta name=\"twitter:label1\" content=\"Gesch\u00e4tzte Lesezeit\" \/>\n\t<meta name=\"twitter:data1\" content=\"1\u00a0Minute\" \/>\n<script type=\"application\/ld+json\" class=\"yoast-schema-graph\">{\"@context\":\"https:\\\/\\\/schema.org\",\"@graph\":[{\"@type\":\"WebPage\",\"@id\":\"https:\\\/\\\/karrierirodabutor.hu\\\/kozlemenyek\\\/\",\"url\":\"https:\\\/\\\/karrierirodabutor.hu\\\/kozlemenyek\\\/\",\"name\":\"Ank\u00fcndigungen - KARRIER B\u00daTOR Kft.\",\"isPartOf\":{\"@id\":\"https:\\\/\\\/karrierirodabutor.hu\\\/#website\"},\"datePublished\":\"2024-12-12T08:13:56+00:00\",\"dateModified\":\"2025-06-20T06:22:39+00:00\",\"inLanguage\":\"de\",\"potentialAction\":[{\"@type\":\"ReadAction\",\"target\":[\"https:\\\/\\\/karrierirodabutor.hu\\\/kozlemenyek\\\/\"]}]},{\"@type\":\"WebSite\",\"@id\":\"https:\\\/\\\/karrierirodabutor.hu\\\/#website\",\"url\":\"https:\\\/\\\/karrierirodabutor.hu\\\/\",\"name\":\"KARRIER B\u00daTOR Kft.\",\"description\":\"KARRIER B\u00daTOR Kft.\",\"potentialAction\":[{\"@type\":\"SearchAction\",\"target\":{\"@type\":\"EntryPoint\",\"urlTemplate\":\"https:\\\/\\\/karrierirodabutor.hu\\\/?s={search_term_string}\"},\"query-input\":{\"@type\":\"PropertyValueSpecification\",\"valueRequired\":true,\"valueName\":\"search_term_string\"}}],\"inLanguage\":\"de\"}]}<\/script>\n<!-- \/ Yoast SEO plugin. -->","yoast_head_json":{"title":"Ank\u00fcndigungen - KARRIER B\u00daTOR Kft.","robots":{"index":"index","follow":"follow","max-snippet":"max-snippet:-1","max-image-preview":"max-image-preview:large","max-video-preview":"max-video-preview:-1"},"canonical":"https:\/\/karrierirodabutor.hu\/kozlemenyek\/","og_locale":"de_DE","og_type":"article","og_title":"Ank\u00fcndigungen - KARRIER B\u00daTOR Kft.","og_description":"Leider ist der Eintrag nur auf Magyar verf\u00fcgbar.","og_url":"https:\/\/karrierirodabutor.hu\/kozlemenyek\/","og_site_name":"KARRIER B\u00daTOR Kft.","article_modified_time":"2025-06-20T06:22:39+00:00","twitter_misc":{"Gesch\u00e4tzte Lesezeit":"1\u00a0Minute"},"schema":{"@context":"https:\/\/schema.org","@graph":[{"@type":"WebPage","@id":"https:\/\/karrierirodabutor.hu\/kozlemenyek\/","url":"https:\/\/karrierirodabutor.hu\/kozlemenyek\/","name":"Ank\u00fcndigungen - KARRIER B\u00daTOR Kft.","isPartOf":{"@id":"https:\/\/karrierirodabutor.hu\/#website"},"datePublished":"2024-12-12T08:13:56+00:00","dateModified":"2025-06-20T06:22:39+00:00","inLanguage":"de","potentialAction":[{"@type":"ReadAction","target":["https:\/\/karrierirodabutor.hu\/kozlemenyek\/"]}]},{"@type":"WebSite","@id":"https:\/\/karrierirodabutor.hu\/#website","url":"https:\/\/karrierirodabutor.hu\/","name":"KARRIER B\u00daTOR Kft.","description":"KARRIER B\u00daTOR Kft.","potentialAction":[{"@type":"SearchAction","target":{"@type":"EntryPoint","urlTemplate":"https:\/\/karrierirodabutor.hu\/?s={search_term_string}"},"query-input":{"@type":"PropertyValueSpecification","valueRequired":true,"valueName":"search_term_string"}}],"inLanguage":"de"}]}},"_links":{"self":[{"href":"https:\/\/karrierirodabutor.hu\/de\/wp-json\/wp\/v2\/pages\/26190","targetHints":{"allow":["GET"]}}],"collection":[{"href":"https:\/\/karrierirodabutor.hu\/de\/wp-json\/wp\/v2\/pages"}],"about":[{"href":"https:\/\/karrierirodabutor.hu\/de\/wp-json\/wp\/v2\/types\/page"}],"author":[{"embeddable":true,"href":"https:\/\/karrierirodabutor.hu\/de\/wp-json\/wp\/v2\/users\/1"}],"replies":[{"embeddable":true,"href":"https:\/\/karrierirodabutor.hu\/de\/wp-json\/wp\/v2\/comments?post=26190"}],"version-history":[{"count":7,"href":"https:\/\/karrierirodabutor.hu\/de\/wp-json\/wp\/v2\/pages\/26190\/revisions"}],"predecessor-version":[{"id":26210,"href":"https:\/\/karrierirodabutor.hu\/de\/wp-json\/wp\/v2\/pages\/26190\/revisions\/26210"}],"wp:attachment":[{"href":"https:\/\/karrierirodabutor.hu\/de\/wp-json\/wp\/v2\/media?parent=26190"}],"curies":[{"name":"wp","href":"https:\/\/api.w.org\/{rel}","templated":true}]}}