{"id":3548,"date":"2013-05-30T10:50:31","date_gmt":"2013-05-30T08:50:31","guid":{"rendered":"https:\/\/karrierirodabutor.hu\/?page_id=3548"},"modified":"2025-04-28T17:28:35","modified_gmt":"2025-04-28T15:28:35","slug":"minosegi-tanusitvany","status":"publish","type":"page","link":"https:\/\/karrierirodabutor.hu\/de\/minosegi-tanusitvany\/","title":{"rendered":"Zertifikate"},"content":{"rendered":"\t\t<div data-elementor-type=\"wp-post\" data-elementor-id=\"3548\" class=\"elementor elementor-3548\">\n\t\t\t\t\t\t<section class=\"elementor-section elementor-top-section elementor-element elementor-element-9be414f elementor-section-boxed elementor-section-height-default elementor-section-height-default\" data-id=\"9be414f\" data-element_type=\"section\" data-e-type=\"section\" data-settings=\"{&quot;background_background&quot;:&quot;classic&quot;}\">\n\t\t\t\t\t\t<div class=\"elementor-container elementor-column-gap-default\">\n\t\t\t\t\t<div class=\"elementor-column elementor-col-100 elementor-top-column elementor-element elementor-element-be45cfd\" data-id=\"be45cfd\" data-element_type=\"column\" data-e-type=\"column\">\n\t\t\t<div class=\"elementor-widget-wrap elementor-element-populated\">\n\t\t\t\t\t\t<div class=\"elementor-element elementor-element-caecdde elementor-tabs-view-vertical elementor-widget elementor-widget-tabs\" data-id=\"caecdde\" data-element_type=\"widget\" data-e-type=\"widget\" data-widget_type=\"tabs.default\">\n\t\t\t\t<div class=\"elementor-widget-container\">\n\t\t\t\t\t\t\t<div class=\"elementor-tabs\">\n\t\t\t<div class=\"elementor-tabs-wrapper\" role=\"tablist\" >\n\t\t\t\t\t\t\t\t\t<div id=\"elementor-tab-title-2121\" class=\"elementor-tab-title elementor-tab-desktop-title\" aria-selected=\"true\" data-tab=\"1\" role=\"tab\" tabindex=\"0\" aria-controls=\"elementor-tab-content-2121\" aria-expanded=\"false\">Min\u0151s\u00e9gir\u00e1ny\u00edt\u00e1s<\/div>\n\t\t\t\t\t\t\t\t\t<div id=\"elementor-tab-title-2122\" class=\"elementor-tab-title elementor-tab-desktop-title\" aria-selected=\"false\" data-tab=\"2\" role=\"tab\" tabindex=\"-1\" aria-controls=\"elementor-tab-content-2122\" aria-expanded=\"false\">K\u00f6rnyezetir\u00e1ny\u00edt\u00e1s<\/div>\n\t\t\t\t\t\t\t<\/div>\n\t\t\t<div class=\"elementor-tabs-content-wrapper\" role=\"tablist\" aria-orientation=\"vertical\">\n\t\t\t\t\t\t\t\t\t<div class=\"elementor-tab-title elementor-tab-mobile-title\" aria-selected=\"true\" data-tab=\"1\" role=\"tab\" tabindex=\"0\" aria-controls=\"elementor-tab-content-2121\" aria-expanded=\"false\">Min\u0151s\u00e9gir\u00e1ny\u00edt\u00e1s<\/div>\n\t\t\t\t\t<div id=\"elementor-tab-content-2121\" class=\"elementor-tab-content elementor-clearfix\" data-tab=\"1\" role=\"tabpanel\" aria-labelledby=\"elementor-tab-title-2121\" tabindex=\"0\" hidden=\"false\"><h3 style=\"text-align: center;\">Magyar<\/h3><h3 style=\"text-align: center;\"><img fetchpriority=\"high\" decoding=\"async\" class=\"alignnone wp-image-26197 size-full\" src=\"https:\/\/karrierirodabutor.hu\/wp-content\/uploads\/2025\/04\/Karrier-Butor-Kft_EX-2935-25_6MA_MIR-TAN-HU_2025.jpg\" alt=\"\" width=\"1340\" height=\"1895\" srcset=\"https:\/\/karrierirodabutor.hu\/wp-content\/uploads\/2025\/04\/Karrier-Butor-Kft_EX-2935-25_6MA_MIR-TAN-HU_2025.jpg 1340w, https:\/\/karrierirodabutor.hu\/wp-content\/uploads\/2025\/04\/Karrier-Butor-Kft_EX-2935-25_6MA_MIR-TAN-HU_2025-768x1086.jpg 768w\" sizes=\"(max-width: 1340px) 100vw, 1340px\" \/><\/h3><h3 style=\"text-align: center;\">Angol<img decoding=\"async\" class=\"alignnone wp-image-26198 size-full\" src=\"https:\/\/karrierirodabutor.hu\/wp-content\/uploads\/2025\/04\/Karrier-Butor-Kft_EX-2935-25_6RA_QMS-CERT-EN_2025.jpg\" alt=\"\" width=\"1340\" height=\"1895\" srcset=\"https:\/\/karrierirodabutor.hu\/wp-content\/uploads\/2025\/04\/Karrier-Butor-Kft_EX-2935-25_6RA_QMS-CERT-EN_2025.jpg 1340w, https:\/\/karrierirodabutor.hu\/wp-content\/uploads\/2025\/04\/Karrier-Butor-Kft_EX-2935-25_6RA_QMS-CERT-EN_2025-768x1086.jpg 768w\" sizes=\"(max-width: 1340px) 100vw, 1340px\" \/><\/h3><h3 style=\"text-align: center;\">N\u00e9met<img decoding=\"async\" class=\"alignnone wp-image-26199 size-full\" src=\"https:\/\/karrierirodabutor.hu\/wp-content\/uploads\/2025\/04\/Karrier-Butor-Kft_EX-2935-25_6RA_QMS-ZERT-DE_2025.jpg\" alt=\"\" width=\"1340\" height=\"1895\" srcset=\"https:\/\/karrierirodabutor.hu\/wp-content\/uploads\/2025\/04\/Karrier-Butor-Kft_EX-2935-25_6RA_QMS-ZERT-DE_2025.jpg 1340w, https:\/\/karrierirodabutor.hu\/wp-content\/uploads\/2025\/04\/Karrier-Butor-Kft_EX-2935-25_6RA_QMS-ZERT-DE_2025-768x1086.jpg 768w\" sizes=\"(max-width: 1340px) 100vw, 1340px\" \/><\/h3><p><\/p><\/div>\n\t\t\t\t\t\t\t\t\t<div class=\"elementor-tab-title elementor-tab-mobile-title\" aria-selected=\"false\" data-tab=\"2\" role=\"tab\" tabindex=\"-1\" aria-controls=\"elementor-tab-content-2122\" aria-expanded=\"false\">K\u00f6rnyezetir\u00e1ny\u00edt\u00e1s<\/div>\n\t\t\t\t\t<div id=\"elementor-tab-content-2122\" class=\"elementor-tab-content elementor-clearfix\" data-tab=\"2\" role=\"tabpanel\" aria-labelledby=\"elementor-tab-title-2122\" tabindex=\"0\" hidden=\"hidden\"><h3 style=\"text-align: center;\">Magyar<\/h3><p><a href=\"https:\/\/karrierirodabutor.hu\/wp-content\/uploads\/2023\/07\/KARRIER-BUTOR_EX-2585-23_5MA_KIR-TAN-HU_AVDH.pdf\" target=\"_blank\" rel=\"noopener\"><img loading=\"lazy\" decoding=\"async\" class=\"aligncenter wp-image-26122 size-full\" src=\"https:\/\/karrierirodabutor.hu\/wp-content\/uploads\/2023\/07\/2023-kornyezet-hu-KARRIER-BUTOR_EX-2585-23_5MA_KIR-TAN-HU_AVDH-1-e1688977622219.jpg\" alt=\"\" width=\"212\" height=\"300\" \/><\/a><\/p><h3 style=\"text-align: center;\">Angol<\/h3><p><a href=\"https:\/\/karrierirodabutor.hu\/wp-content\/uploads\/2019\/05\/K\u00f6rnyezet-ir\u00e1ny\u00edt\u00e1si-tan\u00fas\u00edtv\u00e1ny-angol.pdf\"><img loading=\"lazy\" decoding=\"async\" class=\"aligncenter wp-image-20593 size-medium\" src=\"https:\/\/karrierirodabutor.hu\/wp-content\/uploads\/2020\/06\/Karrier-B\u00fator-Kft_EX-1905.20_EMS-CERT-ENG-1-300x300.png\" alt=\"\" width=\"300\" height=\"300\" srcset=\"https:\/\/karrierirodabutor.hu\/wp-content\/uploads\/2020\/06\/Karrier-B\u00fator-Kft_EX-1905.20_EMS-CERT-ENG-1-300x300.png 300w, https:\/\/karrierirodabutor.hu\/wp-content\/uploads\/2020\/06\/Karrier-B\u00fator-Kft_EX-1905.20_EMS-CERT-ENG-1-1024x1024.png 1024w, https:\/\/karrierirodabutor.hu\/wp-content\/uploads\/2020\/06\/Karrier-B\u00fator-Kft_EX-1905.20_EMS-CERT-ENG-1-150x150.png 150w, https:\/\/karrierirodabutor.hu\/wp-content\/uploads\/2020\/06\/Karrier-B\u00fator-Kft_EX-1905.20_EMS-CERT-ENG-1-1536x1536.png 1536w, https:\/\/karrierirodabutor.hu\/wp-content\/uploads\/2020\/06\/Karrier-B\u00fator-Kft_EX-1905.20_EMS-CERT-ENG-1-2048x2048.png 2048w, https:\/\/karrierirodabutor.hu\/wp-content\/uploads\/2020\/06\/Karrier-B\u00fator-Kft_EX-1905.20_EMS-CERT-ENG-1-600x600.png 600w\" sizes=\"(max-width: 300px) 100vw, 300px\" \/><\/a><\/p><h3 style=\"text-align: center;\">N\u00e9met<\/h3><p><a href=\"https:\/\/karrierirodabutor.hu\/wp-content\/uploads\/2019\/05\/K\u00f6rnyezet-ir\u00e1ny\u00edt\u00e1si-tan\u00fas\u00edtv\u00e1ny-n\u00e9met.pdf\"><img loading=\"lazy\" decoding=\"async\" class=\"aligncenter wp-image-20592 size-medium\" src=\"https:\/\/karrierirodabutor.hu\/wp-content\/uploads\/2020\/06\/Karrier-B\u00fator-Kft_EX-1905.20_UMS_ZERT-DE-1-300x300.png\" alt=\"\" width=\"300\" height=\"300\" srcset=\"https:\/\/karrierirodabutor.hu\/wp-content\/uploads\/2020\/06\/Karrier-B\u00fator-Kft_EX-1905.20_UMS_ZERT-DE-1-300x300.png 300w, https:\/\/karrierirodabutor.hu\/wp-content\/uploads\/2020\/06\/Karrier-B\u00fator-Kft_EX-1905.20_UMS_ZERT-DE-1-1024x1024.png 1024w, https:\/\/karrierirodabutor.hu\/wp-content\/uploads\/2020\/06\/Karrier-B\u00fator-Kft_EX-1905.20_UMS_ZERT-DE-1-150x150.png 150w, https:\/\/karrierirodabutor.hu\/wp-content\/uploads\/2020\/06\/Karrier-B\u00fator-Kft_EX-1905.20_UMS_ZERT-DE-1-1536x1536.png 1536w, https:\/\/karrierirodabutor.hu\/wp-content\/uploads\/2020\/06\/Karrier-B\u00fator-Kft_EX-1905.20_UMS_ZERT-DE-1-2048x2048.png 2048w, https:\/\/karrierirodabutor.hu\/wp-content\/uploads\/2020\/06\/Karrier-B\u00fator-Kft_EX-1905.20_UMS_ZERT-DE-1-600x600.png 600w\" sizes=\"(max-width: 300px) 100vw, 300px\" \/><\/a><\/p><p><\/p><\/div>\n\t\t\t\t\t\t\t<\/div>\n\t\t<\/div>\n\t\t\t\t\t\t<\/div>\n\t\t\t\t<\/div>\n\t\t\t\t\t<\/div>\n\t\t<\/div>\n\t\t\t\t\t<\/div>\n\t\t<\/section>\n\t\t\t\t<\/div>\n\t\t","protected":false},"excerpt":{"rendered":"<p>Qualit\u00e4tsmanagement Umweltverwaltung Qualit\u00e4tsmanagement Ungarisch Englisch Deutsch Umweltverwaltung Ungarisch Englisch Deutsch<\/p>\n","protected":false},"author":1,"featured_media":0,"parent":0,"menu_order":0,"comment_status":"closed","ping_status":"closed","template":"elementor_header_footer","meta":{"footnotes":""},"class_list":["post-3548","page","type-page","status-publish","hentry"],"yoast_head":"<!-- This site is optimized with the Yoast SEO plugin v27.5 - https:\/\/yoast.com\/product\/yoast-seo-wordpress\/ -->\n<title>Zertifikate - KARRIER B\u00daTOR Kft.<\/title>\n<meta name=\"robots\" content=\"index, follow, max-snippet:-1, max-image-preview:large, max-video-preview:-1\" \/>\n<link rel=\"canonical\" href=\"https:\/\/karrierirodabutor.hu\/minosegi-tanusitvany\/\" \/>\n<meta property=\"og:locale\" content=\"de_DE\" \/>\n<meta property=\"og:type\" content=\"article\" \/>\n<meta property=\"og:title\" content=\"Zertifikate - KARRIER B\u00daTOR Kft.\" \/>\n<meta property=\"og:description\" content=\"Qualit\u00e4tsmanagement Umweltverwaltung Qualit\u00e4tsmanagement Ungarisch Englisch Deutsch Umweltverwaltung Ungarisch Englisch Deutsch\" \/>\n<meta property=\"og:url\" content=\"https:\/\/karrierirodabutor.hu\/minosegi-tanusitvany\/\" \/>\n<meta property=\"og:site_name\" content=\"KARRIER B\u00daTOR Kft.\" \/>\n<meta property=\"article:modified_time\" content=\"2025-04-28T15:28:35+00:00\" \/>\n<meta property=\"og:image\" content=\"https:\/\/karrierirodabutor.hu\/wp-content\/uploads\/2025\/04\/Karrier-Butor-Kft_EX-2935-25_6MA_MIR-TAN-HU_2025.jpg\" \/>\n<script type=\"application\/ld+json\" class=\"yoast-schema-graph\">{\"@context\":\"https:\\\/\\\/schema.org\",\"@graph\":[{\"@type\":\"WebPage\",\"@id\":\"https:\\\/\\\/karrierirodabutor.hu\\\/minosegi-tanusitvany\\\/\",\"url\":\"https:\\\/\\\/karrierirodabutor.hu\\\/minosegi-tanusitvany\\\/\",\"name\":\"Zertifikate - KARRIER B\u00daTOR Kft.\",\"isPartOf\":{\"@id\":\"https:\\\/\\\/karrierirodabutor.hu\\\/#website\"},\"primaryImageOfPage\":{\"@id\":\"https:\\\/\\\/karrierirodabutor.hu\\\/minosegi-tanusitvany\\\/#primaryimage\"},\"image\":{\"@id\":\"https:\\\/\\\/karrierirodabutor.hu\\\/minosegi-tanusitvany\\\/#primaryimage\"},\"thumbnailUrl\":\"https:\\\/\\\/karrierirodabutor.hu\\\/wp-content\\\/uploads\\\/2025\\\/04\\\/Karrier-Butor-Kft_EX-2935-25_6MA_MIR-TAN-HU_2025.jpg\",\"datePublished\":\"2013-05-30T08:50:31+00:00\",\"dateModified\":\"2025-04-28T15:28:35+00:00\",\"inLanguage\":\"de\",\"potentialAction\":[{\"@type\":\"ReadAction\",\"target\":[\"https:\\\/\\\/karrierirodabutor.hu\\\/minosegi-tanusitvany\\\/\"]}]},{\"@type\":\"ImageObject\",\"inLanguage\":\"de\",\"@id\":\"https:\\\/\\\/karrierirodabutor.hu\\\/minosegi-tanusitvany\\\/#primaryimage\",\"url\":\"https:\\\/\\\/karrierirodabutor.hu\\\/wp-content\\\/uploads\\\/2025\\\/04\\\/Karrier-Butor-Kft_EX-2935-25_6MA_MIR-TAN-HU_2025.jpg\",\"contentUrl\":\"https:\\\/\\\/karrierirodabutor.hu\\\/wp-content\\\/uploads\\\/2025\\\/04\\\/Karrier-Butor-Kft_EX-2935-25_6MA_MIR-TAN-HU_2025.jpg\"},{\"@type\":\"WebSite\",\"@id\":\"https:\\\/\\\/karrierirodabutor.hu\\\/#website\",\"url\":\"https:\\\/\\\/karrierirodabutor.hu\\\/\",\"name\":\"KARRIER B\u00daTOR Kft.\",\"description\":\"KARRIER B\u00daTOR Kft.\",\"potentialAction\":[{\"@type\":\"SearchAction\",\"target\":{\"@type\":\"EntryPoint\",\"urlTemplate\":\"https:\\\/\\\/karrierirodabutor.hu\\\/?s={search_term_string}\"},\"query-input\":{\"@type\":\"PropertyValueSpecification\",\"valueRequired\":true,\"valueName\":\"search_term_string\"}}],\"inLanguage\":\"de\"}]}<\/script>\n<!-- \/ Yoast SEO plugin. -->","yoast_head_json":{"title":"Zertifikate - KARRIER B\u00daTOR Kft.","robots":{"index":"index","follow":"follow","max-snippet":"max-snippet:-1","max-image-preview":"max-image-preview:large","max-video-preview":"max-video-preview:-1"},"canonical":"https:\/\/karrierirodabutor.hu\/minosegi-tanusitvany\/","og_locale":"de_DE","og_type":"article","og_title":"Zertifikate - KARRIER B\u00daTOR Kft.","og_description":"Qualit\u00e4tsmanagement Umweltverwaltung Qualit\u00e4tsmanagement Ungarisch Englisch Deutsch Umweltverwaltung Ungarisch Englisch Deutsch","og_url":"https:\/\/karrierirodabutor.hu\/minosegi-tanusitvany\/","og_site_name":"KARRIER B\u00daTOR Kft.","article_modified_time":"2025-04-28T15:28:35+00:00","og_image":[{"url":"https:\/\/karrierirodabutor.hu\/wp-content\/uploads\/2025\/04\/Karrier-Butor-Kft_EX-2935-25_6MA_MIR-TAN-HU_2025.jpg","type":"","width":"","height":""}],"schema":{"@context":"https:\/\/schema.org","@graph":[{"@type":"WebPage","@id":"https:\/\/karrierirodabutor.hu\/minosegi-tanusitvany\/","url":"https:\/\/karrierirodabutor.hu\/minosegi-tanusitvany\/","name":"Zertifikate - KARRIER B\u00daTOR Kft.","isPartOf":{"@id":"https:\/\/karrierirodabutor.hu\/#website"},"primaryImageOfPage":{"@id":"https:\/\/karrierirodabutor.hu\/minosegi-tanusitvany\/#primaryimage"},"image":{"@id":"https:\/\/karrierirodabutor.hu\/minosegi-tanusitvany\/#primaryimage"},"thumbnailUrl":"https:\/\/karrierirodabutor.hu\/wp-content\/uploads\/2025\/04\/Karrier-Butor-Kft_EX-2935-25_6MA_MIR-TAN-HU_2025.jpg","datePublished":"2013-05-30T08:50:31+00:00","dateModified":"2025-04-28T15:28:35+00:00","inLanguage":"de","potentialAction":[{"@type":"ReadAction","target":["https:\/\/karrierirodabutor.hu\/minosegi-tanusitvany\/"]}]},{"@type":"ImageObject","inLanguage":"de","@id":"https:\/\/karrierirodabutor.hu\/minosegi-tanusitvany\/#primaryimage","url":"https:\/\/karrierirodabutor.hu\/wp-content\/uploads\/2025\/04\/Karrier-Butor-Kft_EX-2935-25_6MA_MIR-TAN-HU_2025.jpg","contentUrl":"https:\/\/karrierirodabutor.hu\/wp-content\/uploads\/2025\/04\/Karrier-Butor-Kft_EX-2935-25_6MA_MIR-TAN-HU_2025.jpg"},{"@type":"WebSite","@id":"https:\/\/karrierirodabutor.hu\/#website","url":"https:\/\/karrierirodabutor.hu\/","name":"KARRIER B\u00daTOR Kft.","description":"KARRIER B\u00daTOR Kft.","potentialAction":[{"@type":"SearchAction","target":{"@type":"EntryPoint","urlTemplate":"https:\/\/karrierirodabutor.hu\/?s={search_term_string}"},"query-input":{"@type":"PropertyValueSpecification","valueRequired":true,"valueName":"search_term_string"}}],"inLanguage":"de"}]}},"_links":{"self":[{"href":"https:\/\/karrierirodabutor.hu\/de\/wp-json\/wp\/v2\/pages\/3548","targetHints":{"allow":["GET"]}}],"collection":[{"href":"https:\/\/karrierirodabutor.hu\/de\/wp-json\/wp\/v2\/pages"}],"about":[{"href":"https:\/\/karrierirodabutor.hu\/de\/wp-json\/wp\/v2\/types\/page"}],"author":[{"embeddable":true,"href":"https:\/\/karrierirodabutor.hu\/de\/wp-json\/wp\/v2\/users\/1"}],"replies":[{"embeddable":true,"href":"https:\/\/karrierirodabutor.hu\/de\/wp-json\/wp\/v2\/comments?post=3548"}],"version-history":[{"count":94,"href":"https:\/\/karrierirodabutor.hu\/de\/wp-json\/wp\/v2\/pages\/3548\/revisions"}],"predecessor-version":[{"id":26202,"href":"https:\/\/karrierirodabutor.hu\/de\/wp-json\/wp\/v2\/pages\/3548\/revisions\/26202"}],"wp:attachment":[{"href":"https:\/\/karrierirodabutor.hu\/de\/wp-json\/wp\/v2\/media?parent=3548"}],"curies":[{"name":"wp","href":"https:\/\/api.w.org\/{rel}","templated":true}]}}