{"id":108,"date":"2012-12-20T12:52:57","date_gmt":"2012-12-20T11:52:57","guid":{"rendered":"http:\/\/karrierbutor.brill-life.hu\/?page_id=108"},"modified":"2018-09-21T11:08:22","modified_gmt":"2018-09-21T09:08:22","slug":"gyartas","status":"publish","type":"page","link":"https:\/\/karrierirodabutor.hu\/en\/gyartas\/","title":{"rendered":"Manufacturing"},"content":{"rendered":"\t\t<div data-elementor-type=\"wp-post\" data-elementor-id=\"108\" class=\"elementor elementor-108 elementor-bc-flex-widget\">\n\t\t\t\t\t\t<section class=\"elementor-section elementor-top-section elementor-element elementor-element-35392342 elementor-section-boxed elementor-section-height-default elementor-section-height-default\" data-id=\"35392342\" data-element_type=\"section\" data-e-type=\"section\" data-settings=\"{&quot;background_background&quot;:&quot;classic&quot;}\">\n\t\t\t\t\t\t<div class=\"elementor-container elementor-column-gap-default\">\n\t\t\t\t\t<div class=\"elementor-column elementor-col-100 elementor-top-column elementor-element elementor-element-16994627\" data-id=\"16994627\" data-element_type=\"column\" data-e-type=\"column\">\n\t\t\t<div class=\"elementor-widget-wrap elementor-element-populated\">\n\t\t\t\t\t\t<div class=\"elementor-element elementor-element-5838db15 elementor-widget elementor-widget-text-editor\" data-id=\"5838db15\" data-element_type=\"widget\" data-e-type=\"widget\" data-widget_type=\"text-editor.default\">\n\t\t\t\t<div class=\"elementor-widget-container\">\n\t\t\t\t\t\t\t\t\t<p style=\"text-align: center;\"><\/p><center><strong>Lakberendez\u0151k, bels\u0151\u00e9p\u00edt\u00e9szek vagy ak\u00e1r az \u00d6n \u00e1ltal megtervezett b\u00fatorokat is legy\u00e1rtjuk.<\/strong><\/center><center>C\u00e9g\u00fcnknek saj\u00e1t, korszer\u0171en felszerelt asztalos \u00fczeme van, ahol I.o min\u0151s\u00e9gben k\u00e9sz\u00fclnek term\u00e9keink. Pontos, el\u0151zetes helysz\u00edni felm\u00e9r\u00e9s ut\u00e1n t\u00f6rt\u00e9nik a gy\u00e1rtm\u00e1nytervez\u00e9s, a gy\u00e1rt\u00e1s, v\u00e9g\u00fcl a helysz\u00ednre t\u00f6rt\u00e9n\u0151 sz\u00e1ll\u00edt\u00e1s \u00e9s a beszerel\u00e9s. A megl\u00e9v\u0151 b\u00fatorokhoz ill\u0151, azonos kivitel\u0171 \u00e9s m\u0171szaki tartalm\u00fa egyedi ig\u00e9nyeket is felm\u00e9rj\u00fck, megtervezz\u00fck \u00e9s legy\u00e1rtjuk, a helysz\u00edni be\u00e9p\u00edt\u00e9ssel egy\u00fctt.<\/center><center><\/center><center><strong>Foglalkozunk gardr\u00f3bok, konyh\u00e1k, h\u00e1l\u00f3szoba, nappali, el\u0151t\u00e9r, k\u00f6zleked\u0151, gyerekszoba b\u00fatorok gy\u00e1rt\u00e1s\u00e1val, \u00e9s forgalmaz\u00e1s\u00e1val, egy\u00e9b egyedi gy\u00e1rt\u00e1st ig\u00e9nyl\u0151 helyis\u00e9gek b\u00fatoroz\u00e1s\u00e1val, f\u00fcgg\u00f6ny\u00f6z\u00e9ssel \u00e9s \u00e1gytakar\u00f3 tervez\u00e9s\u00e9vel \u00e9s gy\u00e1rtat\u00e1s\u00e1val is. <\/strong><\/center><center>Az egyeztetett tervek alapj\u00e1n vessz\u00fck fel megrendel\u00e9seiket, majd 3-6 h\u00e9ten bel\u00fcl sz\u00e1ll\u00edtunk. R\u00f6viden \u00edgy v\u00e1zolhatjuk fel tev\u00e9kenys\u00e9g\u00fcnket. Rem\u00e9lj\u00fck hamarosan seg\u00edts\u00e9g\u00fckre lehet\u00fcnk.<\/center><center><\/center><center><strong>K\u00e9rj\u00fck keressenek minket, v\u00e1rjuk \u00d6n\u00f6ket!<\/strong><\/center><p>\u00a0<\/p><p style=\"text-align: center;\">Tisztelettel:<\/p><center><strong>Horv\u00e1th Rezs\u0151<\/strong><\/center><center>\u00fcgyvezet\u0151 igazgat\u00f3<\/center><p>\u00a0<\/p><h2 style=\"text-align: center;\"><span style=\"color: #000000;\"><strong>Technol\u00f3gia<\/strong><\/span><\/h2><p style=\"text-align: center;\">Jelenleg kb.1000nm -es telephelyen dolgozunk a faiparban haszn\u00e1lt legkorszer\u0171bb technik\u00e1val is rendelkez\u00fcnk (CNC). Fontosnak tartjuk, hogy rugalmasan alkalmazkodjunk az ig\u00e9nyek v\u00e1ltoz\u00e1s\u00e1hoz.<\/p><p style=\"text-align: center;\">A sz\u00e1m\u00edt\u00f3g\u00e9pes tervez\u00e9s egyre gazdas\u00e1gosabb gy\u00e1rt\u00e1st tesz lehet\u0151v\u00e9.<br \/>Folyamatos fejleszt\u00e9ssel \u00e9rj\u00fck el azt, hogy term\u00e9keink min\u0151s\u00e9ge is megfelel a legszigor\u00fabb elv\u00e1r\u00e1soknak.<\/p><h2 style=\"text-align: center;\"><span style=\"color: #000000;\"><strong>Szabad kapacit\u00e1s felaj\u00e1nl\u00e1sa:<\/strong><\/span><\/h2><p style=\"text-align: center;\">\u00c9llez\u00e1rt \u00e9s sorozatfuratokkal ell\u00e1tott alkatr\u00e9szek gy\u00e1rt\u00e1s\u00e1t v\u00e1llaljuk azonnal. Egy\u00e9b b\u00fatorok kissorozat\u00fa gy\u00e1rt\u00e1s\u00e1ra v\u00e1llalkozunk, szabad kapacit\u00e1sunk kit\u00f6lt\u00e9se erej\u00e9ig.<\/p><h2 style=\"text-align: center;\"><span style=\"color: #000000;\"><strong>K\u00e9szterm\u00e9kek \u00e9rt\u00e9kes\u00edt\u00e9se:<\/strong><\/span><\/h2><p style=\"text-align: center;\">Keres\u00fcnk viszontelad\u00f3 partnereket term\u00e9keink \u00e9rt\u00e9kes\u00edt\u00e9s\u00e9re, t\u00e1mogatjuk az els\u0151 v\u00e1s\u00e1rl\u00e1sokat, mintab\u00fatorok kihelyez\u00e9s\u00e9ben r\u00e9szt v\u00e1llalunk.<\/p><p style=\"text-align: center;\">&gt; Helysz\u00edni felm\u00e9r\u00e9s, tan\u00e1csad\u00e1s<\/p><p style=\"text-align: center;\">&gt; Egyedi b\u00fatorok tervez\u00e9se, szerel\u00e9se<\/p><p style=\"text-align: center;\">&gt; \u00c1tal\u00e1nyd\u00edjas asztalos karbantart\u00e1s (irodah\u00e1zak, int\u00e9zm\u00e9nyek, iskol\u00e1k r\u00e9sz\u00e9re)<\/p><p style=\"text-align: center;\">&gt; B\u00fatorszerel\u00e9s (\u00faj b\u00fatorok)<\/p><p style=\"text-align: center;\">&gt; K\u00f6lt\u00f6ztet\u00e9s, r\u00e9gi b\u00fatorok \u00e1tszerel\u00e9se<\/p><p style=\"text-align: center;\">&gt; Szab\u00e1s \u00e9s \u00e9lz\u00e1r\u00e1s hozott anyagokb\u00f3l is.(a megrendel\u0151 hozza az anyagokat)<\/p><p style=\"text-align: center;\"><\/p>\t\t\t\t\t\t\t\t<\/div>\n\t\t\t\t<\/div>\n\t\t\t\t\t<\/div>\n\t\t<\/div>\n\t\t\t\t\t<\/div>\n\t\t<\/section>\n\t\t\t\t<\/div>\n\t\t","protected":false},"excerpt":{"rendered":"<p>We manufacture furniture as designed by the interior decorators and designers or even by You. \u00a0Our company is having its own, well-equipped joiner workshop, where our products are made in 1st class quality. After exact and preliminary on-site size-up &#8211; designing of the product, then manufacturing and finally delivery to the site and installation follow. [&hellip;]<\/p>\n","protected":false},"author":3,"featured_media":0,"parent":0,"menu_order":2,"comment_status":"closed","ping_status":"closed","template":"elementor_header_footer","meta":{"footnotes":""},"class_list":["post-108","page","type-page","status-publish","hentry"],"yoast_head":"<!-- This site is optimized with the Yoast SEO plugin v27.4 - https:\/\/yoast.com\/product\/yoast-seo-wordpress\/ -->\n<title>Manufacturing - KARRIER B\u00daTOR Kft.<\/title>\n<meta name=\"robots\" content=\"index, follow, max-snippet:-1, max-image-preview:large, max-video-preview:-1\" \/>\n<link rel=\"canonical\" href=\"https:\/\/karrierirodabutor.hu\/gyartas\/\" \/>\n<meta property=\"og:locale\" content=\"en_US\" \/>\n<meta property=\"og:type\" content=\"article\" \/>\n<meta property=\"og:title\" content=\"Manufacturing - KARRIER B\u00daTOR Kft.\" \/>\n<meta property=\"og:description\" content=\"We manufacture furniture as designed by the interior decorators and designers or even by You. \u00a0Our company is having its own, well-equipped joiner workshop, where our products are made in 1st class quality. After exact and preliminary on-site size-up &#8211; designing of the product, then manufacturing and finally delivery to the site and installation follow. [&hellip;]\" \/>\n<meta property=\"og:url\" content=\"https:\/\/karrierirodabutor.hu\/gyartas\/\" \/>\n<meta property=\"og:site_name\" content=\"KARRIER B\u00daTOR Kft.\" \/>\n<meta property=\"article:modified_time\" content=\"2018-09-21T09:08:22+00:00\" \/>\n<meta name=\"twitter:label1\" content=\"Est. reading time\" \/>\n\t<meta name=\"twitter:data1\" content=\"5 minutes\" \/>\n<script type=\"application\/ld+json\" class=\"yoast-schema-graph\">{\"@context\":\"https:\\\/\\\/schema.org\",\"@graph\":[{\"@type\":\"WebPage\",\"@id\":\"https:\\\/\\\/karrierirodabutor.hu\\\/gyartas\\\/\",\"url\":\"https:\\\/\\\/karrierirodabutor.hu\\\/gyartas\\\/\",\"name\":\"Manufacturing - KARRIER B\u00daTOR Kft.\",\"isPartOf\":{\"@id\":\"https:\\\/\\\/karrierirodabutor.hu\\\/#website\"},\"datePublished\":\"2012-12-20T11:52:57+00:00\",\"dateModified\":\"2018-09-21T09:08:22+00:00\",\"inLanguage\":\"en-US\",\"potentialAction\":[{\"@type\":\"ReadAction\",\"target\":[\"https:\\\/\\\/karrierirodabutor.hu\\\/gyartas\\\/\"]}]},{\"@type\":\"WebSite\",\"@id\":\"https:\\\/\\\/karrierirodabutor.hu\\\/#website\",\"url\":\"https:\\\/\\\/karrierirodabutor.hu\\\/\",\"name\":\"KARRIER B\u00daTOR Kft.\",\"description\":\"KARRIER B\u00daTOR Kft.\",\"potentialAction\":[{\"@type\":\"SearchAction\",\"target\":{\"@type\":\"EntryPoint\",\"urlTemplate\":\"https:\\\/\\\/karrierirodabutor.hu\\\/?s={search_term_string}\"},\"query-input\":{\"@type\":\"PropertyValueSpecification\",\"valueRequired\":true,\"valueName\":\"search_term_string\"}}],\"inLanguage\":\"en-US\"}]}<\/script>\n<!-- \/ Yoast SEO plugin. -->","yoast_head_json":{"title":"Manufacturing - KARRIER B\u00daTOR Kft.","robots":{"index":"index","follow":"follow","max-snippet":"max-snippet:-1","max-image-preview":"max-image-preview:large","max-video-preview":"max-video-preview:-1"},"canonical":"https:\/\/karrierirodabutor.hu\/gyartas\/","og_locale":"en_US","og_type":"article","og_title":"Manufacturing - KARRIER B\u00daTOR Kft.","og_description":"We manufacture furniture as designed by the interior decorators and designers or even by You. \u00a0Our company is having its own, well-equipped joiner workshop, where our products are made in 1st class quality. After exact and preliminary on-site size-up &#8211; designing of the product, then manufacturing and finally delivery to the site and installation follow. [&hellip;]","og_url":"https:\/\/karrierirodabutor.hu\/gyartas\/","og_site_name":"KARRIER B\u00daTOR Kft.","article_modified_time":"2018-09-21T09:08:22+00:00","twitter_misc":{"Est. reading time":"5 minutes"},"schema":{"@context":"https:\/\/schema.org","@graph":[{"@type":"WebPage","@id":"https:\/\/karrierirodabutor.hu\/gyartas\/","url":"https:\/\/karrierirodabutor.hu\/gyartas\/","name":"Manufacturing - KARRIER B\u00daTOR Kft.","isPartOf":{"@id":"https:\/\/karrierirodabutor.hu\/#website"},"datePublished":"2012-12-20T11:52:57+00:00","dateModified":"2018-09-21T09:08:22+00:00","inLanguage":"en-US","potentialAction":[{"@type":"ReadAction","target":["https:\/\/karrierirodabutor.hu\/gyartas\/"]}]},{"@type":"WebSite","@id":"https:\/\/karrierirodabutor.hu\/#website","url":"https:\/\/karrierirodabutor.hu\/","name":"KARRIER B\u00daTOR Kft.","description":"KARRIER B\u00daTOR Kft.","potentialAction":[{"@type":"SearchAction","target":{"@type":"EntryPoint","urlTemplate":"https:\/\/karrierirodabutor.hu\/?s={search_term_string}"},"query-input":{"@type":"PropertyValueSpecification","valueRequired":true,"valueName":"search_term_string"}}],"inLanguage":"en-US"}]}},"_links":{"self":[{"href":"https:\/\/karrierirodabutor.hu\/en\/wp-json\/wp\/v2\/pages\/108","targetHints":{"allow":["GET"]}}],"collection":[{"href":"https:\/\/karrierirodabutor.hu\/en\/wp-json\/wp\/v2\/pages"}],"about":[{"href":"https:\/\/karrierirodabutor.hu\/en\/wp-json\/wp\/v2\/types\/page"}],"author":[{"embeddable":true,"href":"https:\/\/karrierirodabutor.hu\/en\/wp-json\/wp\/v2\/users\/3"}],"replies":[{"embeddable":true,"href":"https:\/\/karrierirodabutor.hu\/en\/wp-json\/wp\/v2\/comments?post=108"}],"version-history":[{"count":7,"href":"https:\/\/karrierirodabutor.hu\/en\/wp-json\/wp\/v2\/pages\/108\/revisions"}],"predecessor-version":[{"id":11788,"href":"https:\/\/karrierirodabutor.hu\/en\/wp-json\/wp\/v2\/pages\/108\/revisions\/11788"}],"wp:attachment":[{"href":"https:\/\/karrierirodabutor.hu\/en\/wp-json\/wp\/v2\/media?parent=108"}],"curies":[{"name":"wp","href":"https:\/\/api.w.org\/{rel}","templated":true}]}}