{"id":114,"date":"2012-12-20T12:53:57","date_gmt":"2012-12-20T11:53:57","guid":{"rendered":"http:\/\/karrierbutor.brill-life.hu\/?page_id=114"},"modified":"2024-04-30T12:35:08","modified_gmt":"2024-04-30T10:35:08","slug":"elerhetoseg","status":"publish","type":"page","link":"https:\/\/karrierirodabutor.hu\/en\/elerhetoseg\/","title":{"rendered":"Contact"},"content":{"rendered":"\t\t<div data-elementor-type=\"wp-post\" data-elementor-id=\"114\" class=\"elementor elementor-114\">\n\t\t\t\t\t\t<section class=\"elementor-section elementor-top-section elementor-element elementor-element-e316bc9 elementor-section-boxed elementor-section-height-default elementor-section-height-default\" data-id=\"e316bc9\" data-element_type=\"section\" data-e-type=\"section\" data-settings=\"{&quot;background_background&quot;:&quot;classic&quot;}\">\n\t\t\t\t\t\t<div class=\"elementor-container elementor-column-gap-default\">\n\t\t\t\t\t<div class=\"elementor-column elementor-col-100 elementor-top-column elementor-element elementor-element-581baab\" data-id=\"581baab\" data-element_type=\"column\" data-e-type=\"column\">\n\t\t\t<div class=\"elementor-widget-wrap elementor-element-populated\">\n\t\t\t\t\t\t<div class=\"elementor-element elementor-element-0ae558f elementor-widget elementor-widget-text-editor\" data-id=\"0ae558f\" data-element_type=\"widget\" data-e-type=\"widget\" data-widget_type=\"text-editor.default\">\n\t\t\t\t<div class=\"elementor-widget-container\">\n\t\t\t\t\t\t\t\t\t<h1 style=\"text-align: center;\"><\/span>Centre <\/h1>\t\t\t\t\t\t\t\t<\/div>\n\t\t\t\t<\/div>\n\t\t\t\t\t<\/div>\n\t\t<\/div>\n\t\t\t\t\t<\/div>\n\t\t<\/section>\n\t\t\t\t<section class=\"elementor-section elementor-top-section elementor-element elementor-element-c59165c elementor-section-boxed elementor-section-height-default elementor-section-height-default\" data-id=\"c59165c\" data-element_type=\"section\" data-e-type=\"section\" data-settings=\"{&quot;background_background&quot;:&quot;classic&quot;}\">\n\t\t\t\t\t\t<div class=\"elementor-container elementor-column-gap-default\">\n\t\t\t\t\t<div class=\"elementor-column elementor-col-100 elementor-top-column elementor-element elementor-element-2c40810\" data-id=\"2c40810\" data-element_type=\"column\" data-e-type=\"column\">\n\t\t\t<div class=\"elementor-widget-wrap elementor-element-populated\">\n\t\t\t\t\t\t<div class=\"elementor-element elementor-element-f133351 elementor-widget-divider--view-line elementor-widget elementor-widget-divider\" data-id=\"f133351\" data-element_type=\"widget\" data-e-type=\"widget\" data-widget_type=\"divider.default\">\n\t\t\t\t<div class=\"elementor-widget-container\">\n\t\t\t\t\t\t\t<div class=\"elementor-divider\">\n\t\t\t<span class=\"elementor-divider-separator\">\n\t\t\t\t\t\t<\/span>\n\t\t<\/div>\n\t\t\t\t\t\t<\/div>\n\t\t\t\t<\/div>\n\t\t\t\t\t<\/div>\n\t\t<\/div>\n\t\t\t\t\t<\/div>\n\t\t<\/section>\n\t\t\t\t<section class=\"elementor-section elementor-top-section elementor-element elementor-element-2ef12a4 elementor-section-boxed elementor-section-height-default elementor-section-height-default\" data-id=\"2ef12a4\" data-element_type=\"section\" data-e-type=\"section\" data-settings=\"{&quot;background_background&quot;:&quot;classic&quot;}\">\n\t\t\t\t\t\t<div class=\"elementor-container elementor-column-gap-default\">\n\t\t\t\t\t<div class=\"elementor-column elementor-col-33 elementor-top-column elementor-element elementor-element-5fc4ed8\" data-id=\"5fc4ed8\" data-element_type=\"column\" data-e-type=\"column\">\n\t\t\t<div class=\"elementor-widget-wrap\">\n\t\t\t\t\t\t\t<\/div>\n\t\t<\/div>\n\t\t\t\t<div class=\"elementor-column elementor-col-66 elementor-top-column elementor-element elementor-element-31c0c8e\" data-id=\"31c0c8e\" data-element_type=\"column\" data-e-type=\"column\">\n\t\t\t<div class=\"elementor-widget-wrap elementor-element-populated\">\n\t\t\t\t\t\t<div class=\"elementor-element elementor-element-1138544 elementor-widget elementor-widget-google_maps\" data-id=\"1138544\" data-element_type=\"widget\" data-e-type=\"widget\" data-widget_type=\"google_maps.default\">\n\t\t\t\t<div class=\"elementor-widget-container\">\n\t\t\t\t\t\t\t<div class=\"elementor-custom-embed\">\n\t\t\t<iframe loading=\"lazy\"\n\t\t\t\t\tsrc=\"https:\/\/maps.google.com\/maps?q=8000%20SZ%C3%89KESFEH%C3%89RV%C3%81R%20Gy%C3%BCm%C3%B6lcs%20utca%2019.&#038;t=m&#038;z=10&#038;output=embed&#038;iwloc=near\"\n\t\t\t\t\ttitle=\"8000 SZ\u00c9KESFEH\u00c9RV\u00c1R Gy\u00fcm\u00f6lcs utca 19.\"\n\t\t\t\t\taria-label=\"8000 SZ\u00c9KESFEH\u00c9RV\u00c1R Gy\u00fcm\u00f6lcs utca 19.\"\n\t\t\t><\/iframe>\n\t\t<\/div>\n\t\t\t\t\t\t<\/div>\n\t\t\t\t<\/div>\n\t\t\t\t<div class=\"elementor-element elementor-element-54764fd elementor-widget elementor-widget-text-editor\" data-id=\"54764fd\" data-element_type=\"widget\" data-e-type=\"widget\" data-widget_type=\"text-editor.default\">\n\t\t\t\t<div class=\"elementor-widget-container\">\n\t\t\t\t\t\t\t\t\t<p style=\"font-weight: 400; background-color: #f1f1f1;\"><\/p><p style=\"font-weight: 400;\">H-8000\u00a0<strong>SZ\u00c9KESFEH\u00c9RV\u00c1R<\/strong><\/p><p style=\"font-weight: 400;\">Gy\u00fcm\u00f6lcs utca 19.<\/p><p style=\"font-weight: 400;\"><strong>Phone, Fax:<\/strong>\u00a0+36 (22) 505-807, 505-808<\/p><p style=\"font-weight: 400;\">E-mail:\u00a0<a style=\"font-size: 13px;\" href=\"mailto:szekesfehervar@karrierirodabutor.hu\">szekesfehervar@karrierirodabutor.hu<\/a><\/p><p style=\"font-weight: 400;\"><\/p>\t\t\t\t\t\t\t\t<\/div>\n\t\t\t\t<\/div>\n\t\t\t\t\t<\/div>\n\t\t<\/div>\n\t\t\t\t\t<\/div>\n\t\t<\/section>\n\t\t\t\t<section class=\"elementor-section elementor-top-section elementor-element elementor-element-691b527 elementor-section-boxed elementor-section-height-default elementor-section-height-default\" data-id=\"691b527\" data-element_type=\"section\" data-e-type=\"section\" data-settings=\"{&quot;background_background&quot;:&quot;classic&quot;}\">\n\t\t\t\t\t\t<div class=\"elementor-container elementor-column-gap-default\">\n\t\t\t\t\t<div class=\"elementor-column elementor-col-100 elementor-top-column elementor-element elementor-element-39d4969\" data-id=\"39d4969\" data-element_type=\"column\" data-e-type=\"column\">\n\t\t\t<div class=\"elementor-widget-wrap elementor-element-populated\">\n\t\t\t\t\t\t<div class=\"elementor-element elementor-element-8a051b3 elementor-widget elementor-widget-spacer\" data-id=\"8a051b3\" data-element_type=\"widget\" data-e-type=\"widget\" data-widget_type=\"spacer.default\">\n\t\t\t\t<div class=\"elementor-widget-container\">\n\t\t\t\t\t\t\t<div class=\"elementor-spacer\">\n\t\t\t<div class=\"elementor-spacer-inner\"><\/div>\n\t\t<\/div>\n\t\t\t\t\t\t<\/div>\n\t\t\t\t<\/div>\n\t\t\t\t\t<\/div>\n\t\t<\/div>\n\t\t\t\t\t<\/div>\n\t\t<\/section>\n\t\t\t\t<section class=\"elementor-section elementor-top-section elementor-element elementor-element-74f095d elementor-section-boxed elementor-section-height-default elementor-section-height-default\" data-id=\"74f095d\" data-element_type=\"section\" data-e-type=\"section\" data-settings=\"{&quot;background_background&quot;:&quot;classic&quot;}\">\n\t\t\t\t\t\t<div class=\"elementor-container elementor-column-gap-default\">\n\t\t\t\t\t<div class=\"elementor-column elementor-col-100 elementor-top-column elementor-element elementor-element-2802f7e\" data-id=\"2802f7e\" data-element_type=\"column\" data-e-type=\"column\">\n\t\t\t<div class=\"elementor-widget-wrap elementor-element-populated\">\n\t\t\t\t\t\t<div class=\"elementor-element elementor-element-0e6037a elementor-widget elementor-widget-text-editor\" data-id=\"0e6037a\" data-element_type=\"widget\" data-e-type=\"widget\" data-widget_type=\"text-editor.default\">\n\t\t\t\t<div class=\"elementor-widget-container\">\n\t\t\t\t\t\t\t\t\t<h1 style=\"text-align: center;\"><\/span>Representative Offices <\/h1>\t\t\t\t\t\t\t\t<\/div>\n\t\t\t\t<\/div>\n\t\t\t\t\t<\/div>\n\t\t<\/div>\n\t\t\t\t\t<\/div>\n\t\t<\/section>\n\t\t\t\t<section class=\"elementor-section elementor-top-section elementor-element elementor-element-c38d2b0 elementor-section-boxed elementor-section-height-default elementor-section-height-default\" data-id=\"c38d2b0\" data-element_type=\"section\" data-e-type=\"section\" data-settings=\"{&quot;background_background&quot;:&quot;classic&quot;}\">\n\t\t\t\t\t\t<div class=\"elementor-container elementor-column-gap-default\">\n\t\t\t\t\t<div class=\"elementor-column elementor-col-100 elementor-top-column elementor-element elementor-element-e771822\" data-id=\"e771822\" data-element_type=\"column\" data-e-type=\"column\">\n\t\t\t<div class=\"elementor-widget-wrap elementor-element-populated\">\n\t\t\t\t\t\t<div class=\"elementor-element elementor-element-f0f8353 elementor-widget-divider--view-line elementor-widget elementor-widget-divider\" data-id=\"f0f8353\" data-element_type=\"widget\" data-e-type=\"widget\" data-widget_type=\"divider.default\">\n\t\t\t\t<div class=\"elementor-widget-container\">\n\t\t\t\t\t\t\t<div class=\"elementor-divider\">\n\t\t\t<span class=\"elementor-divider-separator\">\n\t\t\t\t\t\t<\/span>\n\t\t<\/div>\n\t\t\t\t\t\t<\/div>\n\t\t\t\t<\/div>\n\t\t\t\t\t<\/div>\n\t\t<\/div>\n\t\t\t\t\t<\/div>\n\t\t<\/section>\n\t\t\t\t<section class=\"elementor-section elementor-top-section elementor-element elementor-element-d0ff626 elementor-section-boxed elementor-section-height-default elementor-section-height-default\" data-id=\"d0ff626\" data-element_type=\"section\" data-e-type=\"section\" data-settings=\"{&quot;background_background&quot;:&quot;classic&quot;}\">\n\t\t\t\t\t\t<div class=\"elementor-container elementor-column-gap-default\">\n\t\t\t\t\t<div class=\"elementor-column elementor-col-33 elementor-top-column elementor-element elementor-element-bcf0efa\" data-id=\"bcf0efa\" data-element_type=\"column\" data-e-type=\"column\">\n\t\t\t<div class=\"elementor-widget-wrap elementor-element-populated\">\n\t\t\t\t\t\t<div class=\"elementor-element elementor-element-37c5ac5 elementor-widget elementor-widget-text-editor\" data-id=\"37c5ac5\" data-element_type=\"widget\" data-e-type=\"widget\" data-widget_type=\"text-editor.default\">\n\t\t\t\t<div class=\"elementor-widget-container\">\n\t\t\t\t\t\t\t\t\t<p style=\"font-weight: 400; background-color: #f1f1f1;\"><\/p><p><strong><span style=\"color: #000000; font-size: 18pt;\">Budapest<\/span><\/strong><\/p><p style=\"font-weight: 400;\">H-1113\u00a0<strong>Budapest<\/strong><\/p><p style=\"font-weight: 400;\">Bart\u00f3k B. \u00fat 152\/h. (Kelen Irodah\u00e1z)<\/p><p><strong>Phone:\u00a0<\/strong> +36 30\/ 2376-761<\/p><p style=\"font-weight: 400;\">E-mail:\u00a0<a style=\"font-size: 13px;\" href=\"mailto:budapest@karrierirodabutor.hu\">budapest@karrierirodabutor.hu<\/a><\/p><p style=\"font-weight: 400;\"><\/p>\t\t\t\t\t\t\t\t<\/div>\n\t\t\t\t<\/div>\n\t\t\t\t\t<\/div>\n\t\t<\/div>\n\t\t\t\t<div class=\"elementor-column elementor-col-66 elementor-top-column elementor-element elementor-element-5900573\" data-id=\"5900573\" data-element_type=\"column\" data-e-type=\"column\">\n\t\t\t<div class=\"elementor-widget-wrap elementor-element-populated\">\n\t\t\t\t\t\t<div class=\"elementor-element elementor-element-c49a553 elementor-widget elementor-widget-google_maps\" data-id=\"c49a553\" data-element_type=\"widget\" data-e-type=\"widget\" data-widget_type=\"google_maps.default\">\n\t\t\t\t<div class=\"elementor-widget-container\">\n\t\t\t\t\t\t\t<div class=\"elementor-custom-embed\">\n\t\t\t<iframe loading=\"lazy\"\n\t\t\t\t\tsrc=\"https:\/\/maps.google.com\/maps?q=1113%20Budapest%20%20Bart%C3%B3k%20B.%20%C3%BAt%20152%2Fh.&#038;t=m&#038;z=10&#038;output=embed&#038;iwloc=near\"\n\t\t\t\t\ttitle=\"1113 Budapest  Bart\u00f3k B. \u00fat 152\/h.\"\n\t\t\t\t\taria-label=\"1113 Budapest  Bart\u00f3k B. \u00fat 152\/h.\"\n\t\t\t><\/iframe>\n\t\t<\/div>\n\t\t\t\t\t\t<\/div>\n\t\t\t\t<\/div>\n\t\t\t\t\t<\/div>\n\t\t<\/div>\n\t\t\t\t\t<\/div>\n\t\t<\/section>\n\t\t\t\t<section class=\"elementor-section elementor-top-section elementor-element elementor-element-d9fd0c6 elementor-section-boxed elementor-section-height-default elementor-section-height-default\" data-id=\"d9fd0c6\" data-element_type=\"section\" data-e-type=\"section\" data-settings=\"{&quot;background_background&quot;:&quot;classic&quot;}\">\n\t\t\t\t\t\t<div class=\"elementor-container elementor-column-gap-default\">\n\t\t\t\t\t<div class=\"elementor-column elementor-col-100 elementor-top-column elementor-element elementor-element-e3b21bd\" data-id=\"e3b21bd\" data-element_type=\"column\" data-e-type=\"column\">\n\t\t\t<div class=\"elementor-widget-wrap elementor-element-populated\">\n\t\t\t\t\t\t<div class=\"elementor-element elementor-element-b4ebdb2 elementor-widget elementor-widget-spacer\" data-id=\"b4ebdb2\" data-element_type=\"widget\" data-e-type=\"widget\" data-widget_type=\"spacer.default\">\n\t\t\t\t<div class=\"elementor-widget-container\">\n\t\t\t\t\t\t\t<div class=\"elementor-spacer\">\n\t\t\t<div class=\"elementor-spacer-inner\"><\/div>\n\t\t<\/div>\n\t\t\t\t\t\t<\/div>\n\t\t\t\t<\/div>\n\t\t\t\t\t<\/div>\n\t\t<\/div>\n\t\t\t\t\t<\/div>\n\t\t<\/section>\n\t\t\t\t<section class=\"elementor-section elementor-top-section elementor-element elementor-element-717ca1a elementor-section-boxed elementor-section-height-default elementor-section-height-default\" data-id=\"717ca1a\" data-element_type=\"section\" data-e-type=\"section\" data-settings=\"{&quot;background_background&quot;:&quot;classic&quot;}\">\n\t\t\t\t\t\t<div class=\"elementor-container elementor-column-gap-default\">\n\t\t\t\t\t<div class=\"elementor-column elementor-col-33 elementor-top-column elementor-element elementor-element-596b741\" data-id=\"596b741\" data-element_type=\"column\" data-e-type=\"column\">\n\t\t\t<div class=\"elementor-widget-wrap elementor-element-populated\">\n\t\t\t\t\t\t<div class=\"elementor-element elementor-element-d9b4fce elementor-widget elementor-widget-text-editor\" data-id=\"d9b4fce\" data-element_type=\"widget\" data-e-type=\"widget\" data-widget_type=\"text-editor.default\">\n\t\t\t\t<div class=\"elementor-widget-container\">\n\t\t\t\t\t\t\t\t\t<p style=\"font-weight: 400; background-color: #f1f1f1;\"><\/p><p style=\"font-weight: 400; background-color: #f1f1f1;\"><span style=\"font-size: 18pt;\"><strong><span style=\"color: #000000;\">Kaposv\u00e1r<\/span><\/strong><\/span><\/p><p style=\"font-weight: 400;\">H-7400\u00a0<strong>Kaposv\u00e1r<\/strong><\/p><p style=\"font-weight: 400;\">Kossuth L. u. 1-9.<\/p><p style=\"font-weight: 400;\"><strong>Phone:<\/strong> +36 30 989 2312<\/p><p style=\"font-weight: 400;\">E-mail:\u00a0<a style=\"font-size: 13px;\" href=\"mailto:kaposvar@karrierirodabutor.hu\">kaposvar@karrierirodabutor.hu<\/a><\/p><p style=\"font-weight: 400;\"><\/p>\t\t\t\t\t\t\t\t<\/div>\n\t\t\t\t<\/div>\n\t\t\t\t\t<\/div>\n\t\t<\/div>\n\t\t\t\t<div class=\"elementor-column elementor-col-66 elementor-top-column elementor-element elementor-element-fa7b324\" data-id=\"fa7b324\" data-element_type=\"column\" data-e-type=\"column\">\n\t\t\t<div class=\"elementor-widget-wrap elementor-element-populated\">\n\t\t\t\t\t\t<div class=\"elementor-element elementor-element-c0a33eb elementor-widget elementor-widget-google_maps\" data-id=\"c0a33eb\" data-element_type=\"widget\" data-e-type=\"widget\" data-widget_type=\"google_maps.default\">\n\t\t\t\t<div class=\"elementor-widget-container\">\n\t\t\t\t\t\t\t<div class=\"elementor-custom-embed\">\n\t\t\t<iframe loading=\"lazy\"\n\t\t\t\t\tsrc=\"https:\/\/maps.google.com\/maps?q=7400%20Kaposv%C3%A1r%20%20Kossuth%20L.%20u.%201-9.&#038;t=m&#038;z=10&#038;output=embed&#038;iwloc=near\"\n\t\t\t\t\ttitle=\"7400 Kaposv\u00e1r  Kossuth L. u. 1-9.\"\n\t\t\t\t\taria-label=\"7400 Kaposv\u00e1r  Kossuth L. u. 1-9.\"\n\t\t\t><\/iframe>\n\t\t<\/div>\n\t\t\t\t\t\t<\/div>\n\t\t\t\t<\/div>\n\t\t\t\t\t<\/div>\n\t\t<\/div>\n\t\t\t\t\t<\/div>\n\t\t<\/section>\n\t\t\t\t<section class=\"elementor-section elementor-top-section elementor-element elementor-element-1ba6536 elementor-section-boxed elementor-section-height-default elementor-section-height-default\" data-id=\"1ba6536\" data-element_type=\"section\" data-e-type=\"section\" data-settings=\"{&quot;background_background&quot;:&quot;classic&quot;}\">\n\t\t\t\t\t\t<div class=\"elementor-container elementor-column-gap-default\">\n\t\t\t\t\t<div class=\"elementor-column elementor-col-100 elementor-top-column elementor-element elementor-element-4eea570\" data-id=\"4eea570\" data-element_type=\"column\" data-e-type=\"column\">\n\t\t\t<div class=\"elementor-widget-wrap elementor-element-populated\">\n\t\t\t\t\t\t<div class=\"elementor-element elementor-element-4ca74c0 elementor-widget elementor-widget-spacer\" data-id=\"4ca74c0\" data-element_type=\"widget\" data-e-type=\"widget\" data-widget_type=\"spacer.default\">\n\t\t\t\t<div class=\"elementor-widget-container\">\n\t\t\t\t\t\t\t<div class=\"elementor-spacer\">\n\t\t\t<div class=\"elementor-spacer-inner\"><\/div>\n\t\t<\/div>\n\t\t\t\t\t\t<\/div>\n\t\t\t\t<\/div>\n\t\t\t\t\t<\/div>\n\t\t<\/div>\n\t\t\t\t\t<\/div>\n\t\t<\/section>\n\t\t\t\t<\/div>\n\t\t","protected":false},"excerpt":{"rendered":"<p>Centre H-8000\u00a0SZ\u00c9KESFEH\u00c9RV\u00c1R Gy\u00fcm\u00f6lcs utca 19. Phone, Fax:\u00a0+36 (22) 505-807, 505-808 E-mail:\u00a0szekesfehervar@karrierirodabutor.hu Representative Offices Budapest H-1113\u00a0Budapest Bart\u00f3k B. \u00fat 152\/h. (Kelen Irodah\u00e1z) Phone:\u00a0 +36 30\/ 2376-761 E-mail:\u00a0budapest@karrierirodabutor.hu Kaposv\u00e1r H-7400\u00a0Kaposv\u00e1r Kossuth L. u. 1-9. Phone: +36 30 989 2312 E-mail:\u00a0kaposvar@karrierirodabutor.hu<\/p>\n","protected":false},"author":3,"featured_media":0,"parent":0,"menu_order":5,"comment_status":"closed","ping_status":"closed","template":"elementor_header_footer","meta":{"footnotes":""},"class_list":["post-114","page","type-page","status-publish","hentry"],"yoast_head":"<!-- This site is optimized with the Yoast SEO plugin v27.4 - https:\/\/yoast.com\/product\/yoast-seo-wordpress\/ -->\n<title>Contact - KARRIER B\u00daTOR Kft.<\/title>\n<meta name=\"robots\" content=\"index, follow, max-snippet:-1, max-image-preview:large, max-video-preview:-1\" \/>\n<link rel=\"canonical\" href=\"https:\/\/karrierirodabutor.hu\/elerhetoseg\/\" \/>\n<meta property=\"og:locale\" content=\"en_US\" \/>\n<meta property=\"og:type\" content=\"article\" \/>\n<meta property=\"og:title\" content=\"Contact - KARRIER B\u00daTOR Kft.\" \/>\n<meta property=\"og:description\" content=\"Centre H-8000\u00a0SZ\u00c9KESFEH\u00c9RV\u00c1R Gy\u00fcm\u00f6lcs utca 19. Phone, Fax:\u00a0+36 (22) 505-807, 505-808 E-mail:\u00a0szekesfehervar@karrierirodabutor.hu Representative Offices Budapest H-1113\u00a0Budapest Bart\u00f3k B. \u00fat 152\/h. (Kelen Irodah\u00e1z) Phone:\u00a0 +36 30\/ 2376-761 E-mail:\u00a0budapest@karrierirodabutor.hu Kaposv\u00e1r H-7400\u00a0Kaposv\u00e1r Kossuth L. u. 1-9. Phone: +36 30 989 2312 E-mail:\u00a0kaposvar@karrierirodabutor.hu\" \/>\n<meta property=\"og:url\" content=\"https:\/\/karrierirodabutor.hu\/elerhetoseg\/\" \/>\n<meta property=\"og:site_name\" content=\"KARRIER B\u00daTOR Kft.\" \/>\n<meta property=\"article:modified_time\" content=\"2024-04-30T10:35:08+00:00\" \/>\n<meta name=\"twitter:label1\" content=\"Est. reading time\" \/>\n\t<meta name=\"twitter:data1\" content=\"1 minute\" \/>\n<script type=\"application\/ld+json\" class=\"yoast-schema-graph\">{\"@context\":\"https:\\\/\\\/schema.org\",\"@graph\":[{\"@type\":\"WebPage\",\"@id\":\"https:\\\/\\\/karrierirodabutor.hu\\\/elerhetoseg\\\/\",\"url\":\"https:\\\/\\\/karrierirodabutor.hu\\\/elerhetoseg\\\/\",\"name\":\"Contact - KARRIER B\u00daTOR Kft.\",\"isPartOf\":{\"@id\":\"https:\\\/\\\/karrierirodabutor.hu\\\/#website\"},\"datePublished\":\"2012-12-20T11:53:57+00:00\",\"dateModified\":\"2024-04-30T10:35:08+00:00\",\"inLanguage\":\"en-US\",\"potentialAction\":[{\"@type\":\"ReadAction\",\"target\":[\"https:\\\/\\\/karrierirodabutor.hu\\\/elerhetoseg\\\/\"]}]},{\"@type\":\"WebSite\",\"@id\":\"https:\\\/\\\/karrierirodabutor.hu\\\/#website\",\"url\":\"https:\\\/\\\/karrierirodabutor.hu\\\/\",\"name\":\"KARRIER B\u00daTOR Kft.\",\"description\":\"KARRIER B\u00daTOR Kft.\",\"potentialAction\":[{\"@type\":\"SearchAction\",\"target\":{\"@type\":\"EntryPoint\",\"urlTemplate\":\"https:\\\/\\\/karrierirodabutor.hu\\\/?s={search_term_string}\"},\"query-input\":{\"@type\":\"PropertyValueSpecification\",\"valueRequired\":true,\"valueName\":\"search_term_string\"}}],\"inLanguage\":\"en-US\"}]}<\/script>\n<!-- \/ Yoast SEO plugin. -->","yoast_head_json":{"title":"Contact - KARRIER B\u00daTOR Kft.","robots":{"index":"index","follow":"follow","max-snippet":"max-snippet:-1","max-image-preview":"max-image-preview:large","max-video-preview":"max-video-preview:-1"},"canonical":"https:\/\/karrierirodabutor.hu\/elerhetoseg\/","og_locale":"en_US","og_type":"article","og_title":"Contact - KARRIER B\u00daTOR Kft.","og_description":"Centre H-8000\u00a0SZ\u00c9KESFEH\u00c9RV\u00c1R Gy\u00fcm\u00f6lcs utca 19. Phone, Fax:\u00a0+36 (22) 505-807, 505-808 E-mail:\u00a0szekesfehervar@karrierirodabutor.hu Representative Offices Budapest H-1113\u00a0Budapest Bart\u00f3k B. \u00fat 152\/h. (Kelen Irodah\u00e1z) Phone:\u00a0 +36 30\/ 2376-761 E-mail:\u00a0budapest@karrierirodabutor.hu Kaposv\u00e1r H-7400\u00a0Kaposv\u00e1r Kossuth L. u. 1-9. Phone: +36 30 989 2312 E-mail:\u00a0kaposvar@karrierirodabutor.hu","og_url":"https:\/\/karrierirodabutor.hu\/elerhetoseg\/","og_site_name":"KARRIER B\u00daTOR Kft.","article_modified_time":"2024-04-30T10:35:08+00:00","twitter_misc":{"Est. reading time":"1 minute"},"schema":{"@context":"https:\/\/schema.org","@graph":[{"@type":"WebPage","@id":"https:\/\/karrierirodabutor.hu\/elerhetoseg\/","url":"https:\/\/karrierirodabutor.hu\/elerhetoseg\/","name":"Contact - KARRIER B\u00daTOR Kft.","isPartOf":{"@id":"https:\/\/karrierirodabutor.hu\/#website"},"datePublished":"2012-12-20T11:53:57+00:00","dateModified":"2024-04-30T10:35:08+00:00","inLanguage":"en-US","potentialAction":[{"@type":"ReadAction","target":["https:\/\/karrierirodabutor.hu\/elerhetoseg\/"]}]},{"@type":"WebSite","@id":"https:\/\/karrierirodabutor.hu\/#website","url":"https:\/\/karrierirodabutor.hu\/","name":"KARRIER B\u00daTOR Kft.","description":"KARRIER B\u00daTOR Kft.","potentialAction":[{"@type":"SearchAction","target":{"@type":"EntryPoint","urlTemplate":"https:\/\/karrierirodabutor.hu\/?s={search_term_string}"},"query-input":{"@type":"PropertyValueSpecification","valueRequired":true,"valueName":"search_term_string"}}],"inLanguage":"en-US"}]}},"_links":{"self":[{"href":"https:\/\/karrierirodabutor.hu\/en\/wp-json\/wp\/v2\/pages\/114","targetHints":{"allow":["GET"]}}],"collection":[{"href":"https:\/\/karrierirodabutor.hu\/en\/wp-json\/wp\/v2\/pages"}],"about":[{"href":"https:\/\/karrierirodabutor.hu\/en\/wp-json\/wp\/v2\/types\/page"}],"author":[{"embeddable":true,"href":"https:\/\/karrierirodabutor.hu\/en\/wp-json\/wp\/v2\/users\/3"}],"replies":[{"embeddable":true,"href":"https:\/\/karrierirodabutor.hu\/en\/wp-json\/wp\/v2\/comments?post=114"}],"version-history":[{"count":37,"href":"https:\/\/karrierirodabutor.hu\/en\/wp-json\/wp\/v2\/pages\/114\/revisions"}],"predecessor-version":[{"id":26180,"href":"https:\/\/karrierirodabutor.hu\/en\/wp-json\/wp\/v2\/pages\/114\/revisions\/26180"}],"wp:attachment":[{"href":"https:\/\/karrierirodabutor.hu\/en\/wp-json\/wp\/v2\/media?parent=114"}],"curies":[{"name":"wp","href":"https:\/\/api.w.org\/{rel}","templated":true}]}}