{"id":11843,"date":"2018-09-24T10:05:19","date_gmt":"2018-09-24T08:05:19","guid":{"rendered":"https:\/\/karrierirodabutor.hu\/?page_id=11843"},"modified":"2021-07-13T11:06:58","modified_gmt":"2021-07-13T09:06:58","slug":"irattarolo-kontenerek","status":"publish","type":"page","link":"https:\/\/karrierirodabutor.hu\/en\/irodabutorok\/irattarolo-kontenerek\/","title":{"rendered":"(Magyar) Iratt\u00e1rol\u00f3 kont\u00e9nerek"},"content":{"rendered":"\t\t<div data-elementor-type=\"wp-post\" data-elementor-id=\"11843\" class=\"elementor elementor-11843\">\n\t\t\t\t\t\t<section class=\"elementor-section elementor-top-section elementor-element elementor-element-43d0085 elementor-section-boxed elementor-section-height-default elementor-section-height-default\" data-id=\"43d0085\" data-element_type=\"section\" data-e-type=\"section\">\n\t\t\t\t\t\t<div class=\"elementor-container elementor-column-gap-default\">\n\t\t\t\t\t<div class=\"elementor-column elementor-col-100 elementor-top-column elementor-element elementor-element-0ea268d\" data-id=\"0ea268d\" data-element_type=\"column\" data-e-type=\"column\">\n\t\t\t<div class=\"elementor-widget-wrap elementor-element-populated\">\n\t\t\t\t\t\t<div class=\"elementor-element elementor-element-5d7b342 elementor-widget elementor-widget-wp-widget-kaya-portfolio-widget\" data-id=\"5d7b342\" data-element_type=\"widget\" data-e-type=\"widget\" data-widget_type=\"wp-widget-kaya-portfolio-widget.default\">\n\t\t\t\t<div class=\"elementor-widget-container\">\n\t\t\t\t\t    <style type=\"text\/css\">\n      .filter-64 a:hover, .filter-64 .active{\n        background-color: #ED4E6E!important;\n        color: #ffffff!important;\n      }\n    <\/style>\n       <div class=\"\">        <div class=\"Portfolio_gallery\">\n        <ul class=\"isotope-container portfolio4 porfolio_items portfolio_extra clearfix\">\n                         <li class=\"all  cat-116\">\n                  <div class=\"innova-portfolio-container\">\n                      \n                <a href=\"https:\/\/karrierirodabutor.hu\/en\/portfolio\/3-fafiokos-kontenerek-asztal-ala\/\" target=\"_self\">\n                <img decoding=\"async\" src=\"https:\/\/karrierirodabutor.hu\/wp-content\/uploads\/2019\/06\/extend-kontenerek-1-1200x533-1-300x300.jpg\" class=\"\" alt=\"\" \/><\/a> \n                                  <div class=\"pf_item_box\" style=\"background-color:#dd3333;\">\n                    <div style=\"color:#232323!important;\">\n                                       <h4 style=\"color:#232323!important;\">(Magyar) 3 fafi\u00f3kos kont\u00e9nerek asztal al\u00e1 [Extend]<\/h4>\n                  \n                         \n                  <\/div>\n                  <\/div>\n                  \n                  <\/div>\n\n                <\/li>\n                                <li class=\"all  cat-116\">\n                  <div class=\"innova-portfolio-container\">\n                      \n                <a href=\"https:\/\/karrierirodabutor.hu\/en\/portfolio\/418-mm-magas-femfiokos-kontener-venusz\/\" target=\"_self\">\n                <img decoding=\"async\" src=\"https:\/\/karrierirodabutor.hu\/wp-content\/uploads\/2019\/06\/venusz-laplabas-kontenerek-4-1200x531-1-300x300.jpg\" class=\"\" alt=\"\" \/><\/a> \n                                  <div class=\"pf_item_box\" style=\"background-color:#81d742;\">\n                    <div style=\"color:#232323!important;\">\n                                       <h4 style=\"color:#232323!important;\">(Magyar) 418 mm magas f\u00e9mfi\u00f3kos kont\u00e9ner [V\u00e9nusz]<\/h4>\n                  \n                         \n                  <\/div>\n                  <\/div>\n                  \n                  <\/div>\n\n                <\/li>\n                                <li class=\"all  cat-116\">\n                  <div class=\"innova-portfolio-container\">\n                      \n                <a href=\"https:\/\/karrierirodabutor.hu\/en\/portfolio\/507-mm-magas-fafiokos-kontenerek-venusz\/\" target=\"_self\">\n                <img decoding=\"async\" src=\"https:\/\/karrierirodabutor.hu\/wp-content\/uploads\/2019\/06\/venusz-laplabas-kontenerek-1-1200x533-1-300x300.jpg\" class=\"\" alt=\"\" \/><\/a> \n                                  <div class=\"pf_item_box\" style=\"background-color:#dd3333;\">\n                    <div style=\"color:#232323!important;\">\n                                       <h4 style=\"color:#232323!important;\">(Magyar) 507 mm magas fafi\u00f3kos kont\u00e9nerek [v\u00e9nusz]<\/h4>\n                  \n                         \n                  <\/div>\n                  <\/div>\n                  \n                  <\/div>\n\n                <\/li>\n                                <li class=\"all  cat-116\">\n                  <div class=\"innova-portfolio-container\">\n                      \n                <a href=\"https:\/\/karrierirodabutor.hu\/en\/portfolio\/594-mm-magas-femfiokos-kontenerek-venusz\/\" target=\"_self\">\n                <img decoding=\"async\" src=\"https:\/\/karrierirodabutor.hu\/wp-content\/uploads\/2019\/06\/venusz-laplabas-kontenerek-5-1200x531-1-300x300.jpg\" class=\"\" alt=\"\" \/><\/a> \n                                  <div class=\"pf_item_box\" style=\"background-color:#1e73be;\">\n                    <div style=\"color:#232323!important;\">\n                                       <h4 style=\"color:#232323!important;\">(Magyar) 594 mm magas f\u00e9mfi\u00f3kos kont\u00e9nerek [V\u00e9nusz]<\/h4>\n                  \n                         \n                  <\/div>\n                  <\/div>\n                  \n                  <\/div>\n\n                <\/li>\n                                <li class=\"all  cat-116\">\n                  <div class=\"innova-portfolio-container\">\n                      \n                <a href=\"https:\/\/karrierirodabutor.hu\/en\/portfolio\/ajtos-fiokos-komod\/\" target=\"_self\">\n                <img decoding=\"async\" src=\"https:\/\/karrierirodabutor.hu\/wp-content\/uploads\/2019\/06\/extend-kontenerek-4-1200x531-1-300x300.jpg\" class=\"\" alt=\"\" \/><\/a> \n                                  <div class=\"pf_item_box\" style=\"background-color:#81d742;\">\n                    <div style=\"color:#232323!important;\">\n                                       <h4 style=\"color:#232323!important;\">(Magyar) Ajt\u00f3s, fi\u00f3kos kom\u00f3d [Extend]<\/h4>\n                  \n                         \n                  <\/div>\n                  <\/div>\n                  \n                  <\/div>\n\n                <\/li>\n                                <li class=\"all  cat-116\">\n                  <div class=\"innova-portfolio-container\">\n                      \n                <a href=\"https:\/\/karrierirodabutor.hu\/en\/portfolio\/asztalmagas-4-fafiokos-kontenerek\/\" target=\"_self\">\n                <img decoding=\"async\" src=\"https:\/\/karrierirodabutor.hu\/wp-content\/uploads\/2019\/06\/extend-kontenerek-2-1200x511-1-300x300.jpg\" class=\"\" alt=\"\" \/><\/a> \n                                  <div class=\"pf_item_box\" style=\"background-color:#dd9933;\">\n                    <div style=\"color:#232323!important;\">\n                                       <h4 style=\"color:#232323!important;\">(Magyar) Asztalmagas 4 fafi\u00f3kos kont\u00e9nerek [Extend]<\/h4>\n                  \n                         \n                  <\/div>\n                  <\/div>\n                  \n                  <\/div>\n\n                <\/li>\n                                <li class=\"all  cat-116\">\n                  <div class=\"innova-portfolio-container\">\n                      \n                <a href=\"https:\/\/karrierirodabutor.hu\/en\/portfolio\/asztalmagas-fafiokos-kontenerek-624-mm-es-melysegben\/\" target=\"_self\">\n                <img decoding=\"async\" src=\"https:\/\/karrierirodabutor.hu\/wp-content\/uploads\/2019\/06\/venusz-laplabas-kontenerek-2-1200x532-1-300x300.jpg\" class=\"\" alt=\"\" \/><\/a> \n                                  <div class=\"pf_item_box\" style=\"background-color:#dd9933;\">\n                    <div style=\"color:#232323!important;\">\n                                       <h4 style=\"color:#232323!important;\">(Magyar) Asztalmagas fafi\u00f3kos kont\u00e9nerek 624 mm-es m\u00e9lys\u00e9gben [V\u00e9nusz]<\/h4>\n                  \n                         \n                  <\/div>\n                  <\/div>\n                  \n                  <\/div>\n\n                <\/li>\n                                <li class=\"all  cat-116\">\n                  <div class=\"innova-portfolio-container\">\n                      \n                <a href=\"https:\/\/karrierirodabutor.hu\/en\/portfolio\/asztalmagas-fafiokos-kontenerek-804-mm-es-melysegben-venusz\/\" target=\"_self\">\n                <img decoding=\"async\" src=\"https:\/\/karrierirodabutor.hu\/wp-content\/uploads\/2019\/06\/venusz-laplabas-kontenerek-3-1200x559-1-300x300.jpg\" class=\"\" alt=\"\" \/><\/a> \n                                  <div class=\"pf_item_box\" style=\"background-color:#eeee22;\">\n                    <div style=\"color:#232323!important;\">\n                                       <h4 style=\"color:#232323!important;\">(Magyar) Asztalmagas fafi\u00f3kos kont\u00e9nerek 804 mm-es m\u00e9lys\u00e9gben [V\u00e9nusz]<\/h4>\n                  \n                         \n                  <\/div>\n                  <\/div>\n                  \n                  <\/div>\n\n                <\/li>\n                                <li class=\"all  cat-116\">\n                  <div class=\"innova-portfolio-container\">\n                      \n                <a href=\"https:\/\/karrierirodabutor.hu\/en\/portfolio\/asztalmagas-fafiokos-ajtos-kontenerek\/\" target=\"_self\">\n                <img decoding=\"async\" src=\"https:\/\/karrierirodabutor.hu\/wp-content\/uploads\/2019\/06\/extend-kontenerek-3-1200x500-1-300x300.jpg\" class=\"\" alt=\"\" \/><\/a> \n                                  <div class=\"pf_item_box\" style=\"background-color:#eeee22;\">\n                    <div style=\"color:#232323!important;\">\n                                       <h4 style=\"color:#232323!important;\">(Magyar) Asztalmagas fafi\u00f3kos, ajt\u00f3s kont\u00e9nerek [Extend]<\/h4>\n                  \n                         \n                  <\/div>\n                  <\/div>\n                  \n                  <\/div>\n\n                <\/li>\n                                <li class=\"all  cat-116\">\n                  <div class=\"innova-portfolio-container\">\n                      \n                <a href=\"https:\/\/karrierirodabutor.hu\/en\/portfolio\/asztalmagas-femfiokos-kontenerek-624-mm-es-melysegben\/\" target=\"_self\">\n                <img decoding=\"async\" src=\"https:\/\/karrierirodabutor.hu\/wp-content\/uploads\/2019\/06\/venusz-laplabas-kontenerek-6-1200x529-1-300x300.jpg\" class=\"\" alt=\"\" \/><\/a> \n                                  <div class=\"pf_item_box\" style=\"background-color:#8224e3;\">\n                    <div style=\"color:#232323!important;\">\n                                       <h4 style=\"color:#232323!important;\">(Magyar) Asztalmagas f\u00e9mfi\u00f3kos kont\u00e9nerek 624 mm-es m\u00e9lys\u00e9gben [V\u00e9nusz]<\/h4>\n                  \n                         \n                  <\/div>\n                  <\/div>\n                  \n                  <\/div>\n\n                <\/li>\n                                <li class=\"all  cat-116\">\n                  <div class=\"innova-portfolio-container\">\n                      \n                <a href=\"https:\/\/karrierirodabutor.hu\/en\/portfolio\/dupla-toloajtos-fafiokos-ajtos-szamitogeptarolo-komod\/\" target=\"_self\">\n                <img decoding=\"async\" src=\"https:\/\/karrierirodabutor.hu\/wp-content\/uploads\/2019\/06\/extend-kontenerek-6-1200x494-1-300x300.jpg\" class=\"\" alt=\"\" \/><\/a> \n                                  <div class=\"pf_item_box\" style=\"background-color:#8224e3;\">\n                    <div style=\"color:#232323!important;\">\n                                       <h4 style=\"color:#232323!important;\">(Magyar) Dupla tol\u00f3ajt\u00f3s, fafi\u00f3kos, ajt\u00f3s sz\u00e1m\u00edt\u00f3g\u00e9pt\u00e1rol\u00f3 kom\u00f3d [Extend]<\/h4>\n                  \n                         \n                  <\/div>\n                  <\/div>\n                  \n                  <\/div>\n\n                <\/li>\n                                <li class=\"all  cat-116\">\n                  <div class=\"innova-portfolio-container\">\n                      \n                <a href=\"https:\/\/karrierirodabutor.hu\/en\/portfolio\/magas-kontener-asztal-melle\/\" target=\"_self\">\n                <img decoding=\"async\" src=\"https:\/\/karrierirodabutor.hu\/wp-content\/uploads\/2019\/06\/extend-kontenerek-8-1200x511-1-300x300.jpg\" class=\"\" alt=\"\" \/><\/a> \n                                  <div class=\"pf_item_box\" style=\"background-color:#41d3c0;\">\n                    <div style=\"color:#232323!important;\">\n                                       <h4 style=\"color:#232323!important;\">(Magyar) Magas kont\u00e9ner asztal mell\u00e9 [Extend]<\/h4>\n                  \n                         \n                  <\/div>\n                  <\/div>\n                  \n                  <\/div>\n\n                <\/li>\n                                <li class=\"all  cat-116\">\n                  <div class=\"innova-portfolio-container\">\n                      \n                <a href=\"https:\/\/karrierirodabutor.hu\/en\/portfolio\/ratet-szekreny-asztalmagas-kontenerekre\/\" target=\"_self\">\n                <img decoding=\"async\" src=\"https:\/\/karrierirodabutor.hu\/wp-content\/uploads\/2019\/06\/extend-kontenerek-9-1200x494-1-300x300.jpg\" class=\"\" alt=\"\" \/><\/a> \n                                  <div class=\"pf_item_box\" style=\"background-color:#e03370;\">\n                    <div style=\"color:#232323!important;\">\n                                       <h4 style=\"color:#232323!important;\">(Magyar) R\u00e1t\u00e9t szekr\u00e9ny asztalmagas kont\u00e9nerekre [Extend]<\/h4>\n                  \n                         \n                  <\/div>\n                  <\/div>\n                  \n                  <\/div>\n\n                <\/li>\n                                <li class=\"all  cat-116\">\n                  <div class=\"innova-portfolio-container\">\n                      \n                <a href=\"https:\/\/karrierirodabutor.hu\/en\/portfolio\/toloajtos-fiokos-komod\/\" target=\"_self\">\n                <img decoding=\"async\" src=\"https:\/\/karrierirodabutor.hu\/wp-content\/uploads\/2019\/06\/extend-kontenerek-5-1200x509-1-300x300.jpg\" class=\"\" alt=\"\" \/><\/a> \n                                  <div class=\"pf_item_box\" style=\"background-color:#1e73be;\">\n                    <div style=\"color:#232323!important;\">\n                                       <h4 style=\"color:#232323!important;\">(Magyar) Tol\u00f3ajt\u00f3s, fi\u00f3kos kom\u00f3d [Extend]<\/h4>\n                  \n                         \n                  <\/div>\n                  <\/div>\n                  \n                  <\/div>\n\n                <\/li>\n                            <\/ul>\n                           <\/div>\n  <\/div>   \t\t\t\t<\/div>\n\t\t\t\t<\/div>\n\t\t\t\t\t<\/div>\n\t\t<\/div>\n\t\t\t\t\t<\/div>\n\t\t<\/section>\n\t\t\t\t<\/div>\n\t\t","protected":false},"excerpt":{"rendered":"","protected":false},"author":1,"featured_media":0,"parent":11819,"menu_order":0,"comment_status":"closed","ping_status":"closed","template":"elementor_header_footer","meta":{"footnotes":""},"class_list":["post-11843","page","type-page","status-publish","hentry"],"yoast_head":"<!-- This site is optimized with the Yoast SEO plugin v27.5 - https:\/\/yoast.com\/product\/yoast-seo-wordpress\/ -->\n<title>(Magyar) Iratt\u00e1rol\u00f3 kont\u00e9nerek - KARRIER B\u00daTOR Kft.<\/title>\n<meta name=\"robots\" content=\"index, follow, max-snippet:-1, max-image-preview:large, max-video-preview:-1\" \/>\n<link rel=\"canonical\" href=\"https:\/\/karrierirodabutor.hu\/irodabutorok\/irattarolo-kontenerek\/\" \/>\n<meta property=\"og:locale\" content=\"en_US\" \/>\n<meta property=\"og:type\" content=\"article\" \/>\n<meta property=\"og:title\" content=\"(Magyar) Iratt\u00e1rol\u00f3 kont\u00e9nerek - KARRIER B\u00daTOR Kft.\" \/>\n<meta property=\"og:url\" content=\"https:\/\/karrierirodabutor.hu\/irodabutorok\/irattarolo-kontenerek\/\" \/>\n<meta property=\"og:site_name\" content=\"KARRIER B\u00daTOR Kft.\" \/>\n<meta property=\"article:modified_time\" content=\"2021-07-13T09:06:58+00:00\" \/>\n<script type=\"application\/ld+json\" class=\"yoast-schema-graph\">{\"@context\":\"https:\\\/\\\/schema.org\",\"@graph\":[{\"@type\":\"WebPage\",\"@id\":\"https:\\\/\\\/karrierirodabutor.hu\\\/irodabutorok\\\/irattarolo-kontenerek\\\/\",\"url\":\"https:\\\/\\\/karrierirodabutor.hu\\\/irodabutorok\\\/irattarolo-kontenerek\\\/\",\"name\":\"(Magyar) Iratt\u00e1rol\u00f3 kont\u00e9nerek - KARRIER B\u00daTOR Kft.\",\"isPartOf\":{\"@id\":\"https:\\\/\\\/karrierirodabutor.hu\\\/#website\"},\"datePublished\":\"2018-09-24T08:05:19+00:00\",\"dateModified\":\"2021-07-13T09:06:58+00:00\",\"breadcrumb\":{\"@id\":\"https:\\\/\\\/karrierirodabutor.hu\\\/irodabutorok\\\/irattarolo-kontenerek\\\/#breadcrumb\"},\"inLanguage\":\"en-US\",\"potentialAction\":[{\"@type\":\"ReadAction\",\"target\":[\"https:\\\/\\\/karrierirodabutor.hu\\\/irodabutorok\\\/irattarolo-kontenerek\\\/\"]}]},{\"@type\":\"BreadcrumbList\",\"@id\":\"https:\\\/\\\/karrierirodabutor.hu\\\/irodabutorok\\\/irattarolo-kontenerek\\\/#breadcrumb\",\"itemListElement\":[{\"@type\":\"ListItem\",\"position\":1,\"name\":\"Irodab\u00fatorok\",\"item\":\"https:\\\/\\\/karrierirodabutor.hu\\\/irodabutorok\\\/\"},{\"@type\":\"ListItem\",\"position\":2,\"name\":\"Iratt\u00e1rol\u00f3 kont\u00e9nerek\"}]},{\"@type\":\"WebSite\",\"@id\":\"https:\\\/\\\/karrierirodabutor.hu\\\/#website\",\"url\":\"https:\\\/\\\/karrierirodabutor.hu\\\/\",\"name\":\"KARRIER B\u00daTOR Kft.\",\"description\":\"KARRIER B\u00daTOR Kft.\",\"potentialAction\":[{\"@type\":\"SearchAction\",\"target\":{\"@type\":\"EntryPoint\",\"urlTemplate\":\"https:\\\/\\\/karrierirodabutor.hu\\\/?s={search_term_string}\"},\"query-input\":{\"@type\":\"PropertyValueSpecification\",\"valueRequired\":true,\"valueName\":\"search_term_string\"}}],\"inLanguage\":\"en-US\"}]}<\/script>\n<!-- \/ Yoast SEO plugin. -->","yoast_head_json":{"title":"(Magyar) Iratt\u00e1rol\u00f3 kont\u00e9nerek - KARRIER B\u00daTOR Kft.","robots":{"index":"index","follow":"follow","max-snippet":"max-snippet:-1","max-image-preview":"max-image-preview:large","max-video-preview":"max-video-preview:-1"},"canonical":"https:\/\/karrierirodabutor.hu\/irodabutorok\/irattarolo-kontenerek\/","og_locale":"en_US","og_type":"article","og_title":"(Magyar) Iratt\u00e1rol\u00f3 kont\u00e9nerek - KARRIER B\u00daTOR Kft.","og_url":"https:\/\/karrierirodabutor.hu\/irodabutorok\/irattarolo-kontenerek\/","og_site_name":"KARRIER B\u00daTOR Kft.","article_modified_time":"2021-07-13T09:06:58+00:00","schema":{"@context":"https:\/\/schema.org","@graph":[{"@type":"WebPage","@id":"https:\/\/karrierirodabutor.hu\/irodabutorok\/irattarolo-kontenerek\/","url":"https:\/\/karrierirodabutor.hu\/irodabutorok\/irattarolo-kontenerek\/","name":"(Magyar) Iratt\u00e1rol\u00f3 kont\u00e9nerek - KARRIER B\u00daTOR Kft.","isPartOf":{"@id":"https:\/\/karrierirodabutor.hu\/#website"},"datePublished":"2018-09-24T08:05:19+00:00","dateModified":"2021-07-13T09:06:58+00:00","breadcrumb":{"@id":"https:\/\/karrierirodabutor.hu\/irodabutorok\/irattarolo-kontenerek\/#breadcrumb"},"inLanguage":"en-US","potentialAction":[{"@type":"ReadAction","target":["https:\/\/karrierirodabutor.hu\/irodabutorok\/irattarolo-kontenerek\/"]}]},{"@type":"BreadcrumbList","@id":"https:\/\/karrierirodabutor.hu\/irodabutorok\/irattarolo-kontenerek\/#breadcrumb","itemListElement":[{"@type":"ListItem","position":1,"name":"Irodab\u00fatorok","item":"https:\/\/karrierirodabutor.hu\/irodabutorok\/"},{"@type":"ListItem","position":2,"name":"Iratt\u00e1rol\u00f3 kont\u00e9nerek"}]},{"@type":"WebSite","@id":"https:\/\/karrierirodabutor.hu\/#website","url":"https:\/\/karrierirodabutor.hu\/","name":"KARRIER B\u00daTOR Kft.","description":"KARRIER B\u00daTOR Kft.","potentialAction":[{"@type":"SearchAction","target":{"@type":"EntryPoint","urlTemplate":"https:\/\/karrierirodabutor.hu\/?s={search_term_string}"},"query-input":{"@type":"PropertyValueSpecification","valueRequired":true,"valueName":"search_term_string"}}],"inLanguage":"en-US"}]}},"_links":{"self":[{"href":"https:\/\/karrierirodabutor.hu\/en\/wp-json\/wp\/v2\/pages\/11843","targetHints":{"allow":["GET"]}}],"collection":[{"href":"https:\/\/karrierirodabutor.hu\/en\/wp-json\/wp\/v2\/pages"}],"about":[{"href":"https:\/\/karrierirodabutor.hu\/en\/wp-json\/wp\/v2\/types\/page"}],"author":[{"embeddable":true,"href":"https:\/\/karrierirodabutor.hu\/en\/wp-json\/wp\/v2\/users\/1"}],"replies":[{"embeddable":true,"href":"https:\/\/karrierirodabutor.hu\/en\/wp-json\/wp\/v2\/comments?post=11843"}],"version-history":[{"count":10,"href":"https:\/\/karrierirodabutor.hu\/en\/wp-json\/wp\/v2\/pages\/11843\/revisions"}],"predecessor-version":[{"id":23245,"href":"https:\/\/karrierirodabutor.hu\/en\/wp-json\/wp\/v2\/pages\/11843\/revisions\/23245"}],"up":[{"embeddable":true,"href":"https:\/\/karrierirodabutor.hu\/en\/wp-json\/wp\/v2\/pages\/11819"}],"wp:attachment":[{"href":"https:\/\/karrierirodabutor.hu\/en\/wp-json\/wp\/v2\/media?parent=11843"}],"curies":[{"name":"wp","href":"https:\/\/api.w.org\/{rel}","templated":true}]}}