{"id":11865,"date":"2018-09-24T10:11:29","date_gmt":"2018-09-24T08:11:29","guid":{"rendered":"https:\/\/karrierirodabutor.hu\/?page_id=11865"},"modified":"2019-07-21T13:21:44","modified_gmt":"2019-07-21T11:21:44","slug":"terelvalasztok","status":"publish","type":"page","link":"https:\/\/karrierirodabutor.hu\/en\/irodabutorok\/terelvalasztok\/","title":{"rendered":"(Magyar) T\u00e9relv\u00e1laszt\u00f3k"},"content":{"rendered":"\t\t<div data-elementor-type=\"wp-post\" data-elementor-id=\"11865\" class=\"elementor elementor-11865\">\n\t\t\t\t\t\t<section class=\"elementor-section elementor-top-section elementor-element elementor-element-190269b elementor-section-boxed elementor-section-height-default elementor-section-height-default\" data-id=\"190269b\" data-element_type=\"section\" data-e-type=\"section\">\n\t\t\t\t\t\t<div class=\"elementor-container elementor-column-gap-default\">\n\t\t\t\t\t<div class=\"elementor-column elementor-col-100 elementor-top-column elementor-element elementor-element-c38ec19\" data-id=\"c38ec19\" data-element_type=\"column\" data-e-type=\"column\">\n\t\t\t<div class=\"elementor-widget-wrap elementor-element-populated\">\n\t\t\t\t\t\t<div class=\"elementor-element elementor-element-533bd31 elementor-widget elementor-widget-wp-widget-kaya-portfolio-widget\" data-id=\"533bd31\" data-element_type=\"widget\" data-e-type=\"widget\" data-widget_type=\"wp-widget-kaya-portfolio-widget.default\">\n\t\t\t\t<div class=\"elementor-widget-container\">\n\t\t\t\t\t    <style type=\"text\/css\">\n      .filter-4 a:hover, .filter-4 .active{\n        background-color: #ED4E6E!important;\n        color: #ffffff!important;\n      }\n    <\/style>\n       <div class=\"\">        <div class=\"Portfolio_gallery\">\n        <ul class=\"isotope-container portfolio4 porfolio_items portfolio_extra clearfix\">\n                         <li class=\"all  cat-121\">\n                  <div class=\"innova-portfolio-container\">\n                      \n                <a href=\"https:\/\/karrierirodabutor.hu\/en\/portfolio\/laminalt-faforgacslap-paravan\/\" target=\"_self\">\n                <img decoding=\"async\" src=\"https:\/\/karrierirodabutor.hu\/wp-content\/uploads\/2019\/07\/extend-paravanok-1-300x300.jpg\" class=\"\" alt=\"\" \/><\/a> \n                                  <div class=\"pf_item_box\" style=\"background-color:#eeee22;\">\n                    <div style=\"color:#232323!important;\">\n                                       <h4 style=\"color:#232323!important;\">(Magyar) Lamin\u00e1lt Faforg\u00e1cslap Parav\u00e1n<\/h4>\n                  \n                         \n                  <\/div>\n                  <\/div>\n                  \n                  <\/div>\n\n                <\/li>\n                                <li class=\"all  cat-121\">\n                  <div class=\"innova-portfolio-container\">\n                      \n                <a href=\"https:\/\/karrierirodabutor.hu\/en\/portfolio\/tuzheto-szovet-paravan\/\" target=\"_self\">\n                <img decoding=\"async\" src=\"https:\/\/karrierirodabutor.hu\/wp-content\/uploads\/2019\/07\/extend-paravanok-2-300x300.jpg\" class=\"\" alt=\"\" \/><\/a> \n                                  <div class=\"pf_item_box\" style=\"background-color:#20dbe5;\">\n                    <div style=\"color:#232323!important;\">\n                                       <h4 style=\"color:#232323!important;\">(Magyar) T\u0171zhet\u0151 Sz\u00f6vet Parav\u00e1n<\/h4>\n                  \n                         \n                  <\/div>\n                  <\/div>\n                  \n                  <\/div>\n\n                <\/li>\n                                <li class=\"all  cat-121\">\n                  <div class=\"innova-portfolio-container\">\n                      \n                <a href=\"https:\/\/karrierirodabutor.hu\/en\/portfolio\/paravan-asztal-vegebe\/\" target=\"_self\">\n                <img decoding=\"async\" src=\"https:\/\/karrierirodabutor.hu\/wp-content\/uploads\/2019\/07\/extend-paravanok-3-300x300.jpg\" class=\"\" alt=\"\" \/><\/a> \n                                  <div class=\"pf_item_box\" style=\"background-color:#8224e3;\">\n                    <div style=\"color:#232323!important;\">\n                                       <h4 style=\"color:#232323!important;\">(Magyar) Parav\u00e1n Asztal V\u00e9g\u00e9be<\/h4>\n                  \n                         \n                  <\/div>\n                  <\/div>\n                  \n                  <\/div>\n\n                <\/li>\n                                <li class=\"all  cat-121\">\n                  <div class=\"innova-portfolio-container\">\n                      \n                <a href=\"https:\/\/karrierirodabutor.hu\/en\/portfolio\/tuzheto-szovet-paravan-asztal-vegebe-2\/\" target=\"_self\">\n                <img decoding=\"async\" src=\"https:\/\/karrierirodabutor.hu\/wp-content\/uploads\/2019\/07\/extend-paravanok-4-300x300.jpg\" class=\"\" alt=\"\" \/><\/a> \n                                  <div class=\"pf_item_box\" style=\"background-color:#1e73be;\">\n                    <div style=\"color:#232323!important;\">\n                                       <h4 style=\"color:#232323!important;\">(Magyar) T\u0171zhet\u0151 Sz\u00f6vet Parav\u00e1n Asztal V\u00e9g\u00e9be<\/h4>\n                  \n                         \n                  <\/div>\n                  <\/div>\n                  \n                  <\/div>\n\n                <\/li>\n                                <li class=\"all  cat-121\">\n                  <div class=\"innova-portfolio-container\">\n                      \n                <a href=\"https:\/\/karrierirodabutor.hu\/en\/portfolio\/tuzheto-szovet-paravan-asztal-vegebe\/\" target=\"_self\">\n                <img decoding=\"async\" src=\"https:\/\/karrierirodabutor.hu\/wp-content\/uploads\/2019\/07\/extend-paravanok-5-300x300.jpg\" class=\"\" alt=\"\" \/><\/a> \n                                  <div class=\"pf_item_box\" style=\"background-color:#1e73be;\">\n                    <div style=\"color:#232323!important;\">\n                                       <h4 style=\"color:#232323!important;\">(Magyar) T\u0171zhet\u0151 Sz\u00f6vet Parav\u00e1n Asztal V\u00e9g\u00e9be<\/h4>\n                  \n                         \n                  <\/div>\n                  <\/div>\n                  \n                  <\/div>\n\n                <\/li>\n                                <li class=\"all  cat-121\">\n                  <div class=\"innova-portfolio-container\">\n                      \n                <a href=\"https:\/\/karrierirodabutor.hu\/en\/portfolio\/tuzheto-szovet-paravan-magassagban-allithato-asztal-vegebe\/\" target=\"_self\">\n                <img decoding=\"async\" src=\"https:\/\/karrierirodabutor.hu\/wp-content\/uploads\/2019\/07\/extend-paravanok-6-300x300.jpg\" class=\"\" alt=\"\" \/><\/a> \n                                  <div class=\"pf_item_box\" style=\"background-color:#eeee22;\">\n                    <div style=\"color:#232323!important;\">\n                                       <h4 style=\"color:#232323!important;\">(Magyar) T\u0171zhet\u0151 Sz\u00f6vet Parav\u00e1n Magass\u00e1gban \u00c1ll\u00edthat\u00f3 Asztal V\u00e9g\u00e9be<\/h4>\n                  \n                         \n                  <\/div>\n                  <\/div>\n                  \n                  <\/div>\n\n                <\/li>\n                            <\/ul>\n                           <\/div>\n  <\/div>   \t\t\t\t<\/div>\n\t\t\t\t<\/div>\n\t\t\t\t\t<\/div>\n\t\t<\/div>\n\t\t\t\t\t<\/div>\n\t\t<\/section>\n\t\t\t\t<\/div>\n\t\t","protected":false},"excerpt":{"rendered":"","protected":false},"author":1,"featured_media":0,"parent":11819,"menu_order":0,"comment_status":"closed","ping_status":"closed","template":"elementor_header_footer","meta":{"footnotes":""},"class_list":["post-11865","page","type-page","status-publish","hentry"],"yoast_head":"<!-- This site is optimized with the Yoast SEO plugin v27.5 - https:\/\/yoast.com\/product\/yoast-seo-wordpress\/ -->\n<title>(Magyar) T\u00e9relv\u00e1laszt\u00f3k - KARRIER B\u00daTOR Kft.<\/title>\n<meta name=\"robots\" content=\"index, follow, max-snippet:-1, max-image-preview:large, max-video-preview:-1\" \/>\n<link rel=\"canonical\" href=\"https:\/\/karrierirodabutor.hu\/en\/irodabutorok\/terelvalasztok\/\" \/>\n<meta property=\"og:locale\" content=\"en_US\" \/>\n<meta property=\"og:type\" content=\"article\" \/>\n<meta property=\"og:title\" content=\"(Magyar) T\u00e9relv\u00e1laszt\u00f3k - KARRIER B\u00daTOR Kft.\" \/>\n<meta property=\"og:url\" content=\"https:\/\/karrierirodabutor.hu\/en\/irodabutorok\/terelvalasztok\/\" \/>\n<meta property=\"og:site_name\" content=\"KARRIER B\u00daTOR Kft.\" \/>\n<meta property=\"article:modified_time\" content=\"2019-07-21T11:21:44+00:00\" \/>\n<script type=\"application\/ld+json\" class=\"yoast-schema-graph\">{\"@context\":\"https:\\\/\\\/schema.org\",\"@graph\":[{\"@type\":\"WebPage\",\"@id\":\"https:\\\/\\\/karrierirodabutor.hu\\\/en\\\/irodabutorok\\\/terelvalasztok\\\/\",\"url\":\"https:\\\/\\\/karrierirodabutor.hu\\\/en\\\/irodabutorok\\\/terelvalasztok\\\/\",\"name\":\"(Magyar) T\u00e9relv\u00e1laszt\u00f3k - KARRIER B\u00daTOR Kft.\",\"isPartOf\":{\"@id\":\"https:\\\/\\\/karrierirodabutor.hu\\\/#website\"},\"datePublished\":\"2018-09-24T08:11:29+00:00\",\"dateModified\":\"2019-07-21T11:21:44+00:00\",\"breadcrumb\":{\"@id\":\"https:\\\/\\\/karrierirodabutor.hu\\\/en\\\/irodabutorok\\\/terelvalasztok\\\/#breadcrumb\"},\"inLanguage\":\"en-US\",\"potentialAction\":[{\"@type\":\"ReadAction\",\"target\":[\"https:\\\/\\\/karrierirodabutor.hu\\\/en\\\/irodabutorok\\\/terelvalasztok\\\/\"]}]},{\"@type\":\"BreadcrumbList\",\"@id\":\"https:\\\/\\\/karrierirodabutor.hu\\\/en\\\/irodabutorok\\\/terelvalasztok\\\/#breadcrumb\",\"itemListElement\":[{\"@type\":\"ListItem\",\"position\":1,\"name\":\"Irodab\u00fatorok\",\"item\":\"https:\\\/\\\/karrierirodabutor.hu\\\/irodabutorok\\\/\"},{\"@type\":\"ListItem\",\"position\":2,\"name\":\"(Magyar) T\u00e9relv\u00e1laszt\u00f3k\"}]},{\"@type\":\"WebSite\",\"@id\":\"https:\\\/\\\/karrierirodabutor.hu\\\/#website\",\"url\":\"https:\\\/\\\/karrierirodabutor.hu\\\/\",\"name\":\"KARRIER B\u00daTOR Kft.\",\"description\":\"KARRIER B\u00daTOR Kft.\",\"potentialAction\":[{\"@type\":\"SearchAction\",\"target\":{\"@type\":\"EntryPoint\",\"urlTemplate\":\"https:\\\/\\\/karrierirodabutor.hu\\\/?s={search_term_string}\"},\"query-input\":{\"@type\":\"PropertyValueSpecification\",\"valueRequired\":true,\"valueName\":\"search_term_string\"}}],\"inLanguage\":\"en-US\"}]}<\/script>\n<!-- \/ Yoast SEO plugin. -->","yoast_head_json":{"title":"(Magyar) T\u00e9relv\u00e1laszt\u00f3k - KARRIER B\u00daTOR Kft.","robots":{"index":"index","follow":"follow","max-snippet":"max-snippet:-1","max-image-preview":"max-image-preview:large","max-video-preview":"max-video-preview:-1"},"canonical":"https:\/\/karrierirodabutor.hu\/en\/irodabutorok\/terelvalasztok\/","og_locale":"en_US","og_type":"article","og_title":"(Magyar) T\u00e9relv\u00e1laszt\u00f3k - KARRIER B\u00daTOR Kft.","og_url":"https:\/\/karrierirodabutor.hu\/en\/irodabutorok\/terelvalasztok\/","og_site_name":"KARRIER B\u00daTOR Kft.","article_modified_time":"2019-07-21T11:21:44+00:00","schema":{"@context":"https:\/\/schema.org","@graph":[{"@type":"WebPage","@id":"https:\/\/karrierirodabutor.hu\/en\/irodabutorok\/terelvalasztok\/","url":"https:\/\/karrierirodabutor.hu\/en\/irodabutorok\/terelvalasztok\/","name":"(Magyar) T\u00e9relv\u00e1laszt\u00f3k - KARRIER B\u00daTOR Kft.","isPartOf":{"@id":"https:\/\/karrierirodabutor.hu\/#website"},"datePublished":"2018-09-24T08:11:29+00:00","dateModified":"2019-07-21T11:21:44+00:00","breadcrumb":{"@id":"https:\/\/karrierirodabutor.hu\/en\/irodabutorok\/terelvalasztok\/#breadcrumb"},"inLanguage":"en-US","potentialAction":[{"@type":"ReadAction","target":["https:\/\/karrierirodabutor.hu\/en\/irodabutorok\/terelvalasztok\/"]}]},{"@type":"BreadcrumbList","@id":"https:\/\/karrierirodabutor.hu\/en\/irodabutorok\/terelvalasztok\/#breadcrumb","itemListElement":[{"@type":"ListItem","position":1,"name":"Irodab\u00fatorok","item":"https:\/\/karrierirodabutor.hu\/irodabutorok\/"},{"@type":"ListItem","position":2,"name":"(Magyar) T\u00e9relv\u00e1laszt\u00f3k"}]},{"@type":"WebSite","@id":"https:\/\/karrierirodabutor.hu\/#website","url":"https:\/\/karrierirodabutor.hu\/","name":"KARRIER B\u00daTOR Kft.","description":"KARRIER B\u00daTOR Kft.","potentialAction":[{"@type":"SearchAction","target":{"@type":"EntryPoint","urlTemplate":"https:\/\/karrierirodabutor.hu\/?s={search_term_string}"},"query-input":{"@type":"PropertyValueSpecification","valueRequired":true,"valueName":"search_term_string"}}],"inLanguage":"en-US"}]}},"_links":{"self":[{"href":"https:\/\/karrierirodabutor.hu\/en\/wp-json\/wp\/v2\/pages\/11865","targetHints":{"allow":["GET"]}}],"collection":[{"href":"https:\/\/karrierirodabutor.hu\/en\/wp-json\/wp\/v2\/pages"}],"about":[{"href":"https:\/\/karrierirodabutor.hu\/en\/wp-json\/wp\/v2\/types\/page"}],"author":[{"embeddable":true,"href":"https:\/\/karrierirodabutor.hu\/en\/wp-json\/wp\/v2\/users\/1"}],"replies":[{"embeddable":true,"href":"https:\/\/karrierirodabutor.hu\/en\/wp-json\/wp\/v2\/comments?post=11865"}],"version-history":[{"count":4,"href":"https:\/\/karrierirodabutor.hu\/en\/wp-json\/wp\/v2\/pages\/11865\/revisions"}],"predecessor-version":[{"id":20122,"href":"https:\/\/karrierirodabutor.hu\/en\/wp-json\/wp\/v2\/pages\/11865\/revisions\/20122"}],"up":[{"embeddable":true,"href":"https:\/\/karrierirodabutor.hu\/en\/wp-json\/wp\/v2\/pages\/11819"}],"wp:attachment":[{"href":"https:\/\/karrierirodabutor.hu\/en\/wp-json\/wp\/v2\/media?parent=11865"}],"curies":[{"name":"wp","href":"https:\/\/api.w.org\/{rel}","templated":true}]}}