{"id":11895,"date":"2018-09-24T11:11:53","date_gmt":"2018-09-24T09:11:53","guid":{"rendered":"https:\/\/karrierirodabutor.hu\/?page_id=11895"},"modified":"2019-06-27T10:33:32","modified_gmt":"2019-06-27T08:33:32","slug":"gardrob","status":"publish","type":"page","link":"https:\/\/karrierirodabutor.hu\/en\/lakossagi-butorok\/gardrob\/","title":{"rendered":"(Magyar) Gardr\u00f3b \u00e9s el\u0151szoba"},"content":{"rendered":"\t\t<div data-elementor-type=\"wp-post\" data-elementor-id=\"11895\" class=\"elementor elementor-11895\">\n\t\t\t\t\t\t<section class=\"elementor-section elementor-top-section elementor-element elementor-element-35ba6796 elementor-section-boxed elementor-section-height-default elementor-section-height-default\" data-id=\"35ba6796\" data-element_type=\"section\" data-e-type=\"section\" data-settings=\"{&quot;background_background&quot;:&quot;classic&quot;}\">\n\t\t\t\t\t\t<div class=\"elementor-container elementor-column-gap-default\">\n\t\t\t\t\t<div class=\"elementor-column elementor-col-33 elementor-top-column elementor-element elementor-element-21701b3\" data-id=\"21701b3\" data-element_type=\"column\" data-e-type=\"column\">\n\t\t\t<div class=\"elementor-widget-wrap elementor-element-populated\">\n\t\t\t\t\t\t<div class=\"elementor-element elementor-element-7174a87f elementor-widget elementor-widget-image\" data-id=\"7174a87f\" data-element_type=\"widget\" data-e-type=\"widget\" data-widget_type=\"image.default\">\n\t\t\t\t<div class=\"elementor-widget-container\">\n\t\t\t\t\t\t\t\t\t\t\t\t\t\t\t\t<a href=\"https:\/\/karrierirodabutor.hu\/lakossagi-butorok\/gardrob\/eloszoba-szekreny\/\">\n\t\t\t\t\t\t\t<img decoding=\"async\" src=\"https:\/\/karrierirodabutor.hu\/wp-content\/uploads\/elementor\/thumbs\/Lobby-2-pg04lfqhjszu9oupa38njxim76sijr3yzjy94fvo7k.jpg\" title=\"Lobby-2\" alt=\"Lobby-2\" loading=\"lazy\" \/>\t\t\t\t\t\t\t\t<\/a>\n\t\t\t\t\t\t\t\t\t\t\t\t\t\t\t<\/div>\n\t\t\t\t<\/div>\n\t\t\t\t<div class=\"elementor-element elementor-element-133e92ba elementor-widget elementor-widget-text-editor\" data-id=\"133e92ba\" data-element_type=\"widget\" data-e-type=\"widget\" data-widget_type=\"text-editor.default\">\n\t\t\t\t<div class=\"elementor-widget-container\">\n\t\t\t\t\t\t\t\t\t<p style=\"text-align: center;\"><span style=\"color: #ffffff;\"><a style=\"color: #ffffff;\" href=\"https:\/\/karrierirodabutor.hu\/lakossagi-butorok\/gardrob\/eloszoba-szekreny\/\"><span style=\"font-size: 14pt; font-family: georgia, palatino, serif;\">Hallway closet<\/span><\/a><\/span><\/p>\t\t\t\t\t\t\t\t<\/div>\n\t\t\t\t<\/div>\n\t\t\t\t\t<\/div>\n\t\t<\/div>\n\t\t\t\t<div class=\"elementor-column elementor-col-33 elementor-top-column elementor-element elementor-element-6dca10e7\" data-id=\"6dca10e7\" data-element_type=\"column\" data-e-type=\"column\">\n\t\t\t<div class=\"elementor-widget-wrap elementor-element-populated\">\n\t\t\t\t\t\t<div class=\"elementor-element elementor-element-7c9a7c87 elementor-widget elementor-widget-image\" data-id=\"7c9a7c87\" data-element_type=\"widget\" data-e-type=\"widget\" data-widget_type=\"image.default\">\n\t\t\t\t<div class=\"elementor-widget-container\">\n\t\t\t\t\t\t\t\t\t\t\t\t\t\t\t\t<a href=\"https:\/\/karrierirodabutor.hu\/lakossagi-butorok\/gardrob\/gardrobszekreny\/\">\n\t\t\t\t\t\t\t<img decoding=\"async\" src=\"https:\/\/karrierirodabutor.hu\/wp-content\/uploads\/elementor\/thumbs\/garda-plus-kategoriakep-800x600-pg04etxbipyaocg4uqg1j3izwpcngbvvquwepfo9xs.jpg\" title=\"garda-plus-kategoriakep-800&#215;600\" alt=\"garda-plus-kategoriakep-800x600\" loading=\"lazy\" \/>\t\t\t\t\t\t\t\t<\/a>\n\t\t\t\t\t\t\t\t\t\t\t\t\t\t\t<\/div>\n\t\t\t\t<\/div>\n\t\t\t\t<div class=\"elementor-element elementor-element-23954445 elementor-widget elementor-widget-text-editor\" data-id=\"23954445\" data-element_type=\"widget\" data-e-type=\"widget\" data-widget_type=\"text-editor.default\">\n\t\t\t\t<div class=\"elementor-widget-container\">\n\t\t\t\t\t\t\t\t\t<p style=\"text-align: center;\"><span style=\"font-size: 14pt; color: #ffffff;\"><a style=\"color: #ffffff;\" href=\"https:\/\/karrierirodabutor.hu\/lakossagi-butorok\/gardrob\/gardrobszekreny\/\">Closet<\/a><\/span><\/p>\t\t\t\t\t\t\t\t<\/div>\n\t\t\t\t<\/div>\n\t\t\t\t\t<\/div>\n\t\t<\/div>\n\t\t\t\t<div class=\"elementor-column elementor-col-33 elementor-top-column elementor-element elementor-element-783a2ea8\" data-id=\"783a2ea8\" data-element_type=\"column\" data-e-type=\"column\">\n\t\t\t<div class=\"elementor-widget-wrap elementor-element-populated\">\n\t\t\t\t\t\t<div class=\"elementor-element elementor-element-356e3e21 elementor-widget elementor-widget-image\" data-id=\"356e3e21\" data-element_type=\"widget\" data-e-type=\"widget\" data-widget_type=\"image.default\">\n\t\t\t\t<div class=\"elementor-widget-container\">\n\t\t\t\t\t\t\t\t\t\t\t\t\t\t\t\t<a href=\"https:\/\/karrierirodabutor.hu\/lakossagi-butorok\/gardrob\/ciposszekreny\/\">\n\t\t\t\t\t\t\t<img decoding=\"async\" src=\"https:\/\/karrierirodabutor.hu\/wp-content\/uploads\/elementor\/thumbs\/lima_ST_1_feher_sonoma-pg04lb1almtenn1j1j7ipgpb89foh9lbawotq22n2o.jpg\" title=\"lima_ST_1_feher_sonoma\" alt=\"lima_ST_1_feher_sonoma\" loading=\"lazy\" \/>\t\t\t\t\t\t\t\t<\/a>\n\t\t\t\t\t\t\t\t\t\t\t\t\t\t\t<\/div>\n\t\t\t\t<\/div>\n\t\t\t\t<div class=\"elementor-element elementor-element-5216d6df elementor-widget elementor-widget-text-editor\" data-id=\"5216d6df\" data-element_type=\"widget\" data-e-type=\"widget\" data-widget_type=\"text-editor.default\">\n\t\t\t\t<div class=\"elementor-widget-container\">\n\t\t\t\t\t\t\t\t\t<p style=\"text-align: center;\"><a href=\"https:\/\/karrierirodabutor.hu\/lakossagi-butorok\/gardrob\/ciposszekreny\/\"><span style=\"font-size: 14pt; color: #ffffff;\">Shoe Closet<\/span><\/a><\/p>\t\t\t\t\t\t\t\t<\/div>\n\t\t\t\t<\/div>\n\t\t\t\t\t<\/div>\n\t\t<\/div>\n\t\t\t\t\t<\/div>\n\t\t<\/section>\n\t\t\t\t<\/div>\n\t\t","protected":false},"excerpt":{"rendered":"<p>Hallway closet Closet Shoe Closet<\/p>\n","protected":false},"author":1,"featured_media":0,"parent":11821,"menu_order":0,"comment_status":"closed","ping_status":"closed","template":"elementor_header_footer","meta":{"footnotes":""},"class_list":["post-11895","page","type-page","status-publish","hentry"],"yoast_head":"<!-- This site is optimized with the Yoast SEO plugin v27.4 - https:\/\/yoast.com\/product\/yoast-seo-wordpress\/ -->\n<title>(Magyar) Gardr\u00f3b \u00e9s el\u0151szoba - KARRIER B\u00daTOR Kft.<\/title>\n<meta name=\"robots\" content=\"index, follow, max-snippet:-1, max-image-preview:large, max-video-preview:-1\" \/>\n<link rel=\"canonical\" href=\"https:\/\/karrierirodabutor.hu\/en\/lakossagi-butorok\/gardrob\/\" \/>\n<meta property=\"og:locale\" content=\"en_US\" \/>\n<meta property=\"og:type\" content=\"article\" \/>\n<meta property=\"og:title\" content=\"(Magyar) Gardr\u00f3b \u00e9s el\u0151szoba - KARRIER B\u00daTOR Kft.\" \/>\n<meta property=\"og:description\" content=\"Hallway closet Closet Shoe Closet\" \/>\n<meta property=\"og:url\" content=\"https:\/\/karrierirodabutor.hu\/en\/lakossagi-butorok\/gardrob\/\" \/>\n<meta property=\"og:site_name\" content=\"KARRIER B\u00daTOR Kft.\" \/>\n<meta property=\"article:modified_time\" content=\"2019-06-27T08:33:32+00:00\" \/>\n<meta property=\"og:image\" content=\"https:\/\/karrierirodabutor.hu\/wp-content\/uploads\/elementor\/thumbs\/Lobby-2-o9g3t2yo64ox9mwatmz0p12dutbeyabxd7zv451pao.jpg\" \/>\n<script type=\"application\/ld+json\" class=\"yoast-schema-graph\">{\"@context\":\"https:\\\/\\\/schema.org\",\"@graph\":[{\"@type\":\"WebPage\",\"@id\":\"https:\\\/\\\/karrierirodabutor.hu\\\/en\\\/lakossagi-butorok\\\/gardrob\\\/\",\"url\":\"https:\\\/\\\/karrierirodabutor.hu\\\/en\\\/lakossagi-butorok\\\/gardrob\\\/\",\"name\":\"(Magyar) Gardr\u00f3b \u00e9s el\u0151szoba - KARRIER B\u00daTOR Kft.\",\"isPartOf\":{\"@id\":\"https:\\\/\\\/karrierirodabutor.hu\\\/#website\"},\"primaryImageOfPage\":{\"@id\":\"https:\\\/\\\/karrierirodabutor.hu\\\/en\\\/lakossagi-butorok\\\/gardrob\\\/#primaryimage\"},\"image\":{\"@id\":\"https:\\\/\\\/karrierirodabutor.hu\\\/en\\\/lakossagi-butorok\\\/gardrob\\\/#primaryimage\"},\"thumbnailUrl\":\"https:\\\/\\\/karrierirodabutor.hu\\\/wp-content\\\/uploads\\\/elementor\\\/thumbs\\\/Lobby-2-o9g3t2yo64ox9mwatmz0p12dutbeyabxd7zv451pao.jpg\",\"datePublished\":\"2018-09-24T09:11:53+00:00\",\"dateModified\":\"2019-06-27T08:33:32+00:00\",\"breadcrumb\":{\"@id\":\"https:\\\/\\\/karrierirodabutor.hu\\\/en\\\/lakossagi-butorok\\\/gardrob\\\/#breadcrumb\"},\"inLanguage\":\"en-US\",\"potentialAction\":[{\"@type\":\"ReadAction\",\"target\":[\"https:\\\/\\\/karrierirodabutor.hu\\\/en\\\/lakossagi-butorok\\\/gardrob\\\/\"]}]},{\"@type\":\"ImageObject\",\"inLanguage\":\"en-US\",\"@id\":\"https:\\\/\\\/karrierirodabutor.hu\\\/en\\\/lakossagi-butorok\\\/gardrob\\\/#primaryimage\",\"url\":\"https:\\\/\\\/karrierirodabutor.hu\\\/wp-content\\\/uploads\\\/elementor\\\/thumbs\\\/Lobby-2-o9g3t2yo64ox9mwatmz0p12dutbeyabxd7zv451pao.jpg\",\"contentUrl\":\"https:\\\/\\\/karrierirodabutor.hu\\\/wp-content\\\/uploads\\\/elementor\\\/thumbs\\\/Lobby-2-o9g3t2yo64ox9mwatmz0p12dutbeyabxd7zv451pao.jpg\"},{\"@type\":\"BreadcrumbList\",\"@id\":\"https:\\\/\\\/karrierirodabutor.hu\\\/en\\\/lakossagi-butorok\\\/gardrob\\\/#breadcrumb\",\"itemListElement\":[{\"@type\":\"ListItem\",\"position\":1,\"name\":\"Wohnm\u00f6bel\",\"item\":\"https:\\\/\\\/karrierirodabutor.hu\\\/de\\\/lakossagi-butorok\\\/\"},{\"@type\":\"ListItem\",\"position\":2,\"name\":\"(Magyar) Gardr\u00f3b \u00e9s el\u0151szoba\"}]},{\"@type\":\"WebSite\",\"@id\":\"https:\\\/\\\/karrierirodabutor.hu\\\/#website\",\"url\":\"https:\\\/\\\/karrierirodabutor.hu\\\/\",\"name\":\"KARRIER B\u00daTOR Kft.\",\"description\":\"KARRIER B\u00daTOR Kft.\",\"potentialAction\":[{\"@type\":\"SearchAction\",\"target\":{\"@type\":\"EntryPoint\",\"urlTemplate\":\"https:\\\/\\\/karrierirodabutor.hu\\\/?s={search_term_string}\"},\"query-input\":{\"@type\":\"PropertyValueSpecification\",\"valueRequired\":true,\"valueName\":\"search_term_string\"}}],\"inLanguage\":\"en-US\"}]}<\/script>\n<!-- \/ Yoast SEO plugin. -->","yoast_head_json":{"title":"(Magyar) Gardr\u00f3b \u00e9s el\u0151szoba - KARRIER B\u00daTOR Kft.","robots":{"index":"index","follow":"follow","max-snippet":"max-snippet:-1","max-image-preview":"max-image-preview:large","max-video-preview":"max-video-preview:-1"},"canonical":"https:\/\/karrierirodabutor.hu\/en\/lakossagi-butorok\/gardrob\/","og_locale":"en_US","og_type":"article","og_title":"(Magyar) Gardr\u00f3b \u00e9s el\u0151szoba - KARRIER B\u00daTOR Kft.","og_description":"Hallway closet Closet Shoe Closet","og_url":"https:\/\/karrierirodabutor.hu\/en\/lakossagi-butorok\/gardrob\/","og_site_name":"KARRIER B\u00daTOR Kft.","article_modified_time":"2019-06-27T08:33:32+00:00","og_image":[{"url":"https:\/\/karrierirodabutor.hu\/wp-content\/uploads\/elementor\/thumbs\/Lobby-2-o9g3t2yo64ox9mwatmz0p12dutbeyabxd7zv451pao.jpg","type":"","width":"","height":""}],"schema":{"@context":"https:\/\/schema.org","@graph":[{"@type":"WebPage","@id":"https:\/\/karrierirodabutor.hu\/en\/lakossagi-butorok\/gardrob\/","url":"https:\/\/karrierirodabutor.hu\/en\/lakossagi-butorok\/gardrob\/","name":"(Magyar) Gardr\u00f3b \u00e9s el\u0151szoba - KARRIER B\u00daTOR Kft.","isPartOf":{"@id":"https:\/\/karrierirodabutor.hu\/#website"},"primaryImageOfPage":{"@id":"https:\/\/karrierirodabutor.hu\/en\/lakossagi-butorok\/gardrob\/#primaryimage"},"image":{"@id":"https:\/\/karrierirodabutor.hu\/en\/lakossagi-butorok\/gardrob\/#primaryimage"},"thumbnailUrl":"https:\/\/karrierirodabutor.hu\/wp-content\/uploads\/elementor\/thumbs\/Lobby-2-o9g3t2yo64ox9mwatmz0p12dutbeyabxd7zv451pao.jpg","datePublished":"2018-09-24T09:11:53+00:00","dateModified":"2019-06-27T08:33:32+00:00","breadcrumb":{"@id":"https:\/\/karrierirodabutor.hu\/en\/lakossagi-butorok\/gardrob\/#breadcrumb"},"inLanguage":"en-US","potentialAction":[{"@type":"ReadAction","target":["https:\/\/karrierirodabutor.hu\/en\/lakossagi-butorok\/gardrob\/"]}]},{"@type":"ImageObject","inLanguage":"en-US","@id":"https:\/\/karrierirodabutor.hu\/en\/lakossagi-butorok\/gardrob\/#primaryimage","url":"https:\/\/karrierirodabutor.hu\/wp-content\/uploads\/elementor\/thumbs\/Lobby-2-o9g3t2yo64ox9mwatmz0p12dutbeyabxd7zv451pao.jpg","contentUrl":"https:\/\/karrierirodabutor.hu\/wp-content\/uploads\/elementor\/thumbs\/Lobby-2-o9g3t2yo64ox9mwatmz0p12dutbeyabxd7zv451pao.jpg"},{"@type":"BreadcrumbList","@id":"https:\/\/karrierirodabutor.hu\/en\/lakossagi-butorok\/gardrob\/#breadcrumb","itemListElement":[{"@type":"ListItem","position":1,"name":"Wohnm\u00f6bel","item":"https:\/\/karrierirodabutor.hu\/de\/lakossagi-butorok\/"},{"@type":"ListItem","position":2,"name":"(Magyar) Gardr\u00f3b \u00e9s el\u0151szoba"}]},{"@type":"WebSite","@id":"https:\/\/karrierirodabutor.hu\/#website","url":"https:\/\/karrierirodabutor.hu\/","name":"KARRIER B\u00daTOR Kft.","description":"KARRIER B\u00daTOR Kft.","potentialAction":[{"@type":"SearchAction","target":{"@type":"EntryPoint","urlTemplate":"https:\/\/karrierirodabutor.hu\/?s={search_term_string}"},"query-input":{"@type":"PropertyValueSpecification","valueRequired":true,"valueName":"search_term_string"}}],"inLanguage":"en-US"}]}},"_links":{"self":[{"href":"https:\/\/karrierirodabutor.hu\/en\/wp-json\/wp\/v2\/pages\/11895","targetHints":{"allow":["GET"]}}],"collection":[{"href":"https:\/\/karrierirodabutor.hu\/en\/wp-json\/wp\/v2\/pages"}],"about":[{"href":"https:\/\/karrierirodabutor.hu\/en\/wp-json\/wp\/v2\/types\/page"}],"author":[{"embeddable":true,"href":"https:\/\/karrierirodabutor.hu\/en\/wp-json\/wp\/v2\/users\/1"}],"replies":[{"embeddable":true,"href":"https:\/\/karrierirodabutor.hu\/en\/wp-json\/wp\/v2\/comments?post=11895"}],"version-history":[{"count":11,"href":"https:\/\/karrierirodabutor.hu\/en\/wp-json\/wp\/v2\/pages\/11895\/revisions"}],"predecessor-version":[{"id":19683,"href":"https:\/\/karrierirodabutor.hu\/en\/wp-json\/wp\/v2\/pages\/11895\/revisions\/19683"}],"up":[{"embeddable":true,"href":"https:\/\/karrierirodabutor.hu\/en\/wp-json\/wp\/v2\/pages\/11821"}],"wp:attachment":[{"href":"https:\/\/karrierirodabutor.hu\/en\/wp-json\/wp\/v2\/media?parent=11895"}],"curies":[{"name":"wp","href":"https:\/\/api.w.org\/{rel}","templated":true}]}}