{"id":11904,"date":"2018-09-24T11:14:06","date_gmt":"2018-09-24T09:14:06","guid":{"rendered":"https:\/\/karrierirodabutor.hu\/?page_id=11904"},"modified":"2023-01-12T11:30:48","modified_gmt":"2023-01-12T10:30:48","slug":"nappali","status":"publish","type":"page","link":"https:\/\/karrierirodabutor.hu\/en\/lakossagi-butorok\/nappali\/","title":{"rendered":"(Magyar) Nappali"},"content":{"rendered":"\t\t<div data-elementor-type=\"wp-post\" data-elementor-id=\"11904\" class=\"elementor elementor-11904\">\n\t\t\t\t\t\t<section class=\"elementor-section elementor-top-section elementor-element elementor-element-13065424 elementor-section-boxed elementor-section-height-default elementor-section-height-default\" data-id=\"13065424\" data-element_type=\"section\" data-e-type=\"section\" data-settings=\"{&quot;background_background&quot;:&quot;classic&quot;}\">\n\t\t\t\t\t\t<div class=\"elementor-container elementor-column-gap-default\">\n\t\t\t\t\t<div class=\"elementor-column elementor-col-33 elementor-top-column elementor-element elementor-element-1fb7be6c\" data-id=\"1fb7be6c\" data-element_type=\"column\" data-e-type=\"column\">\n\t\t\t<div class=\"elementor-widget-wrap elementor-element-populated\">\n\t\t\t\t\t\t<div class=\"elementor-element elementor-element-6ae587b5 elementor-widget elementor-widget-image\" data-id=\"6ae587b5\" data-element_type=\"widget\" data-e-type=\"widget\" data-widget_type=\"image.default\">\n\t\t\t\t<div class=\"elementor-widget-container\">\n\t\t\t\t\t\t\t\t\t\t\t\t\t\t\t\t<a href=\"https:\/\/karrierirodabutor.hu\/lakossagi-butorok\/nappali\/dohanyzoasztal-iroasztal\/\">\n\t\t\t\t\t\t\t<img decoding=\"async\" src=\"https:\/\/karrierirodabutor.hu\/wp-content\/uploads\/elementor\/thumbs\/michelle_dohanyzoasztal_feher_arany_tolgy_01-pg04nsbymw7nalftk3t2sc63nv7jsiftb6nybce8nk.jpg\" title=\"michelle_dohanyzoasztal_feher_arany_tolgy_01\" alt=\"michelle_dohanyzoasztal_feher_arany_tolgy_01\" loading=\"lazy\" \/>\t\t\t\t\t\t\t\t<\/a>\n\t\t\t\t\t\t\t\t\t\t\t\t\t\t\t<\/div>\n\t\t\t\t<\/div>\n\t\t\t\t<div class=\"elementor-element elementor-element-32d3a9a4 elementor-widget elementor-widget-text-editor\" data-id=\"32d3a9a4\" data-element_type=\"widget\" data-e-type=\"widget\" data-widget_type=\"text-editor.default\">\n\t\t\t\t<div class=\"elementor-widget-container\">\n\t\t\t\t\t\t\t\t\t<p style=\"text-align: center;\"><span style=\"color: #ffffff;\"><span style=\"color: #ffffff; font-size: 14pt; font-family: georgia, palatino, serif;\"><a style=\"color: #ffffff;\" href=\"https:\/\/karrierirodabutor.hu\/lakossagi-butorok\/nappali\/dohanyzoasztal-iroasztal\/\">Doh\u00e1nyz\u00f3- \u00e9s <\/a>\u00edr\u00f3asztal<\/span><\/span><a style=\"font-size: 13px; color: #ffffff;\" href=\"https:\/\/karrierirodabutor.hu\/lakossagi-butorok\/nappali\/dohanyzoasztal\/\"><span style=\"font-size: 14pt; font-family: georgia, palatino, serif;\"><\/span><\/a><\/p>\t\t\t\t\t\t\t\t<\/div>\n\t\t\t\t<\/div>\n\t\t\t\t\t<\/div>\n\t\t<\/div>\n\t\t\t\t<div class=\"elementor-column elementor-col-33 elementor-top-column elementor-element elementor-element-16955115\" data-id=\"16955115\" data-element_type=\"column\" data-e-type=\"column\">\n\t\t\t<div class=\"elementor-widget-wrap elementor-element-populated\">\n\t\t\t\t\t\t<div class=\"elementor-element elementor-element-6799cb89 elementor-widget elementor-widget-image\" data-id=\"6799cb89\" data-element_type=\"widget\" data-e-type=\"widget\" data-widget_type=\"image.default\">\n\t\t\t\t<div class=\"elementor-widget-container\">\n\t\t\t\t\t\t\t\t\t\t\t\t\t\t\t\t<a href=\"https:\/\/karrierirodabutor.hu\/lakossagi-butorok\/nappali\/nappali-butor\/\">\n\t\t\t\t\t\t\t<img decoding=\"async\" src=\"https:\/\/karrierirodabutor.hu\/wp-content\/uploads\/elementor\/thumbs\/box_nappali_vilson_feh_w-1200x557-pg048wjyfbu7gv22go7qb3dd28kbx1ct9it6rmgn68.jpg\" title=\"box_nappali_vilson_feh_w-1200&#215;557\" alt=\"box_nappali_vilson_feh_w-1200x557\" loading=\"lazy\" \/>\t\t\t\t\t\t\t\t<\/a>\n\t\t\t\t\t\t\t\t\t\t\t\t\t\t\t<\/div>\n\t\t\t\t<\/div>\n\t\t\t\t<div class=\"elementor-element elementor-element-33ffdc02 elementor-widget elementor-widget-text-editor\" data-id=\"33ffdc02\" data-element_type=\"widget\" data-e-type=\"widget\" data-widget_type=\"text-editor.default\">\n\t\t\t\t<div class=\"elementor-widget-container\">\n\t\t\t\t\t\t\t\t\t<p style=\"text-align: center;\"><span style=\"font-family: georgia, palatino, serif; font-size: 14pt;\"><a href=\"https:\/\/karrierirodabutor.hu\/lakossagi-butorok\/nappali\/nappali-butor\/\"><span style=\"color: #ffffff;\">Nappali B\u00fator<\/span><\/a><\/span><\/p>\t\t\t\t\t\t\t\t<\/div>\n\t\t\t\t<\/div>\n\t\t\t\t\t<\/div>\n\t\t<\/div>\n\t\t\t\t<div class=\"elementor-column elementor-col-33 elementor-top-column elementor-element elementor-element-6e25c22d\" data-id=\"6e25c22d\" data-element_type=\"column\" data-e-type=\"column\">\n\t\t\t<div class=\"elementor-widget-wrap\">\n\t\t\t\t\t\t\t<\/div>\n\t\t<\/div>\n\t\t\t\t\t<\/div>\n\t\t<\/section>\n\t\t\t\t<\/div>\n\t\t","protected":false},"excerpt":{"rendered":"<p>Coffe table Living room furniture<\/p>\n","protected":false},"author":1,"featured_media":0,"parent":11821,"menu_order":0,"comment_status":"closed","ping_status":"closed","template":"elementor_header_footer","meta":{"footnotes":""},"class_list":["post-11904","page","type-page","status-publish","hentry"],"yoast_head":"<!-- This site is optimized with the Yoast SEO plugin v27.3 - https:\/\/yoast.com\/product\/yoast-seo-wordpress\/ -->\n<title>(Magyar) Nappali - KARRIER B\u00daTOR Kft.<\/title>\n<meta name=\"robots\" content=\"index, follow, max-snippet:-1, max-image-preview:large, max-video-preview:-1\" \/>\n<link rel=\"canonical\" href=\"https:\/\/karrierirodabutor.hu\/lakossagi-butorok\/nappali\/\" \/>\n<meta property=\"og:locale\" content=\"en_US\" \/>\n<meta property=\"og:type\" content=\"article\" \/>\n<meta property=\"og:title\" content=\"(Magyar) Nappali - KARRIER B\u00daTOR Kft.\" \/>\n<meta property=\"og:description\" content=\"Coffe table Living room furniture\" \/>\n<meta property=\"og:url\" content=\"https:\/\/karrierirodabutor.hu\/lakossagi-butorok\/nappali\/\" \/>\n<meta property=\"og:site_name\" content=\"KARRIER B\u00daTOR Kft.\" \/>\n<meta property=\"article:modified_time\" content=\"2023-01-12T10:30:48+00:00\" \/>\n<meta property=\"og:image\" content=\"https:\/\/karrierirodabutor.hu\/wp-content\/uploads\/elementor\/thumbs\/michelle_dohanyzoasztal_feher_arany_tolgy_01-pg04nsbymw7nalftk3t2sc63nv7jsiftb6nybce8nk.jpg\" \/>\n<script type=\"application\/ld+json\" class=\"yoast-schema-graph\">{\"@context\":\"https:\\\/\\\/schema.org\",\"@graph\":[{\"@type\":\"WebPage\",\"@id\":\"https:\\\/\\\/karrierirodabutor.hu\\\/lakossagi-butorok\\\/nappali\\\/\",\"url\":\"https:\\\/\\\/karrierirodabutor.hu\\\/lakossagi-butorok\\\/nappali\\\/\",\"name\":\"(Magyar) Nappali - KARRIER B\u00daTOR Kft.\",\"isPartOf\":{\"@id\":\"https:\\\/\\\/karrierirodabutor.hu\\\/#website\"},\"primaryImageOfPage\":{\"@id\":\"https:\\\/\\\/karrierirodabutor.hu\\\/lakossagi-butorok\\\/nappali\\\/#primaryimage\"},\"image\":{\"@id\":\"https:\\\/\\\/karrierirodabutor.hu\\\/lakossagi-butorok\\\/nappali\\\/#primaryimage\"},\"thumbnailUrl\":\"https:\\\/\\\/karrierirodabutor.hu\\\/wp-content\\\/uploads\\\/elementor\\\/thumbs\\\/michelle_dohanyzoasztal_feher_arany_tolgy_01-pg04nsbymw7nalftk3t2sc63nv7jsiftb6nybce8nk.jpg\",\"datePublished\":\"2018-09-24T09:14:06+00:00\",\"dateModified\":\"2023-01-12T10:30:48+00:00\",\"breadcrumb\":{\"@id\":\"https:\\\/\\\/karrierirodabutor.hu\\\/lakossagi-butorok\\\/nappali\\\/#breadcrumb\"},\"inLanguage\":\"en-US\",\"potentialAction\":[{\"@type\":\"ReadAction\",\"target\":[\"https:\\\/\\\/karrierirodabutor.hu\\\/lakossagi-butorok\\\/nappali\\\/\"]}]},{\"@type\":\"ImageObject\",\"inLanguage\":\"en-US\",\"@id\":\"https:\\\/\\\/karrierirodabutor.hu\\\/lakossagi-butorok\\\/nappali\\\/#primaryimage\",\"url\":\"https:\\\/\\\/karrierirodabutor.hu\\\/wp-content\\\/uploads\\\/elementor\\\/thumbs\\\/michelle_dohanyzoasztal_feher_arany_tolgy_01-pg04nsbymw7nalftk3t2sc63nv7jsiftb6nybce8nk.jpg\",\"contentUrl\":\"https:\\\/\\\/karrierirodabutor.hu\\\/wp-content\\\/uploads\\\/elementor\\\/thumbs\\\/michelle_dohanyzoasztal_feher_arany_tolgy_01-pg04nsbymw7nalftk3t2sc63nv7jsiftb6nybce8nk.jpg\"},{\"@type\":\"BreadcrumbList\",\"@id\":\"https:\\\/\\\/karrierirodabutor.hu\\\/lakossagi-butorok\\\/nappali\\\/#breadcrumb\",\"itemListElement\":[{\"@type\":\"ListItem\",\"position\":1,\"name\":\"Wohnm\u00f6bel\",\"item\":\"https:\\\/\\\/karrierirodabutor.hu\\\/de\\\/lakossagi-butorok\\\/\"},{\"@type\":\"ListItem\",\"position\":2,\"name\":\"[:hu]Nappali[:]\"}]},{\"@type\":\"WebSite\",\"@id\":\"https:\\\/\\\/karrierirodabutor.hu\\\/#website\",\"url\":\"https:\\\/\\\/karrierirodabutor.hu\\\/\",\"name\":\"KARRIER B\u00daTOR Kft.\",\"description\":\"KARRIER B\u00daTOR Kft.\",\"potentialAction\":[{\"@type\":\"SearchAction\",\"target\":{\"@type\":\"EntryPoint\",\"urlTemplate\":\"https:\\\/\\\/karrierirodabutor.hu\\\/?s={search_term_string}\"},\"query-input\":{\"@type\":\"PropertyValueSpecification\",\"valueRequired\":true,\"valueName\":\"search_term_string\"}}],\"inLanguage\":\"en-US\"}]}<\/script>\n<!-- \/ Yoast SEO plugin. -->","yoast_head_json":{"title":"(Magyar) Nappali - KARRIER B\u00daTOR Kft.","robots":{"index":"index","follow":"follow","max-snippet":"max-snippet:-1","max-image-preview":"max-image-preview:large","max-video-preview":"max-video-preview:-1"},"canonical":"https:\/\/karrierirodabutor.hu\/lakossagi-butorok\/nappali\/","og_locale":"en_US","og_type":"article","og_title":"(Magyar) Nappali - KARRIER B\u00daTOR Kft.","og_description":"Coffe table Living room furniture","og_url":"https:\/\/karrierirodabutor.hu\/lakossagi-butorok\/nappali\/","og_site_name":"KARRIER B\u00daTOR Kft.","article_modified_time":"2023-01-12T10:30:48+00:00","og_image":[{"url":"https:\/\/karrierirodabutor.hu\/wp-content\/uploads\/elementor\/thumbs\/michelle_dohanyzoasztal_feher_arany_tolgy_01-pg04nsbymw7nalftk3t2sc63nv7jsiftb6nybce8nk.jpg","type":"","width":"","height":""}],"schema":{"@context":"https:\/\/schema.org","@graph":[{"@type":"WebPage","@id":"https:\/\/karrierirodabutor.hu\/lakossagi-butorok\/nappali\/","url":"https:\/\/karrierirodabutor.hu\/lakossagi-butorok\/nappali\/","name":"(Magyar) Nappali - KARRIER B\u00daTOR Kft.","isPartOf":{"@id":"https:\/\/karrierirodabutor.hu\/#website"},"primaryImageOfPage":{"@id":"https:\/\/karrierirodabutor.hu\/lakossagi-butorok\/nappali\/#primaryimage"},"image":{"@id":"https:\/\/karrierirodabutor.hu\/lakossagi-butorok\/nappali\/#primaryimage"},"thumbnailUrl":"https:\/\/karrierirodabutor.hu\/wp-content\/uploads\/elementor\/thumbs\/michelle_dohanyzoasztal_feher_arany_tolgy_01-pg04nsbymw7nalftk3t2sc63nv7jsiftb6nybce8nk.jpg","datePublished":"2018-09-24T09:14:06+00:00","dateModified":"2023-01-12T10:30:48+00:00","breadcrumb":{"@id":"https:\/\/karrierirodabutor.hu\/lakossagi-butorok\/nappali\/#breadcrumb"},"inLanguage":"en-US","potentialAction":[{"@type":"ReadAction","target":["https:\/\/karrierirodabutor.hu\/lakossagi-butorok\/nappali\/"]}]},{"@type":"ImageObject","inLanguage":"en-US","@id":"https:\/\/karrierirodabutor.hu\/lakossagi-butorok\/nappali\/#primaryimage","url":"https:\/\/karrierirodabutor.hu\/wp-content\/uploads\/elementor\/thumbs\/michelle_dohanyzoasztal_feher_arany_tolgy_01-pg04nsbymw7nalftk3t2sc63nv7jsiftb6nybce8nk.jpg","contentUrl":"https:\/\/karrierirodabutor.hu\/wp-content\/uploads\/elementor\/thumbs\/michelle_dohanyzoasztal_feher_arany_tolgy_01-pg04nsbymw7nalftk3t2sc63nv7jsiftb6nybce8nk.jpg"},{"@type":"BreadcrumbList","@id":"https:\/\/karrierirodabutor.hu\/lakossagi-butorok\/nappali\/#breadcrumb","itemListElement":[{"@type":"ListItem","position":1,"name":"Wohnm\u00f6bel","item":"https:\/\/karrierirodabutor.hu\/de\/lakossagi-butorok\/"},{"@type":"ListItem","position":2,"name":"[:hu]Nappali[:]"}]},{"@type":"WebSite","@id":"https:\/\/karrierirodabutor.hu\/#website","url":"https:\/\/karrierirodabutor.hu\/","name":"KARRIER B\u00daTOR Kft.","description":"KARRIER B\u00daTOR Kft.","potentialAction":[{"@type":"SearchAction","target":{"@type":"EntryPoint","urlTemplate":"https:\/\/karrierirodabutor.hu\/?s={search_term_string}"},"query-input":{"@type":"PropertyValueSpecification","valueRequired":true,"valueName":"search_term_string"}}],"inLanguage":"en-US"}]}},"_links":{"self":[{"href":"https:\/\/karrierirodabutor.hu\/en\/wp-json\/wp\/v2\/pages\/11904","targetHints":{"allow":["GET"]}}],"collection":[{"href":"https:\/\/karrierirodabutor.hu\/en\/wp-json\/wp\/v2\/pages"}],"about":[{"href":"https:\/\/karrierirodabutor.hu\/en\/wp-json\/wp\/v2\/types\/page"}],"author":[{"embeddable":true,"href":"https:\/\/karrierirodabutor.hu\/en\/wp-json\/wp\/v2\/users\/1"}],"replies":[{"embeddable":true,"href":"https:\/\/karrierirodabutor.hu\/en\/wp-json\/wp\/v2\/comments?post=11904"}],"version-history":[{"count":37,"href":"https:\/\/karrierirodabutor.hu\/en\/wp-json\/wp\/v2\/pages\/11904\/revisions"}],"predecessor-version":[{"id":25422,"href":"https:\/\/karrierirodabutor.hu\/en\/wp-json\/wp\/v2\/pages\/11904\/revisions\/25422"}],"up":[{"embeddable":true,"href":"https:\/\/karrierirodabutor.hu\/en\/wp-json\/wp\/v2\/pages\/11821"}],"wp:attachment":[{"href":"https:\/\/karrierirodabutor.hu\/en\/wp-json\/wp\/v2\/media?parent=11904"}],"curies":[{"name":"wp","href":"https:\/\/api.w.org\/{rel}","templated":true}]}}