{"id":13788,"date":"2018-12-17T12:45:43","date_gmt":"2018-12-17T11:45:43","guid":{"rendered":"https:\/\/karrierirodabutor.hu\/?page_id=13788"},"modified":"2018-12-17T12:45:43","modified_gmt":"2018-12-17T11:45:43","slug":"belteri-arnyekolok","status":"publish","type":"page","link":"https:\/\/karrierirodabutor.hu\/en\/bemutatoterem\/belteri-arnyekolok\/","title":{"rendered":"Interior shades"},"content":{"rendered":"","protected":false},"excerpt":{"rendered":"","protected":false},"author":1,"featured_media":0,"parent":11825,"menu_order":2,"comment_status":"closed","ping_status":"closed","template":"","meta":{"footnotes":""},"class_list":["post-13788","page","type-page","status-publish","hentry"],"yoast_head":"<!-- This site is optimized with the Yoast SEO plugin v27.3 - https:\/\/yoast.com\/product\/yoast-seo-wordpress\/ -->\n<title>Interior shades - KARRIER B\u00daTOR Kft.<\/title>\n<meta name=\"robots\" content=\"index, follow, max-snippet:-1, max-image-preview:large, max-video-preview:-1\" \/>\n<link rel=\"canonical\" href=\"https:\/\/karrierirodabutor.hu\/bemutatoterem\/belteri-arnyekolok\/\" \/>\n<meta property=\"og:locale\" content=\"en_US\" \/>\n<meta property=\"og:type\" content=\"article\" \/>\n<meta property=\"og:title\" content=\"Interior shades - KARRIER B\u00daTOR Kft.\" \/>\n<meta property=\"og:url\" content=\"https:\/\/karrierirodabutor.hu\/bemutatoterem\/belteri-arnyekolok\/\" \/>\n<meta property=\"og:site_name\" content=\"KARRIER B\u00daTOR Kft.\" \/>\n<script type=\"application\/ld+json\" class=\"yoast-schema-graph\">{\"@context\":\"https:\\\/\\\/schema.org\",\"@graph\":[{\"@type\":\"WebPage\",\"@id\":\"https:\\\/\\\/karrierirodabutor.hu\\\/bemutatoterem\\\/belteri-arnyekolok\\\/\",\"url\":\"https:\\\/\\\/karrierirodabutor.hu\\\/bemutatoterem\\\/belteri-arnyekolok\\\/\",\"name\":\"Interior shades - KARRIER B\u00daTOR Kft.\",\"isPartOf\":{\"@id\":\"https:\\\/\\\/karrierirodabutor.hu\\\/#website\"},\"datePublished\":\"2018-12-17T11:45:43+00:00\",\"breadcrumb\":{\"@id\":\"https:\\\/\\\/karrierirodabutor.hu\\\/bemutatoterem\\\/belteri-arnyekolok\\\/#breadcrumb\"},\"inLanguage\":\"en-US\",\"potentialAction\":[{\"@type\":\"ReadAction\",\"target\":[\"https:\\\/\\\/karrierirodabutor.hu\\\/bemutatoterem\\\/belteri-arnyekolok\\\/\"]}]},{\"@type\":\"BreadcrumbList\",\"@id\":\"https:\\\/\\\/karrierirodabutor.hu\\\/bemutatoterem\\\/belteri-arnyekolok\\\/#breadcrumb\",\"itemListElement\":[{\"@type\":\"ListItem\",\"position\":1,\"name\":\"Bemutat\u00f3terem\",\"item\":\"https:\\\/\\\/karrierirodabutor.hu\\\/bemutatoterem\\\/\"},{\"@type\":\"ListItem\",\"position\":2,\"name\":\"Belt\u00e9ri \u00e1rny\u00e9kol\u00f3k\"}]},{\"@type\":\"WebSite\",\"@id\":\"https:\\\/\\\/karrierirodabutor.hu\\\/#website\",\"url\":\"https:\\\/\\\/karrierirodabutor.hu\\\/\",\"name\":\"KARRIER B\u00daTOR Kft.\",\"description\":\"KARRIER B\u00daTOR Kft.\",\"potentialAction\":[{\"@type\":\"SearchAction\",\"target\":{\"@type\":\"EntryPoint\",\"urlTemplate\":\"https:\\\/\\\/karrierirodabutor.hu\\\/?s={search_term_string}\"},\"query-input\":{\"@type\":\"PropertyValueSpecification\",\"valueRequired\":true,\"valueName\":\"search_term_string\"}}],\"inLanguage\":\"en-US\"}]}<\/script>\n<!-- \/ Yoast SEO plugin. -->","yoast_head_json":{"title":"Interior shades - KARRIER B\u00daTOR Kft.","robots":{"index":"index","follow":"follow","max-snippet":"max-snippet:-1","max-image-preview":"max-image-preview:large","max-video-preview":"max-video-preview:-1"},"canonical":"https:\/\/karrierirodabutor.hu\/bemutatoterem\/belteri-arnyekolok\/","og_locale":"en_US","og_type":"article","og_title":"Interior shades - KARRIER B\u00daTOR Kft.","og_url":"https:\/\/karrierirodabutor.hu\/bemutatoterem\/belteri-arnyekolok\/","og_site_name":"KARRIER B\u00daTOR Kft.","schema":{"@context":"https:\/\/schema.org","@graph":[{"@type":"WebPage","@id":"https:\/\/karrierirodabutor.hu\/bemutatoterem\/belteri-arnyekolok\/","url":"https:\/\/karrierirodabutor.hu\/bemutatoterem\/belteri-arnyekolok\/","name":"Interior shades - KARRIER B\u00daTOR Kft.","isPartOf":{"@id":"https:\/\/karrierirodabutor.hu\/#website"},"datePublished":"2018-12-17T11:45:43+00:00","breadcrumb":{"@id":"https:\/\/karrierirodabutor.hu\/bemutatoterem\/belteri-arnyekolok\/#breadcrumb"},"inLanguage":"en-US","potentialAction":[{"@type":"ReadAction","target":["https:\/\/karrierirodabutor.hu\/bemutatoterem\/belteri-arnyekolok\/"]}]},{"@type":"BreadcrumbList","@id":"https:\/\/karrierirodabutor.hu\/bemutatoterem\/belteri-arnyekolok\/#breadcrumb","itemListElement":[{"@type":"ListItem","position":1,"name":"Bemutat\u00f3terem","item":"https:\/\/karrierirodabutor.hu\/bemutatoterem\/"},{"@type":"ListItem","position":2,"name":"Belt\u00e9ri \u00e1rny\u00e9kol\u00f3k"}]},{"@type":"WebSite","@id":"https:\/\/karrierirodabutor.hu\/#website","url":"https:\/\/karrierirodabutor.hu\/","name":"KARRIER B\u00daTOR Kft.","description":"KARRIER B\u00daTOR Kft.","potentialAction":[{"@type":"SearchAction","target":{"@type":"EntryPoint","urlTemplate":"https:\/\/karrierirodabutor.hu\/?s={search_term_string}"},"query-input":{"@type":"PropertyValueSpecification","valueRequired":true,"valueName":"search_term_string"}}],"inLanguage":"en-US"}]}},"_links":{"self":[{"href":"https:\/\/karrierirodabutor.hu\/en\/wp-json\/wp\/v2\/pages\/13788","targetHints":{"allow":["GET"]}}],"collection":[{"href":"https:\/\/karrierirodabutor.hu\/en\/wp-json\/wp\/v2\/pages"}],"about":[{"href":"https:\/\/karrierirodabutor.hu\/en\/wp-json\/wp\/v2\/types\/page"}],"author":[{"embeddable":true,"href":"https:\/\/karrierirodabutor.hu\/en\/wp-json\/wp\/v2\/users\/1"}],"replies":[{"embeddable":true,"href":"https:\/\/karrierirodabutor.hu\/en\/wp-json\/wp\/v2\/comments?post=13788"}],"version-history":[{"count":1,"href":"https:\/\/karrierirodabutor.hu\/en\/wp-json\/wp\/v2\/pages\/13788\/revisions"}],"predecessor-version":[{"id":13789,"href":"https:\/\/karrierirodabutor.hu\/en\/wp-json\/wp\/v2\/pages\/13788\/revisions\/13789"}],"up":[{"embeddable":true,"href":"https:\/\/karrierirodabutor.hu\/en\/wp-json\/wp\/v2\/pages\/11825"}],"wp:attachment":[{"href":"https:\/\/karrierirodabutor.hu\/en\/wp-json\/wp\/v2\/media?parent=13788"}],"curies":[{"name":"wp","href":"https:\/\/api.w.org\/{rel}","templated":true}]}}