{"id":14945,"date":"2019-05-17T10:39:38","date_gmt":"2019-05-17T08:39:38","guid":{"rendered":"https:\/\/karrierirodabutor.hu\/?page_id=14945"},"modified":"2021-07-13T09:22:19","modified_gmt":"2021-07-13T07:22:19","slug":"ergonomia","status":"publish","type":"page","link":"https:\/\/karrierirodabutor.hu\/en\/kiegeszitok\/ergonomia\/","title":{"rendered":"Ergonomics"},"content":{"rendered":"\t\t<div data-elementor-type=\"wp-post\" data-elementor-id=\"14945\" class=\"elementor elementor-14945\">\n\t\t\t\t\t\t<section class=\"elementor-section elementor-top-section elementor-element elementor-element-2cf4158 elementor-section-boxed elementor-section-height-default elementor-section-height-default\" data-id=\"2cf4158\" data-element_type=\"section\" data-e-type=\"section\">\n\t\t\t\t\t\t<div class=\"elementor-container elementor-column-gap-default\">\n\t\t\t\t\t<div class=\"elementor-column elementor-col-100 elementor-top-column elementor-element elementor-element-620622e\" data-id=\"620622e\" data-element_type=\"column\" data-e-type=\"column\">\n\t\t\t<div class=\"elementor-widget-wrap elementor-element-populated\">\n\t\t\t\t\t\t<div class=\"elementor-element elementor-element-f347b2b elementor-widget elementor-widget-wp-widget-kaya-portfolio-widget\" data-id=\"f347b2b\" data-element_type=\"widget\" data-e-type=\"widget\" data-widget_type=\"wp-widget-kaya-portfolio-widget.default\">\n\t\t\t\t<div class=\"elementor-widget-container\">\n\t\t\t\t\t    <style type=\"text\/css\">\n      .filter-74 a:hover, .filter-74 .active{\n        background-color: #ED4E6E!important;\n        color: #ffffff!important;\n      }\n    <\/style>\n       <div class=\"\">        <div class=\"Portfolio_gallery\">\n        <ul class=\"isotope-container portfolio4 porfolio_items portfolio_extra clearfix\">\n                         <li class=\"all  cat-137\">\n                  <div class=\"innova-portfolio-container\">\n                      \n                <a href=\"https:\/\/karrierirodabutor.hu\/en\/portfolio\/3m-fr330-labtamasz\/\" target=\"_self\">\n                <img decoding=\"async\" src=\"https:\/\/karrierirodabutor.hu\/wp-content\/uploads\/2019\/06\/3M-FR3301-300x300.jpg\" class=\"\" alt=\"\" \/><\/a> \n                                  <div class=\"pf_item_box\" style=\"background-color:#ced38b;\">\n                    <div style=\"color:#232323!important;\">\n                                       <h4 style=\"color:#232323!important;\">3M FR330 Footrest<\/h4>\n                  \n                         \n                  <\/div>\n                  <\/div>\n                  \n                  <\/div>\n\n                <\/li>\n                                <li class=\"all  cat-137\">\n                  <div class=\"innova-portfolio-container\">\n                      \n                <a href=\"https:\/\/karrierirodabutor.hu\/en\/portfolio\/3m-fr430-labtamasz\/\" target=\"_self\">\n                <img decoding=\"async\" src=\"https:\/\/karrierirodabutor.hu\/wp-content\/uploads\/2019\/06\/3M-FR4302-300x300.jpg\" class=\"\" alt=\"\" \/><\/a> \n                                  <div class=\"pf_item_box\" style=\"background-color:#dd4f4f;\">\n                    <div style=\"color:#232323!important;\">\n                                       <h4 style=\"color:#232323!important;\">3M FR430 Footrest<\/h4>\n                  \n                         \n                  <\/div>\n                  <\/div>\n                  \n                  <\/div>\n\n                <\/li>\n                                <li class=\"all  cat-137\">\n                  <div class=\"innova-portfolio-container\">\n                      \n                <a href=\"https:\/\/karrierirodabutor.hu\/en\/portfolio\/fellowes-active-fusion-allaskonnyito-szonyeg\/\" target=\"_self\">\n                <img decoding=\"async\" src=\"https:\/\/karrierirodabutor.hu\/wp-content\/uploads\/2019\/06\/Fellowes-Active-Fusion2-300x300.jpg\" class=\"\" alt=\"\" \/><\/a> \n                                  <div class=\"pf_item_box\" style=\"background-color:#e0c61f;\">\n                    <div style=\"color:#232323!important;\">\n                                       <h4 style=\"color:#232323!important;\">Fellowes Active Fusion Carpeting carpet<\/h4>\n                  \n                         \n                  <\/div>\n                  <\/div>\n                  \n                  <\/div>\n\n                <\/li>\n                                <li class=\"all  cat-137\">\n                  <div class=\"innova-portfolio-container\">\n                      \n                <a href=\"https:\/\/karrierirodabutor.hu\/en\/portfolio\/fellowes-allaskonnyito-szonyeg\/\" target=\"_self\">\n                <img decoding=\"async\" src=\"https:\/\/karrierirodabutor.hu\/wp-content\/uploads\/2019\/06\/Fellowes2-300x300.jpg\" class=\"\" alt=\"\" \/><\/a> \n                                  <div class=\"pf_item_box\" style=\"background-color:#377fbf;\">\n                    <div style=\"color:#232323!important;\">\n                                       <h4 style=\"color:#232323!important;\">Fellowes Carpeting carper<\/h4>\n                  \n                         \n                  <\/div>\n                  <\/div>\n                  \n                  <\/div>\n\n                <\/li>\n                                <li class=\"all  cat-137\">\n                  <div class=\"innova-portfolio-container\">\n                      \n                <a href=\"https:\/\/karrierirodabutor.hu\/en\/portfolio\/fellowes-energizer-labtamasz\/\" target=\"_self\">\n                <img decoding=\"async\" src=\"https:\/\/karrierirodabutor.hu\/wp-content\/uploads\/2019\/06\/Fellowes-Energizer1-300x300.jpg\" class=\"\" alt=\"\" \/><\/a> \n                                  <div class=\"pf_item_box\" style=\"background-color:#eeee22;\">\n                    <div style=\"color:#232323!important;\">\n                                       <h4 style=\"color:#232323!important;\">Fellowes Energizer Footrest<\/h4>\n                  \n                         \n                  <\/div>\n                  <\/div>\n                  \n                  <\/div>\n\n                <\/li>\n                                <li class=\"all  cat-137\">\n                  <div class=\"innova-portfolio-container\">\n                      \n                <a href=\"https:\/\/karrierirodabutor.hu\/en\/portfolio\/fellowes-i-spire-series-labtamasz\/\" target=\"_self\">\n                <img decoding=\"async\" src=\"https:\/\/karrierirodabutor.hu\/wp-content\/uploads\/2019\/06\/Fellowes-I-Spire-Series-300x300.jpg\" class=\"\" alt=\"\" \/><\/a> \n                                  <div class=\"pf_item_box\" style=\"background-color:#dd1f1f;\">\n                    <div style=\"color:#232323!important;\">\n                                       <h4 style=\"color:#232323!important;\">Fellowes I-Series Footrest<\/h4>\n                  \n                         \n                  <\/div>\n                  <\/div>\n                  \n                  <\/div>\n\n                <\/li>\n                                <li class=\"all  cat-137\">\n                  <div class=\"innova-portfolio-container\">\n                      \n                <a href=\"https:\/\/karrierirodabutor.hu\/en\/portfolio\/fellowes-office-suites-microban-labtamasz\/\" target=\"_self\">\n                <img decoding=\"async\" src=\"https:\/\/karrierirodabutor.hu\/wp-content\/uploads\/2019\/06\/Fellowes-Office-Series-Microban1-300x300.jpg\" class=\"\" alt=\"\" \/><\/a> \n                                  <div class=\"pf_item_box\" style=\"background-color:#dd3ee0;\">\n                    <div style=\"color:#232323!important;\">\n                                       <h4 style=\"color:#232323!important;\">Fellowes Office Suites Microban Footrest<\/h4>\n                  \n                         \n                  <\/div>\n                  <\/div>\n                  \n                  <\/div>\n\n                <\/li>\n                                <li class=\"all  cat-137\">\n                  <div class=\"innova-portfolio-container\">\n                      \n                <a href=\"https:\/\/karrierirodabutor.hu\/en\/portfolio\/fellowes-professional-series-labtamasz\/\" target=\"_self\">\n                <img decoding=\"async\" src=\"https:\/\/karrierirodabutor.hu\/wp-content\/uploads\/2019\/06\/Fellowes-Professional-Series-Climate-Control1-300x300.jpg\" class=\"\" alt=\"\" \/><\/a> \n                                  <div class=\"pf_item_box\" style=\"background-color:#dd4b4b;\">\n                    <div style=\"color:#232323!important;\">\n                                       <h4 style=\"color:#232323!important;\">Fellowes Professional Series Climate Control Footrest<\/h4>\n                  \n                         \n                  <\/div>\n                  <\/div>\n                  \n                  <\/div>\n\n                <\/li>\n                                <li class=\"all  cat-137\">\n                  <div class=\"innova-portfolio-container\">\n                      \n                <a href=\"https:\/\/karrierirodabutor.hu\/en\/portfolio\/fellowes-professional-series-labtamasz-2\/\" target=\"_self\">\n                <img decoding=\"async\" src=\"https:\/\/karrierirodabutor.hu\/wp-content\/uploads\/2019\/06\/Fellowes-Professional-Series-300x300.jpg\" class=\"\" alt=\"\" \/><\/a> \n                                  <div class=\"pf_item_box\" style=\"background-color:#dd9933;\">\n                    <div style=\"color:#232323!important;\">\n                                       <h4 style=\"color:#232323!important;\">Fellowes Professional Series Footrest<\/h4>\n                  \n                         \n                  <\/div>\n                  <\/div>\n                  \n                  <\/div>\n\n                <\/li>\n                                <li class=\"all  cat-137\">\n                  <div class=\"innova-portfolio-container\">\n                      \n                <a href=\"https:\/\/karrierirodabutor.hu\/en\/portfolio\/fellowes-professional-series-ultimate-labtamasz\/\" target=\"_self\">\n                <img decoding=\"async\" src=\"https:\/\/karrierirodabutor.hu\/wp-content\/uploads\/2019\/06\/Fellowes-Professional-Series-Ultimate1-300x300.jpg\" class=\"\" alt=\"\" \/><\/a> \n                                  <div class=\"pf_item_box\" style=\"background-color:#925ea5;\">\n                    <div style=\"color:#232323!important;\">\n                                       <h4 style=\"color:#232323!important;\">Fellowes Professional Series Ultimate Footrest<\/h4>\n                  \n                         \n                  <\/div>\n                  <\/div>\n                  \n                  <\/div>\n\n                <\/li>\n                                <li class=\"all  cat-137\">\n                  <div class=\"innova-portfolio-container\">\n                      \n                <a href=\"https:\/\/karrierirodabutor.hu\/en\/portfolio\/fellowes-refresh-labtamasz\/\" target=\"_self\">\n                <img decoding=\"async\" src=\"https:\/\/karrierirodabutor.hu\/wp-content\/uploads\/2019\/06\/Fellowes-Refresh1-300x300.jpg\" class=\"\" alt=\"\" \/><\/a> \n                                  <div class=\"pf_item_box\" style=\"background-color:#8224e3;\">\n                    <div style=\"color:#232323!important;\">\n                                       <h4 style=\"color:#232323!important;\">Fellowes Refresh Footrest<\/h4>\n                  \n                         \n                  <\/div>\n                  <\/div>\n                  \n                  <\/div>\n\n                <\/li>\n                                <li class=\"all  cat-137\">\n                  <div class=\"innova-portfolio-container\">\n                      \n                <a href=\"https:\/\/karrierirodabutor.hu\/en\/portfolio\/fellowes-smart-suites-standard-labtamasz\/\" target=\"_self\">\n                <img decoding=\"async\" src=\"https:\/\/karrierirodabutor.hu\/wp-content\/uploads\/2019\/06\/Fellowes-Smart-Suites-Standard-300x300.jpg\" class=\"\" alt=\"\" \/><\/a> \n                                  <div class=\"pf_item_box\" style=\"background-color:#10d15a;\">\n                    <div style=\"color:#232323!important;\">\n                                       <h4 style=\"color:#232323!important;\">Fellowes Smart Suites Standard Footrest<\/h4>\n                  \n                         \n                  <\/div>\n                  <\/div>\n                  \n                  <\/div>\n\n                <\/li>\n                                <li class=\"all  cat-137\">\n                  <div class=\"innova-portfolio-container\">\n                      \n                <a href=\"https:\/\/karrierirodabutor.hu\/en\/portfolio\/fellowes-standard-labtamasz\/\" target=\"_self\">\n                <img decoding=\"async\" src=\"https:\/\/karrierirodabutor.hu\/wp-content\/uploads\/2019\/06\/Fellowes-Standard1-300x300.jpg\" class=\"\" alt=\"\" \/><\/a> \n                                  <div class=\"pf_item_box\" style=\"background-color:#eded0b;\">\n                    <div style=\"color:#232323!important;\">\n                                       <h4 style=\"color:#232323!important;\">Fellowes Standard Footrest<\/h4>\n                  \n                         \n                  <\/div>\n                  <\/div>\n                  \n                  <\/div>\n\n                <\/li>\n                                <li class=\"all  cat-137\">\n                  <div class=\"innova-portfolio-container\">\n                      \n                <a href=\"https:\/\/karrierirodabutor.hu\/en\/portfolio\/kensington-solemassage-labtamasz\/\" target=\"_self\">\n                <img decoding=\"async\" src=\"https:\/\/karrierirodabutor.hu\/wp-content\/uploads\/2019\/06\/Kensington-SoleMassage-300x300.jpg\" class=\"\" alt=\"\" \/><\/a> \n                                  <div class=\"pf_item_box\" style=\"background-color:#9e9e9e;\">\n                    <div style=\"color:#232323!important;\">\n                                       <h4 style=\"color:#232323!important;\">Kensington SoleMassage Footrest<\/h4>\n                  \n                         \n                  <\/div>\n                  <\/div>\n                  \n                  <\/div>\n\n                <\/li>\n                                <li class=\"all  cat-137\">\n                  <div class=\"innova-portfolio-container\">\n                      \n                <a href=\"https:\/\/karrierirodabutor.hu\/en\/portfolio\/kensington-solemate-comfort-labtamasz\/\" target=\"_self\">\n                <img decoding=\"async\" src=\"https:\/\/karrierirodabutor.hu\/wp-content\/uploads\/2019\/06\/Kensington-SoleMate-Comfort-300x300.jpg\" class=\"\" alt=\"\" \/><\/a> \n                                  <div class=\"pf_item_box\" style=\"background-color:#83a1bf;\">\n                    <div style=\"color:#232323!important;\">\n                                       <h4 style=\"color:#232323!important;\">Kensington SoleMate Comfort Footrest<\/h4>\n                  \n                         \n                  <\/div>\n                  <\/div>\n                  \n                  <\/div>\n\n                <\/li>\n                                <li class=\"all  cat-137\">\n                  <div class=\"innova-portfolio-container\">\n                      \n                <a href=\"https:\/\/karrierirodabutor.hu\/en\/portfolio\/kensington-solemate-labtamasz\/\" target=\"_self\">\n                <img decoding=\"async\" src=\"https:\/\/karrierirodabutor.hu\/wp-content\/uploads\/2019\/06\/Kensington-SoleMate1-300x300.jpg\" class=\"\" alt=\"\" \/><\/a> \n                                  <div class=\"pf_item_box\" style=\"background-color:#46e28f;\">\n                    <div style=\"color:#232323!important;\">\n                                       <h4 style=\"color:#232323!important;\">Kensington SoleMate Footrest<\/h4>\n                  \n                         \n                  <\/div>\n                  <\/div>\n                  \n                  <\/div>\n\n                <\/li>\n                                <li class=\"all  cat-137\">\n                  <div class=\"innova-portfolio-container\">\n                      \n                <a href=\"https:\/\/karrierirodabutor.hu\/en\/portfolio\/kensington-solemate-plus-labtamasz\/\" target=\"_self\">\n                <img decoding=\"async\" src=\"https:\/\/karrierirodabutor.hu\/wp-content\/uploads\/2019\/06\/BME56146_02-300x300.jpg\" class=\"\" alt=\"\" \/><\/a> \n                                  <div class=\"pf_item_box\" style=\"background-color:#c1db32;\">\n                    <div style=\"color:#232323!important;\">\n                                       <h4 style=\"color:#232323!important;\">Kensington SoleMate Plus Footrest<\/h4>\n                  \n                         \n                  <\/div>\n                  <\/div>\n                  \n                  <\/div>\n\n                <\/li>\n                                <li class=\"all  cat-137\">\n                  <div class=\"innova-portfolio-container\">\n                      \n                <a href=\"https:\/\/karrierirodabutor.hu\/en\/portfolio\/kensington-solerest-labtamasz\/\" target=\"_self\">\n                <img decoding=\"async\" src=\"https:\/\/karrierirodabutor.hu\/wp-content\/uploads\/2019\/06\/Kensington-SoleRest-300x300.jpg\" class=\"\" alt=\"\" \/><\/a> \n                                  <div class=\"pf_item_box\" style=\"background-color:#80b738;\">\n                    <div style=\"color:#232323!important;\">\n                                       <h4 style=\"color:#232323!important;\">Kensington SoleRest Footrest<\/h4>\n                  \n                         \n                  <\/div>\n                  <\/div>\n                  \n                  <\/div>\n\n                <\/li>\n                                <li class=\"all  cat-137\">\n                  <div class=\"innova-portfolio-container\">\n                      \n                <a href=\"https:\/\/karrierirodabutor.hu\/en\/portfolio\/kensington-solesaver-labtamasz\/\" target=\"_self\">\n                <img decoding=\"async\" src=\"https:\/\/karrierirodabutor.hu\/wp-content\/uploads\/2019\/06\/Kensington-SoleSaver1-300x300.jpg\" class=\"\" alt=\"\" \/><\/a> \n                                  <div class=\"pf_item_box\" style=\"background-color:#dd1818;\">\n                    <div style=\"color:#232323!important;\">\n                                       <h4 style=\"color:#232323!important;\">Kensington SoleSaver Footrest<\/h4>\n                  \n                         \n                  <\/div>\n                  <\/div>\n                  \n                  <\/div>\n\n                <\/li>\n                                <li class=\"all  cat-137\">\n                  <div class=\"innova-portfolio-container\">\n                      \n                <a href=\"https:\/\/karrierirodabutor.hu\/en\/portfolio\/kensington-solesoother-labtamasz\/\" target=\"_self\">\n                <img decoding=\"async\" src=\"https:\/\/karrierirodabutor.hu\/wp-content\/uploads\/2019\/06\/Kensington-SoleSoother1-300x300.jpg\" class=\"\" alt=\"\" \/><\/a> \n                                  <div class=\"pf_item_box\" style=\"background-color:#a15fe2;\">\n                    <div style=\"color:#232323!important;\">\n                                       <h4 style=\"color:#232323!important;\">Kensington SoleSoother Footrest<\/h4>\n                  \n                         \n                  <\/div>\n                  <\/div>\n                  \n                  <\/div>\n\n                <\/li>\n                                <li class=\"all  cat-137\">\n                  <div class=\"innova-portfolio-container\">\n                      \n                <a href=\"https:\/\/karrierirodabutor.hu\/en\/portfolio\/rc-office-ergonop-allaskonnyito-szonyeg\/\" target=\"_self\">\n                <img decoding=\"async\" src=\"https:\/\/karrierirodabutor.hu\/wp-content\/uploads\/2019\/06\/RS-Office-Ergonop1-300x300.jpg\" class=\"\" alt=\"\" \/><\/a> \n                                  <div class=\"pf_item_box\" style=\"background-color:#4687bf;\">\n                    <div style=\"color:#232323!important;\">\n                                       <h4 style=\"color:#232323!important;\">RS Office Ergonop Carpeting Carpet<\/h4>\n                  \n                         \n                  <\/div>\n                  <\/div>\n                  \n                  <\/div>\n\n                <\/li>\n                                <li class=\"all  cat-137\">\n                  <div class=\"innova-portfolio-container\">\n                      \n                <a href=\"https:\/\/karrierirodabutor.hu\/en\/portfolio\/rs-office-ergosoft-allaskonnyito-szonyeg\/\" target=\"_self\">\n                <img decoding=\"async\" src=\"https:\/\/karrierirodabutor.hu\/wp-content\/uploads\/2019\/06\/RS-Office-Ergosoft1-300x300.jpg\" class=\"\" alt=\"\" \/><\/a> \n                                  <div class=\"pf_item_box\" style=\"background-color:#81d742;\">\n                    <div style=\"color:#232323!important;\">\n                                       <h4 style=\"color:#232323!important;\">RS Office Ergosoft Carpeting Carpet<\/h4>\n                  \n                         \n                  <\/div>\n                  <\/div>\n                  \n                  <\/div>\n\n                <\/li>\n                            <\/ul>\n                           <\/div>\n  <\/div>   \t\t\t\t<\/div>\n\t\t\t\t<\/div>\n\t\t\t\t\t<\/div>\n\t\t<\/div>\n\t\t\t\t\t<\/div>\n\t\t<\/section>\n\t\t\t\t<\/div>\n\t\t","protected":false},"excerpt":{"rendered":"","protected":false},"author":1,"featured_media":0,"parent":11823,"menu_order":0,"comment_status":"closed","ping_status":"closed","template":"elementor_header_footer","meta":{"footnotes":""},"class_list":["post-14945","page","type-page","status-publish","hentry"],"yoast_head":"<!-- This site is optimized with the Yoast SEO plugin v27.5 - https:\/\/yoast.com\/product\/yoast-seo-wordpress\/ -->\n<title>Ergonomics - KARRIER B\u00daTOR Kft.<\/title>\n<meta name=\"robots\" content=\"index, follow, max-snippet:-1, max-image-preview:large, max-video-preview:-1\" \/>\n<link rel=\"canonical\" href=\"https:\/\/karrierirodabutor.hu\/kiegeszitok\/ergonomia\/\" \/>\n<meta property=\"og:locale\" content=\"en_US\" \/>\n<meta property=\"og:type\" content=\"article\" \/>\n<meta property=\"og:title\" content=\"Ergonomics - KARRIER B\u00daTOR Kft.\" \/>\n<meta property=\"og:url\" content=\"https:\/\/karrierirodabutor.hu\/kiegeszitok\/ergonomia\/\" \/>\n<meta property=\"og:site_name\" content=\"KARRIER B\u00daTOR Kft.\" \/>\n<meta property=\"article:modified_time\" content=\"2021-07-13T07:22:19+00:00\" \/>\n<script type=\"application\/ld+json\" class=\"yoast-schema-graph\">{\"@context\":\"https:\\\/\\\/schema.org\",\"@graph\":[{\"@type\":\"WebPage\",\"@id\":\"https:\\\/\\\/karrierirodabutor.hu\\\/kiegeszitok\\\/ergonomia\\\/\",\"url\":\"https:\\\/\\\/karrierirodabutor.hu\\\/kiegeszitok\\\/ergonomia\\\/\",\"name\":\"Ergonomics - KARRIER B\u00daTOR Kft.\",\"isPartOf\":{\"@id\":\"https:\\\/\\\/karrierirodabutor.hu\\\/#website\"},\"datePublished\":\"2019-05-17T08:39:38+00:00\",\"dateModified\":\"2021-07-13T07:22:19+00:00\",\"breadcrumb\":{\"@id\":\"https:\\\/\\\/karrierirodabutor.hu\\\/kiegeszitok\\\/ergonomia\\\/#breadcrumb\"},\"inLanguage\":\"en-US\",\"potentialAction\":[{\"@type\":\"ReadAction\",\"target\":[\"https:\\\/\\\/karrierirodabutor.hu\\\/kiegeszitok\\\/ergonomia\\\/\"]}]},{\"@type\":\"BreadcrumbList\",\"@id\":\"https:\\\/\\\/karrierirodabutor.hu\\\/kiegeszitok\\\/ergonomia\\\/#breadcrumb\",\"itemListElement\":[{\"@type\":\"ListItem\",\"position\":1,\"name\":\"kieg\u00e9sz\u00edt\u0151k\",\"item\":\"https:\\\/\\\/karrierirodabutor.hu\\\/kiegeszitok\\\/\"},{\"@type\":\"ListItem\",\"position\":2,\"name\":\"Ergon\u00f3mia\"}]},{\"@type\":\"WebSite\",\"@id\":\"https:\\\/\\\/karrierirodabutor.hu\\\/#website\",\"url\":\"https:\\\/\\\/karrierirodabutor.hu\\\/\",\"name\":\"KARRIER B\u00daTOR Kft.\",\"description\":\"KARRIER B\u00daTOR Kft.\",\"potentialAction\":[{\"@type\":\"SearchAction\",\"target\":{\"@type\":\"EntryPoint\",\"urlTemplate\":\"https:\\\/\\\/karrierirodabutor.hu\\\/?s={search_term_string}\"},\"query-input\":{\"@type\":\"PropertyValueSpecification\",\"valueRequired\":true,\"valueName\":\"search_term_string\"}}],\"inLanguage\":\"en-US\"}]}<\/script>\n<!-- \/ Yoast SEO plugin. -->","yoast_head_json":{"title":"Ergonomics - KARRIER B\u00daTOR Kft.","robots":{"index":"index","follow":"follow","max-snippet":"max-snippet:-1","max-image-preview":"max-image-preview:large","max-video-preview":"max-video-preview:-1"},"canonical":"https:\/\/karrierirodabutor.hu\/kiegeszitok\/ergonomia\/","og_locale":"en_US","og_type":"article","og_title":"Ergonomics - KARRIER B\u00daTOR Kft.","og_url":"https:\/\/karrierirodabutor.hu\/kiegeszitok\/ergonomia\/","og_site_name":"KARRIER B\u00daTOR Kft.","article_modified_time":"2021-07-13T07:22:19+00:00","schema":{"@context":"https:\/\/schema.org","@graph":[{"@type":"WebPage","@id":"https:\/\/karrierirodabutor.hu\/kiegeszitok\/ergonomia\/","url":"https:\/\/karrierirodabutor.hu\/kiegeszitok\/ergonomia\/","name":"Ergonomics - KARRIER B\u00daTOR Kft.","isPartOf":{"@id":"https:\/\/karrierirodabutor.hu\/#website"},"datePublished":"2019-05-17T08:39:38+00:00","dateModified":"2021-07-13T07:22:19+00:00","breadcrumb":{"@id":"https:\/\/karrierirodabutor.hu\/kiegeszitok\/ergonomia\/#breadcrumb"},"inLanguage":"en-US","potentialAction":[{"@type":"ReadAction","target":["https:\/\/karrierirodabutor.hu\/kiegeszitok\/ergonomia\/"]}]},{"@type":"BreadcrumbList","@id":"https:\/\/karrierirodabutor.hu\/kiegeszitok\/ergonomia\/#breadcrumb","itemListElement":[{"@type":"ListItem","position":1,"name":"kieg\u00e9sz\u00edt\u0151k","item":"https:\/\/karrierirodabutor.hu\/kiegeszitok\/"},{"@type":"ListItem","position":2,"name":"Ergon\u00f3mia"}]},{"@type":"WebSite","@id":"https:\/\/karrierirodabutor.hu\/#website","url":"https:\/\/karrierirodabutor.hu\/","name":"KARRIER B\u00daTOR Kft.","description":"KARRIER B\u00daTOR Kft.","potentialAction":[{"@type":"SearchAction","target":{"@type":"EntryPoint","urlTemplate":"https:\/\/karrierirodabutor.hu\/?s={search_term_string}"},"query-input":{"@type":"PropertyValueSpecification","valueRequired":true,"valueName":"search_term_string"}}],"inLanguage":"en-US"}]}},"_links":{"self":[{"href":"https:\/\/karrierirodabutor.hu\/en\/wp-json\/wp\/v2\/pages\/14945","targetHints":{"allow":["GET"]}}],"collection":[{"href":"https:\/\/karrierirodabutor.hu\/en\/wp-json\/wp\/v2\/pages"}],"about":[{"href":"https:\/\/karrierirodabutor.hu\/en\/wp-json\/wp\/v2\/types\/page"}],"author":[{"embeddable":true,"href":"https:\/\/karrierirodabutor.hu\/en\/wp-json\/wp\/v2\/users\/1"}],"replies":[{"embeddable":true,"href":"https:\/\/karrierirodabutor.hu\/en\/wp-json\/wp\/v2\/comments?post=14945"}],"version-history":[{"count":10,"href":"https:\/\/karrierirodabutor.hu\/en\/wp-json\/wp\/v2\/pages\/14945\/revisions"}],"predecessor-version":[{"id":23233,"href":"https:\/\/karrierirodabutor.hu\/en\/wp-json\/wp\/v2\/pages\/14945\/revisions\/23233"}],"up":[{"embeddable":true,"href":"https:\/\/karrierirodabutor.hu\/en\/wp-json\/wp\/v2\/pages\/11823"}],"wp:attachment":[{"href":"https:\/\/karrierirodabutor.hu\/en\/wp-json\/wp\/v2\/media?parent=14945"}],"curies":[{"name":"wp","href":"https:\/\/api.w.org\/{rel}","templated":true}]}}