{"id":16146,"date":"2019-06-11T13:38:15","date_gmt":"2019-06-11T11:38:15","guid":{"rendered":"https:\/\/karrierirodabutor.hu\/?page_id=16146"},"modified":"2019-06-11T13:41:46","modified_gmt":"2019-06-11T11:41:46","slug":"adatkezelesi-tajekoztato","status":"publish","type":"page","link":"https:\/\/karrierirodabutor.hu\/en\/adatkezelesi-tajekoztato\/","title":{"rendered":"(Magyar) Adatkezel\u00e9si t\u00e1j\u00e9koztat\u00f3"},"content":{"rendered":"<p class=\"qtranxs-available-languages-message qtranxs-available-languages-message-en\">Sorry, this entry is only available in <a href=\"https:\/\/karrierirodabutor.hu\/hu\/wp-json\/wp\/v2\/pages\/16146\" class=\"qtranxs-available-language-link qtranxs-available-language-link-hu\" title=\"Magyar\">Magyar<\/a>.<\/p>","protected":false},"excerpt":{"rendered":"<p>Sorry, this entry is only available in Magyar.<\/p>\n","protected":false},"author":1,"featured_media":0,"parent":0,"menu_order":0,"comment_status":"closed","ping_status":"closed","template":"","meta":{"footnotes":""},"class_list":["post-16146","page","type-page","status-publish","hentry"],"yoast_head":"<!-- This site is optimized with the Yoast SEO plugin v27.5 - https:\/\/yoast.com\/product\/yoast-seo-wordpress\/ -->\n<title>(Magyar) Adatkezel\u00e9si t\u00e1j\u00e9koztat\u00f3 - KARRIER B\u00daTOR Kft.<\/title>\n<meta name=\"robots\" content=\"index, follow, max-snippet:-1, max-image-preview:large, max-video-preview:-1\" \/>\n<link rel=\"canonical\" href=\"https:\/\/karrierirodabutor.hu\/adatkezelesi-tajekoztato\/\" \/>\n<meta property=\"og:locale\" content=\"en_US\" \/>\n<meta property=\"og:type\" content=\"article\" \/>\n<meta property=\"og:title\" content=\"(Magyar) Adatkezel\u00e9si t\u00e1j\u00e9koztat\u00f3 - KARRIER B\u00daTOR Kft.\" \/>\n<meta property=\"og:description\" content=\"Sorry, this entry is only available in Magyar.\" \/>\n<meta property=\"og:url\" content=\"https:\/\/karrierirodabutor.hu\/adatkezelesi-tajekoztato\/\" \/>\n<meta property=\"og:site_name\" content=\"KARRIER B\u00daTOR Kft.\" \/>\n<meta property=\"article:modified_time\" content=\"2019-06-11T11:41:46+00:00\" \/>\n<meta name=\"twitter:label1\" content=\"Est. reading time\" \/>\n\t<meta name=\"twitter:data1\" content=\"5 minutes\" \/>\n<script type=\"application\/ld+json\" class=\"yoast-schema-graph\">{\"@context\":\"https:\\\/\\\/schema.org\",\"@graph\":[{\"@type\":\"WebPage\",\"@id\":\"https:\\\/\\\/karrierirodabutor.hu\\\/adatkezelesi-tajekoztato\\\/\",\"url\":\"https:\\\/\\\/karrierirodabutor.hu\\\/adatkezelesi-tajekoztato\\\/\",\"name\":\"(Magyar) Adatkezel\u00e9si t\u00e1j\u00e9koztat\u00f3 - KARRIER B\u00daTOR Kft.\",\"isPartOf\":{\"@id\":\"https:\\\/\\\/karrierirodabutor.hu\\\/#website\"},\"datePublished\":\"2019-06-11T11:38:15+00:00\",\"dateModified\":\"2019-06-11T11:41:46+00:00\",\"inLanguage\":\"en-US\",\"potentialAction\":[{\"@type\":\"ReadAction\",\"target\":[\"https:\\\/\\\/karrierirodabutor.hu\\\/adatkezelesi-tajekoztato\\\/\"]}]},{\"@type\":\"WebSite\",\"@id\":\"https:\\\/\\\/karrierirodabutor.hu\\\/#website\",\"url\":\"https:\\\/\\\/karrierirodabutor.hu\\\/\",\"name\":\"KARRIER B\u00daTOR Kft.\",\"description\":\"KARRIER B\u00daTOR Kft.\",\"potentialAction\":[{\"@type\":\"SearchAction\",\"target\":{\"@type\":\"EntryPoint\",\"urlTemplate\":\"https:\\\/\\\/karrierirodabutor.hu\\\/?s={search_term_string}\"},\"query-input\":{\"@type\":\"PropertyValueSpecification\",\"valueRequired\":true,\"valueName\":\"search_term_string\"}}],\"inLanguage\":\"en-US\"}]}<\/script>\n<!-- \/ Yoast SEO plugin. -->","yoast_head_json":{"title":"(Magyar) Adatkezel\u00e9si t\u00e1j\u00e9koztat\u00f3 - KARRIER B\u00daTOR Kft.","robots":{"index":"index","follow":"follow","max-snippet":"max-snippet:-1","max-image-preview":"max-image-preview:large","max-video-preview":"max-video-preview:-1"},"canonical":"https:\/\/karrierirodabutor.hu\/adatkezelesi-tajekoztato\/","og_locale":"en_US","og_type":"article","og_title":"(Magyar) Adatkezel\u00e9si t\u00e1j\u00e9koztat\u00f3 - KARRIER B\u00daTOR Kft.","og_description":"Sorry, this entry is only available in Magyar.","og_url":"https:\/\/karrierirodabutor.hu\/adatkezelesi-tajekoztato\/","og_site_name":"KARRIER B\u00daTOR Kft.","article_modified_time":"2019-06-11T11:41:46+00:00","twitter_misc":{"Est. reading time":"5 minutes"},"schema":{"@context":"https:\/\/schema.org","@graph":[{"@type":"WebPage","@id":"https:\/\/karrierirodabutor.hu\/adatkezelesi-tajekoztato\/","url":"https:\/\/karrierirodabutor.hu\/adatkezelesi-tajekoztato\/","name":"(Magyar) Adatkezel\u00e9si t\u00e1j\u00e9koztat\u00f3 - KARRIER B\u00daTOR Kft.","isPartOf":{"@id":"https:\/\/karrierirodabutor.hu\/#website"},"datePublished":"2019-06-11T11:38:15+00:00","dateModified":"2019-06-11T11:41:46+00:00","inLanguage":"en-US","potentialAction":[{"@type":"ReadAction","target":["https:\/\/karrierirodabutor.hu\/adatkezelesi-tajekoztato\/"]}]},{"@type":"WebSite","@id":"https:\/\/karrierirodabutor.hu\/#website","url":"https:\/\/karrierirodabutor.hu\/","name":"KARRIER B\u00daTOR Kft.","description":"KARRIER B\u00daTOR Kft.","potentialAction":[{"@type":"SearchAction","target":{"@type":"EntryPoint","urlTemplate":"https:\/\/karrierirodabutor.hu\/?s={search_term_string}"},"query-input":{"@type":"PropertyValueSpecification","valueRequired":true,"valueName":"search_term_string"}}],"inLanguage":"en-US"}]}},"_links":{"self":[{"href":"https:\/\/karrierirodabutor.hu\/en\/wp-json\/wp\/v2\/pages\/16146","targetHints":{"allow":["GET"]}}],"collection":[{"href":"https:\/\/karrierirodabutor.hu\/en\/wp-json\/wp\/v2\/pages"}],"about":[{"href":"https:\/\/karrierirodabutor.hu\/en\/wp-json\/wp\/v2\/types\/page"}],"author":[{"embeddable":true,"href":"https:\/\/karrierirodabutor.hu\/en\/wp-json\/wp\/v2\/users\/1"}],"replies":[{"embeddable":true,"href":"https:\/\/karrierirodabutor.hu\/en\/wp-json\/wp\/v2\/comments?post=16146"}],"version-history":[{"count":2,"href":"https:\/\/karrierirodabutor.hu\/en\/wp-json\/wp\/v2\/pages\/16146\/revisions"}],"predecessor-version":[{"id":16148,"href":"https:\/\/karrierirodabutor.hu\/en\/wp-json\/wp\/v2\/pages\/16146\/revisions\/16148"}],"wp:attachment":[{"href":"https:\/\/karrierirodabutor.hu\/en\/wp-json\/wp\/v2\/media?parent=16146"}],"curies":[{"name":"wp","href":"https:\/\/api.w.org\/{rel}","templated":true}]}}