{"id":19613,"date":"2019-06-25T12:49:17","date_gmt":"2019-06-25T10:49:17","guid":{"rendered":"https:\/\/karrierirodabutor.hu\/?page_id=19613"},"modified":"2023-01-12T11:32:07","modified_gmt":"2023-01-12T10:32:07","slug":"dohanyzoasztal-iroasztal","status":"publish","type":"page","link":"https:\/\/karrierirodabutor.hu\/en\/lakossagi-butorok\/nappali\/dohanyzoasztal-iroasztal\/","title":{"rendered":"Smoking table and desk, console table"},"content":{"rendered":"\t\t<div data-elementor-type=\"wp-post\" data-elementor-id=\"19613\" class=\"elementor elementor-19613\">\n\t\t\t\t\t\t<section class=\"elementor-section elementor-top-section elementor-element elementor-element-98c3e5b elementor-section-boxed elementor-section-height-default elementor-section-height-default\" data-id=\"98c3e5b\" data-element_type=\"section\" data-e-type=\"section\">\n\t\t\t\t\t\t<div class=\"elementor-container elementor-column-gap-default\">\n\t\t\t\t\t<div class=\"elementor-column elementor-col-33 elementor-top-column elementor-element elementor-element-11bb94e\" data-id=\"11bb94e\" data-element_type=\"column\" data-e-type=\"column\">\n\t\t\t<div class=\"elementor-widget-wrap elementor-element-populated\">\n\t\t\t\t\t\t<div class=\"elementor-element elementor-element-0e9b946 elementor-widget elementor-widget-image\" data-id=\"0e9b946\" data-element_type=\"widget\" data-e-type=\"widget\" data-widget_type=\"image.default\">\n\t\t\t\t<div class=\"elementor-widget-container\">\n\t\t\t\t\t\t\t\t\t\t\t\t\t\t\t\t<a href=\"https:\/\/karrierirodabutor.hu\/lakossagi-butorok\/nappali\/dohanyzoasztal-iroasztal\/dohanyzoasztalok\/\">\n\t\t\t\t\t\t\t<img decoding=\"async\" src=\"https:\/\/karrierirodabutor.hu\/wp-content\/uploads\/elementor\/thumbs\/michelle_dohanyzoasztal_feher_arany_tolgy_01-pg04nsbymw7nalftk3t2sc63nv7jsiftb6nybce8nk.jpg\" title=\"michelle_dohanyzoasztal_feher_arany_tolgy_01\" alt=\"michelle_dohanyzoasztal_feher_arany_tolgy_01\" loading=\"lazy\" \/>\t\t\t\t\t\t\t\t<\/a>\n\t\t\t\t\t\t\t\t\t\t\t\t\t\t\t<\/div>\n\t\t\t\t<\/div>\n\t\t\t\t<div class=\"elementor-element elementor-element-473237e elementor-widget elementor-widget-text-editor\" data-id=\"473237e\" data-element_type=\"widget\" data-e-type=\"widget\" data-widget_type=\"text-editor.default\">\n\t\t\t\t<div class=\"elementor-widget-container\">\n\t\t\t\t\t\t\t\t\t<p style=\"text-align: center;\"><span style=\"color: #ffffff;\"><span style=\"color: #ffffff; font-size: 14pt; font-family: georgia, palatino, serif;\"><a style=\"color: #ffffff;\" href=\"https:\/\/karrierirodabutor.hu\/lakossagi-butorok\/nappali\/dohanyzoasztal-iroasztal\/dohanyzoasztalok\/\">Doh\u00e1nyz\u00f3<\/a>asztalok<\/span><\/span><a style=\"font-size: 13px; color: #ffffff;\" href=\"https:\/\/karrierirodabutor.hu\/lakossagi-butorok\/nappali\/dohanyzoasztal\/\"><span style=\"font-size: 14pt; font-family: georgia, palatino, serif;\"><\/span><\/a><\/p>\t\t\t\t\t\t\t\t<\/div>\n\t\t\t\t<\/div>\n\t\t\t\t\t<\/div>\n\t\t<\/div>\n\t\t\t\t<div class=\"elementor-column elementor-col-33 elementor-top-column elementor-element elementor-element-a560ae1\" data-id=\"a560ae1\" data-element_type=\"column\" data-e-type=\"column\">\n\t\t\t<div class=\"elementor-widget-wrap elementor-element-populated\">\n\t\t\t\t\t\t<div class=\"elementor-element elementor-element-c15f6c1 elementor-widget elementor-widget-image\" data-id=\"c15f6c1\" data-element_type=\"widget\" data-e-type=\"widget\" data-widget_type=\"image.default\">\n\t\t\t\t<div class=\"elementor-widget-container\">\n\t\t\t\t\t\t\t\t\t\t\t\t\t\t\t\t<a href=\"https:\/\/karrierirodabutor.hu\/lakossagi-butorok\/nappali\/iro-es-konzolasztalok\/\">\n\t\t\t\t\t\t\t<img decoding=\"async\" src=\"https:\/\/karrierirodabutor.hu\/wp-content\/uploads\/elementor\/thumbs\/4321302-q0jqvoca80j894yjhh452mjvb0dyzy8h6xyvynte1c.jpg\" title=\"4321302\" alt=\"4321302\" loading=\"lazy\" \/>\t\t\t\t\t\t\t\t<\/a>\n\t\t\t\t\t\t\t\t\t\t\t\t\t\t\t<\/div>\n\t\t\t\t<\/div>\n\t\t\t\t<div class=\"elementor-element elementor-element-e00f15f elementor-widget elementor-widget-text-editor\" data-id=\"e00f15f\" data-element_type=\"widget\" data-e-type=\"widget\" data-widget_type=\"text-editor.default\">\n\t\t\t\t<div class=\"elementor-widget-container\">\n\t\t\t\t\t\t\t\t\t<p style=\"text-align: center;\"><span style=\"color: #ffffff;\"><span style=\"color: #ffffff; font-size: 14pt; font-family: georgia, palatino, serif;\"><a style=\"color: #ffffff;\" href=\"https:\/\/karrierirodabutor.hu\/lakossagi-butorok\/nappali\/iro-es-konzolasztalok\/\"><\/a>\u00cdr\u00f3- \u00e9s konzolasztalok<\/span><\/span><a href=\"https:\/\/karrierirodabutor.hu\/lakossagi-butorok\/nappali\/dohanyzoasztal\/\"><span style=\"color: #ffffff; font-family: georgia, palatino, serif;\"><span style=\"font-size: 14pt;\"><\/span><\/a><\/p>\t\t\t\t\t\t\t\t<\/div>\n\t\t\t\t<\/div>\n\t\t\t\t\t<\/div>\n\t\t<\/div>\n\t\t\t\t<div class=\"elementor-column elementor-col-33 elementor-top-column elementor-element elementor-element-10e3d4f\" data-id=\"10e3d4f\" data-element_type=\"column\" data-e-type=\"column\">\n\t\t\t<div class=\"elementor-widget-wrap\">\n\t\t\t\t\t\t\t<\/div>\n\t\t<\/div>\n\t\t\t\t\t<\/div>\n\t\t<\/section>\n\t\t\t\t<section class=\"elementor-section elementor-top-section elementor-element elementor-element-72cf37e elementor-section-boxed elementor-section-height-default elementor-section-height-default\" data-id=\"72cf37e\" data-element_type=\"section\" data-e-type=\"section\">\n\t\t\t\t\t\t<div class=\"elementor-container elementor-column-gap-default\">\n\t\t\t\t\t<div class=\"elementor-column elementor-col-100 elementor-top-column elementor-element elementor-element-e1606a2\" data-id=\"e1606a2\" data-element_type=\"column\" data-e-type=\"column\">\n\t\t\t<div class=\"elementor-widget-wrap\">\n\t\t\t\t\t\t\t<\/div>\n\t\t<\/div>\n\t\t\t\t\t<\/div>\n\t\t<\/section>\n\t\t\t\t<\/div>\n\t\t","protected":false},"excerpt":{"rendered":"<p>Coffe table \u00a0Desk\u00a0and console table<\/p>\n","protected":false},"author":1,"featured_media":0,"parent":11904,"menu_order":0,"comment_status":"closed","ping_status":"closed","template":"elementor_header_footer","meta":{"footnotes":""},"class_list":["post-19613","page","type-page","status-publish","hentry"],"yoast_head":"<!-- This site is optimized with the Yoast SEO plugin v27.3 - https:\/\/yoast.com\/product\/yoast-seo-wordpress\/ -->\n<title>Smoking table and desk, console table - KARRIER B\u00daTOR Kft.<\/title>\n<meta name=\"robots\" content=\"index, follow, max-snippet:-1, max-image-preview:large, max-video-preview:-1\" \/>\n<link rel=\"canonical\" href=\"https:\/\/karrierirodabutor.hu\/lakossagi-butorok\/nappali\/dohanyzoasztal-iroasztal\/\" \/>\n<meta property=\"og:locale\" content=\"en_US\" \/>\n<meta property=\"og:type\" content=\"article\" \/>\n<meta property=\"og:title\" content=\"Smoking table and desk, console table - KARRIER B\u00daTOR Kft.\" \/>\n<meta property=\"og:description\" content=\"Coffe table \u00a0Desk\u00a0and console table\" \/>\n<meta property=\"og:url\" content=\"https:\/\/karrierirodabutor.hu\/lakossagi-butorok\/nappali\/dohanyzoasztal-iroasztal\/\" \/>\n<meta property=\"og:site_name\" content=\"KARRIER B\u00daTOR Kft.\" \/>\n<meta property=\"article:modified_time\" content=\"2023-01-12T10:32:07+00:00\" \/>\n<meta property=\"og:image\" content=\"https:\/\/karrierirodabutor.hu\/wp-content\/uploads\/elementor\/thumbs\/michelle_dohanyzoasztal_feher_arany_tolgy_01-pg04nsbymw7nalftk3t2sc63nv7jsiftb6nybce8nk.jpg\" \/>\n<script type=\"application\/ld+json\" class=\"yoast-schema-graph\">{\"@context\":\"https:\\\/\\\/schema.org\",\"@graph\":[{\"@type\":\"WebPage\",\"@id\":\"https:\\\/\\\/karrierirodabutor.hu\\\/lakossagi-butorok\\\/nappali\\\/dohanyzoasztal-iroasztal\\\/\",\"url\":\"https:\\\/\\\/karrierirodabutor.hu\\\/lakossagi-butorok\\\/nappali\\\/dohanyzoasztal-iroasztal\\\/\",\"name\":\"Smoking table and desk, console table - KARRIER B\u00daTOR Kft.\",\"isPartOf\":{\"@id\":\"https:\\\/\\\/karrierirodabutor.hu\\\/#website\"},\"primaryImageOfPage\":{\"@id\":\"https:\\\/\\\/karrierirodabutor.hu\\\/lakossagi-butorok\\\/nappali\\\/dohanyzoasztal-iroasztal\\\/#primaryimage\"},\"image\":{\"@id\":\"https:\\\/\\\/karrierirodabutor.hu\\\/lakossagi-butorok\\\/nappali\\\/dohanyzoasztal-iroasztal\\\/#primaryimage\"},\"thumbnailUrl\":\"https:\\\/\\\/karrierirodabutor.hu\\\/wp-content\\\/uploads\\\/elementor\\\/thumbs\\\/michelle_dohanyzoasztal_feher_arany_tolgy_01-pg04nsbymw7nalftk3t2sc63nv7jsiftb6nybce8nk.jpg\",\"datePublished\":\"2019-06-25T10:49:17+00:00\",\"dateModified\":\"2023-01-12T10:32:07+00:00\",\"breadcrumb\":{\"@id\":\"https:\\\/\\\/karrierirodabutor.hu\\\/lakossagi-butorok\\\/nappali\\\/dohanyzoasztal-iroasztal\\\/#breadcrumb\"},\"inLanguage\":\"en-US\",\"potentialAction\":[{\"@type\":\"ReadAction\",\"target\":[\"https:\\\/\\\/karrierirodabutor.hu\\\/lakossagi-butorok\\\/nappali\\\/dohanyzoasztal-iroasztal\\\/\"]}]},{\"@type\":\"ImageObject\",\"inLanguage\":\"en-US\",\"@id\":\"https:\\\/\\\/karrierirodabutor.hu\\\/lakossagi-butorok\\\/nappali\\\/dohanyzoasztal-iroasztal\\\/#primaryimage\",\"url\":\"https:\\\/\\\/karrierirodabutor.hu\\\/wp-content\\\/uploads\\\/elementor\\\/thumbs\\\/michelle_dohanyzoasztal_feher_arany_tolgy_01-pg04nsbymw7nalftk3t2sc63nv7jsiftb6nybce8nk.jpg\",\"contentUrl\":\"https:\\\/\\\/karrierirodabutor.hu\\\/wp-content\\\/uploads\\\/elementor\\\/thumbs\\\/michelle_dohanyzoasztal_feher_arany_tolgy_01-pg04nsbymw7nalftk3t2sc63nv7jsiftb6nybce8nk.jpg\"},{\"@type\":\"BreadcrumbList\",\"@id\":\"https:\\\/\\\/karrierirodabutor.hu\\\/lakossagi-butorok\\\/nappali\\\/dohanyzoasztal-iroasztal\\\/#breadcrumb\",\"itemListElement\":[{\"@type\":\"ListItem\",\"position\":1,\"name\":\"Wohnm\u00f6bel\",\"item\":\"https:\\\/\\\/karrierirodabutor.hu\\\/de\\\/lakossagi-butorok\\\/\"},{\"@type\":\"ListItem\",\"position\":2,\"name\":\"[:hu]Nappali[:]\",\"item\":\"https:\\\/\\\/karrierirodabutor.hu\\\/lakossagi-butorok\\\/nappali\\\/\"},{\"@type\":\"ListItem\",\"position\":3,\"name\":\"[:hu]Doh\u00e1nyz\u00f3asztal \u00e9s \u00edr\u00f3asztal[:de]Rauchertisch und schreibtisch, konsolentisch[:en]Smoking table and desk, console table[:]\"}]},{\"@type\":\"WebSite\",\"@id\":\"https:\\\/\\\/karrierirodabutor.hu\\\/#website\",\"url\":\"https:\\\/\\\/karrierirodabutor.hu\\\/\",\"name\":\"KARRIER B\u00daTOR Kft.\",\"description\":\"KARRIER B\u00daTOR Kft.\",\"potentialAction\":[{\"@type\":\"SearchAction\",\"target\":{\"@type\":\"EntryPoint\",\"urlTemplate\":\"https:\\\/\\\/karrierirodabutor.hu\\\/?s={search_term_string}\"},\"query-input\":{\"@type\":\"PropertyValueSpecification\",\"valueRequired\":true,\"valueName\":\"search_term_string\"}}],\"inLanguage\":\"en-US\"}]}<\/script>\n<!-- \/ Yoast SEO plugin. -->","yoast_head_json":{"title":"Smoking table and desk, console table - KARRIER B\u00daTOR Kft.","robots":{"index":"index","follow":"follow","max-snippet":"max-snippet:-1","max-image-preview":"max-image-preview:large","max-video-preview":"max-video-preview:-1"},"canonical":"https:\/\/karrierirodabutor.hu\/lakossagi-butorok\/nappali\/dohanyzoasztal-iroasztal\/","og_locale":"en_US","og_type":"article","og_title":"Smoking table and desk, console table - KARRIER B\u00daTOR Kft.","og_description":"Coffe table \u00a0Desk\u00a0and console table","og_url":"https:\/\/karrierirodabutor.hu\/lakossagi-butorok\/nappali\/dohanyzoasztal-iroasztal\/","og_site_name":"KARRIER B\u00daTOR Kft.","article_modified_time":"2023-01-12T10:32:07+00:00","og_image":[{"url":"https:\/\/karrierirodabutor.hu\/wp-content\/uploads\/elementor\/thumbs\/michelle_dohanyzoasztal_feher_arany_tolgy_01-pg04nsbymw7nalftk3t2sc63nv7jsiftb6nybce8nk.jpg","type":"","width":"","height":""}],"schema":{"@context":"https:\/\/schema.org","@graph":[{"@type":"WebPage","@id":"https:\/\/karrierirodabutor.hu\/lakossagi-butorok\/nappali\/dohanyzoasztal-iroasztal\/","url":"https:\/\/karrierirodabutor.hu\/lakossagi-butorok\/nappali\/dohanyzoasztal-iroasztal\/","name":"Smoking table and desk, console table - KARRIER B\u00daTOR Kft.","isPartOf":{"@id":"https:\/\/karrierirodabutor.hu\/#website"},"primaryImageOfPage":{"@id":"https:\/\/karrierirodabutor.hu\/lakossagi-butorok\/nappali\/dohanyzoasztal-iroasztal\/#primaryimage"},"image":{"@id":"https:\/\/karrierirodabutor.hu\/lakossagi-butorok\/nappali\/dohanyzoasztal-iroasztal\/#primaryimage"},"thumbnailUrl":"https:\/\/karrierirodabutor.hu\/wp-content\/uploads\/elementor\/thumbs\/michelle_dohanyzoasztal_feher_arany_tolgy_01-pg04nsbymw7nalftk3t2sc63nv7jsiftb6nybce8nk.jpg","datePublished":"2019-06-25T10:49:17+00:00","dateModified":"2023-01-12T10:32:07+00:00","breadcrumb":{"@id":"https:\/\/karrierirodabutor.hu\/lakossagi-butorok\/nappali\/dohanyzoasztal-iroasztal\/#breadcrumb"},"inLanguage":"en-US","potentialAction":[{"@type":"ReadAction","target":["https:\/\/karrierirodabutor.hu\/lakossagi-butorok\/nappali\/dohanyzoasztal-iroasztal\/"]}]},{"@type":"ImageObject","inLanguage":"en-US","@id":"https:\/\/karrierirodabutor.hu\/lakossagi-butorok\/nappali\/dohanyzoasztal-iroasztal\/#primaryimage","url":"https:\/\/karrierirodabutor.hu\/wp-content\/uploads\/elementor\/thumbs\/michelle_dohanyzoasztal_feher_arany_tolgy_01-pg04nsbymw7nalftk3t2sc63nv7jsiftb6nybce8nk.jpg","contentUrl":"https:\/\/karrierirodabutor.hu\/wp-content\/uploads\/elementor\/thumbs\/michelle_dohanyzoasztal_feher_arany_tolgy_01-pg04nsbymw7nalftk3t2sc63nv7jsiftb6nybce8nk.jpg"},{"@type":"BreadcrumbList","@id":"https:\/\/karrierirodabutor.hu\/lakossagi-butorok\/nappali\/dohanyzoasztal-iroasztal\/#breadcrumb","itemListElement":[{"@type":"ListItem","position":1,"name":"Wohnm\u00f6bel","item":"https:\/\/karrierirodabutor.hu\/de\/lakossagi-butorok\/"},{"@type":"ListItem","position":2,"name":"[:hu]Nappali[:]","item":"https:\/\/karrierirodabutor.hu\/lakossagi-butorok\/nappali\/"},{"@type":"ListItem","position":3,"name":"[:hu]Doh\u00e1nyz\u00f3asztal \u00e9s \u00edr\u00f3asztal[:de]Rauchertisch und schreibtisch, konsolentisch[:en]Smoking table and desk, console table[:]"}]},{"@type":"WebSite","@id":"https:\/\/karrierirodabutor.hu\/#website","url":"https:\/\/karrierirodabutor.hu\/","name":"KARRIER B\u00daTOR Kft.","description":"KARRIER B\u00daTOR Kft.","potentialAction":[{"@type":"SearchAction","target":{"@type":"EntryPoint","urlTemplate":"https:\/\/karrierirodabutor.hu\/?s={search_term_string}"},"query-input":{"@type":"PropertyValueSpecification","valueRequired":true,"valueName":"search_term_string"}}],"inLanguage":"en-US"}]}},"_links":{"self":[{"href":"https:\/\/karrierirodabutor.hu\/en\/wp-json\/wp\/v2\/pages\/19613","targetHints":{"allow":["GET"]}}],"collection":[{"href":"https:\/\/karrierirodabutor.hu\/en\/wp-json\/wp\/v2\/pages"}],"about":[{"href":"https:\/\/karrierirodabutor.hu\/en\/wp-json\/wp\/v2\/types\/page"}],"author":[{"embeddable":true,"href":"https:\/\/karrierirodabutor.hu\/en\/wp-json\/wp\/v2\/users\/1"}],"replies":[{"embeddable":true,"href":"https:\/\/karrierirodabutor.hu\/en\/wp-json\/wp\/v2\/comments?post=19613"}],"version-history":[{"count":23,"href":"https:\/\/karrierirodabutor.hu\/en\/wp-json\/wp\/v2\/pages\/19613\/revisions"}],"predecessor-version":[{"id":25428,"href":"https:\/\/karrierirodabutor.hu\/en\/wp-json\/wp\/v2\/pages\/19613\/revisions\/25428"}],"up":[{"embeddable":true,"href":"https:\/\/karrierirodabutor.hu\/en\/wp-json\/wp\/v2\/pages\/11904"}],"wp:attachment":[{"href":"https:\/\/karrierirodabutor.hu\/en\/wp-json\/wp\/v2\/media?parent=19613"}],"curies":[{"name":"wp","href":"https:\/\/api.w.org\/{rel}","templated":true}]}}