{"id":3548,"date":"2013-05-30T10:50:31","date_gmt":"2013-05-30T08:50:31","guid":{"rendered":"https:\/\/karrierirodabutor.hu\/?page_id=3548"},"modified":"2025-04-28T17:28:35","modified_gmt":"2025-04-28T15:28:35","slug":"minosegi-tanusitvany","status":"publish","type":"page","link":"https:\/\/karrierirodabutor.hu\/en\/minosegi-tanusitvany\/","title":{"rendered":"Certificates"},"content":{"rendered":"\t\t<div data-elementor-type=\"wp-post\" data-elementor-id=\"3548\" class=\"elementor elementor-3548\">\n\t\t\t\t\t\t<section class=\"elementor-section elementor-top-section elementor-element elementor-element-9be414f elementor-section-boxed elementor-section-height-default elementor-section-height-default\" data-id=\"9be414f\" data-element_type=\"section\" data-e-type=\"section\" data-settings=\"{&quot;background_background&quot;:&quot;classic&quot;}\">\n\t\t\t\t\t\t<div class=\"elementor-container elementor-column-gap-default\">\n\t\t\t\t\t<div class=\"elementor-column elementor-col-100 elementor-top-column elementor-element elementor-element-be45cfd\" data-id=\"be45cfd\" data-element_type=\"column\" data-e-type=\"column\">\n\t\t\t<div class=\"elementor-widget-wrap elementor-element-populated\">\n\t\t\t\t\t\t<div class=\"elementor-element elementor-element-caecdde elementor-tabs-view-vertical elementor-widget elementor-widget-tabs\" data-id=\"caecdde\" data-element_type=\"widget\" data-e-type=\"widget\" data-widget_type=\"tabs.default\">\n\t\t\t\t<div class=\"elementor-widget-container\">\n\t\t\t\t\t\t\t<div class=\"elementor-tabs\">\n\t\t\t<div class=\"elementor-tabs-wrapper\" role=\"tablist\" >\n\t\t\t\t\t\t\t\t\t<div id=\"elementor-tab-title-2121\" class=\"elementor-tab-title elementor-tab-desktop-title\" aria-selected=\"true\" data-tab=\"1\" role=\"tab\" tabindex=\"0\" aria-controls=\"elementor-tab-content-2121\" aria-expanded=\"false\">Quality Management<\/div>\n\t\t\t\t\t\t\t\t\t<div id=\"elementor-tab-title-2122\" class=\"elementor-tab-title elementor-tab-desktop-title\" aria-selected=\"false\" data-tab=\"2\" role=\"tab\" tabindex=\"-1\" aria-controls=\"elementor-tab-content-2122\" aria-expanded=\"false\">Environmental Management<\/div>\n\t\t\t\t\t\t\t<\/div>\n\t\t\t<div class=\"elementor-tabs-content-wrapper\" role=\"tablist\" aria-orientation=\"vertical\">\n\t\t\t\t\t\t\t\t\t<div class=\"elementor-tab-title elementor-tab-mobile-title\" aria-selected=\"true\" data-tab=\"1\" role=\"tab\" tabindex=\"0\" aria-controls=\"elementor-tab-content-2121\" aria-expanded=\"false\">Quality Management<\/div>\n\t\t\t\t\t<div id=\"elementor-tab-content-2121\" class=\"elementor-tab-content elementor-clearfix\" data-tab=\"1\" role=\"tabpanel\" aria-labelledby=\"elementor-tab-title-2121\" tabindex=\"0\" hidden=\"false\"><h3 style=\"text-align: center;\"><\/p><h3 style=\"text-align: center;\">Hungarian<a href=\"https:\/\/karrierirodabutor.hu\/wp-content\/uploads\/2019\/05\/Min\u0151s\u00e9g-ir\u00e1ny\u00edt\u00e1si-tan\u00fas\u00edtv\u00e1ny-magyar.pdf\"><img fetchpriority=\"high\" decoding=\"async\" class=\"aligncenter wp-image-15045 size-medium\" src=\"https:\/\/karrierirodabutor.hu\/wp-content\/uploads\/2019\/05\/Document-page-001-300x300.jpg\" alt=\"\" width=\"300\" height=\"300\" srcset=\"https:\/\/karrierirodabutor.hu\/wp-content\/uploads\/2019\/05\/Document-page-001-300x300.jpg 300w, https:\/\/karrierirodabutor.hu\/wp-content\/uploads\/2019\/05\/Document-page-001-150x150.jpg 150w, https:\/\/karrierirodabutor.hu\/wp-content\/uploads\/2019\/05\/Document-page-001-1024x1024.jpg 1024w, https:\/\/karrierirodabutor.hu\/wp-content\/uploads\/2019\/05\/Document-page-001-600x600.jpg 600w\" sizes=\"(max-width: 300px) 100vw, 300px\" \/><\/a><\/h3><h3 style=\"text-align: center;\">English<a href=\"https:\/\/karrierirodabutor.hu\/wp-content\/uploads\/2019\/05\/Min\u0151s\u00e9g-ir\u00e1ny\u00edt\u00e1si-tan\u00fas\u00edtv\u00e1ny-angol.pdf\"><img decoding=\"async\" class=\"aligncenter wp-image-15046 size-medium\" src=\"https:\/\/karrierirodabutor.hu\/wp-content\/uploads\/2019\/05\/Document-page-001-2-300x300.jpg\" alt=\"\" width=\"300\" height=\"300\" srcset=\"https:\/\/karrierirodabutor.hu\/wp-content\/uploads\/2019\/05\/Document-page-001-2-300x300.jpg 300w, https:\/\/karrierirodabutor.hu\/wp-content\/uploads\/2019\/05\/Document-page-001-2-150x150.jpg 150w, https:\/\/karrierirodabutor.hu\/wp-content\/uploads\/2019\/05\/Document-page-001-2-1024x1024.jpg 1024w, https:\/\/karrierirodabutor.hu\/wp-content\/uploads\/2019\/05\/Document-page-001-2-600x600.jpg 600w\" sizes=\"(max-width: 300px) 100vw, 300px\" \/><\/a><\/h3><h3 style=\"text-align: center;\">German<\/h3><h3 style=\"text-align: center;\"><a href=\"https:\/\/karrierirodabutor.hu\/wp-content\/uploads\/2019\/05\/Document-page-001-1.jpg\"><img decoding=\"async\" class=\"alignnone wp-image-15047\" src=\"https:\/\/karrierirodabutor.hu\/wp-content\/uploads\/2019\/05\/Document-page-001-1.jpg\" alt=\"\" width=\"210\" height=\"300\" srcset=\"https:\/\/karrierirodabutor.hu\/wp-content\/uploads\/2019\/05\/Document-page-001-1.jpg 2409w, https:\/\/karrierirodabutor.hu\/wp-content\/uploads\/2019\/05\/Document-page-001-1-768x1095.jpg 768w\" sizes=\"(max-width: 210px) 100vw, 210px\" \/><\/a><\/h3><p><\/p><\/div>\n\t\t\t\t\t\t\t\t\t<div class=\"elementor-tab-title elementor-tab-mobile-title\" aria-selected=\"false\" data-tab=\"2\" role=\"tab\" tabindex=\"-1\" aria-controls=\"elementor-tab-content-2122\" aria-expanded=\"false\">Environmental Management<\/div>\n\t\t\t\t\t<div id=\"elementor-tab-content-2122\" class=\"elementor-tab-content elementor-clearfix\" data-tab=\"2\" role=\"tabpanel\" aria-labelledby=\"elementor-tab-title-2122\" tabindex=\"0\" hidden=\"hidden\"><h3 style=\"text-align: center;\"><\/p><h3 style=\"text-align: center;\">Hungarian<\/h3><p><a href=\"https:\/\/karrierirodabutor.hu\/wp-content\/uploads\/2019\/05\/K\u00f6rnyezet-ir\u00e1ny\u00edt\u00e1si-tan\u00fas\u00edtv\u00e1ny-magyar.pdf\"><img loading=\"lazy\" decoding=\"async\" class=\"aligncenter wp-image-20591 size-medium\" src=\"https:\/\/karrierirodabutor.hu\/wp-content\/uploads\/2020\/06\/Karrier-B\u00fator-Kft_EX-1905.20_KIR-TAN-HUN-1-300x300.png\" alt=\"\" width=\"300\" height=\"300\" srcset=\"https:\/\/karrierirodabutor.hu\/wp-content\/uploads\/2020\/06\/Karrier-B\u00fator-Kft_EX-1905.20_KIR-TAN-HUN-1-300x300.png 300w, https:\/\/karrierirodabutor.hu\/wp-content\/uploads\/2020\/06\/Karrier-B\u00fator-Kft_EX-1905.20_KIR-TAN-HUN-1-1024x1024.png 1024w, https:\/\/karrierirodabutor.hu\/wp-content\/uploads\/2020\/06\/Karrier-B\u00fator-Kft_EX-1905.20_KIR-TAN-HUN-1-150x150.png 150w, https:\/\/karrierirodabutor.hu\/wp-content\/uploads\/2020\/06\/Karrier-B\u00fator-Kft_EX-1905.20_KIR-TAN-HUN-1-1536x1536.png 1536w, https:\/\/karrierirodabutor.hu\/wp-content\/uploads\/2020\/06\/Karrier-B\u00fator-Kft_EX-1905.20_KIR-TAN-HUN-1-2048x2048.png 2048w, https:\/\/karrierirodabutor.hu\/wp-content\/uploads\/2020\/06\/Karrier-B\u00fator-Kft_EX-1905.20_KIR-TAN-HUN-1-600x600.png 600w\" sizes=\"(max-width: 300px) 100vw, 300px\" \/><\/a><\/p><h3 style=\"text-align: center;\">English<\/h3><p><a href=\"https:\/\/karrierirodabutor.hu\/wp-content\/uploads\/2019\/05\/K\u00f6rnyezet-ir\u00e1ny\u00edt\u00e1si-tan\u00fas\u00edtv\u00e1ny-angol.pdf\"><img loading=\"lazy\" decoding=\"async\" class=\"aligncenter wp-image-20593 size-medium\" src=\"https:\/\/karrierirodabutor.hu\/wp-content\/uploads\/2020\/06\/Karrier-B\u00fator-Kft_EX-1905.20_EMS-CERT-ENG-1-300x300.png\" alt=\"\" width=\"300\" height=\"300\" srcset=\"https:\/\/karrierirodabutor.hu\/wp-content\/uploads\/2020\/06\/Karrier-B\u00fator-Kft_EX-1905.20_EMS-CERT-ENG-1-300x300.png 300w, https:\/\/karrierirodabutor.hu\/wp-content\/uploads\/2020\/06\/Karrier-B\u00fator-Kft_EX-1905.20_EMS-CERT-ENG-1-1024x1024.png 1024w, https:\/\/karrierirodabutor.hu\/wp-content\/uploads\/2020\/06\/Karrier-B\u00fator-Kft_EX-1905.20_EMS-CERT-ENG-1-150x150.png 150w, https:\/\/karrierirodabutor.hu\/wp-content\/uploads\/2020\/06\/Karrier-B\u00fator-Kft_EX-1905.20_EMS-CERT-ENG-1-1536x1536.png 1536w, https:\/\/karrierirodabutor.hu\/wp-content\/uploads\/2020\/06\/Karrier-B\u00fator-Kft_EX-1905.20_EMS-CERT-ENG-1-2048x2048.png 2048w, https:\/\/karrierirodabutor.hu\/wp-content\/uploads\/2020\/06\/Karrier-B\u00fator-Kft_EX-1905.20_EMS-CERT-ENG-1-600x600.png 600w\" sizes=\"(max-width: 300px) 100vw, 300px\" \/><\/a><\/p><h3 style=\"text-align: center;\">German<\/h3><p><a href=\"https:\/\/karrierirodabutor.hu\/wp-content\/uploads\/2019\/05\/K\u00f6rnyezet-ir\u00e1ny\u00edt\u00e1si-tan\u00fas\u00edtv\u00e1ny-n\u00e9met.pdf\"><img loading=\"lazy\" decoding=\"async\" class=\"aligncenter wp-image-20592 size-medium\" src=\"https:\/\/karrierirodabutor.hu\/wp-content\/uploads\/2020\/06\/Karrier-B\u00fator-Kft_EX-1905.20_UMS_ZERT-DE-1-300x300.png\" alt=\"\" width=\"300\" height=\"300\" srcset=\"https:\/\/karrierirodabutor.hu\/wp-content\/uploads\/2020\/06\/Karrier-B\u00fator-Kft_EX-1905.20_UMS_ZERT-DE-1-300x300.png 300w, https:\/\/karrierirodabutor.hu\/wp-content\/uploads\/2020\/06\/Karrier-B\u00fator-Kft_EX-1905.20_UMS_ZERT-DE-1-1024x1024.png 1024w, https:\/\/karrierirodabutor.hu\/wp-content\/uploads\/2020\/06\/Karrier-B\u00fator-Kft_EX-1905.20_UMS_ZERT-DE-1-150x150.png 150w, https:\/\/karrierirodabutor.hu\/wp-content\/uploads\/2020\/06\/Karrier-B\u00fator-Kft_EX-1905.20_UMS_ZERT-DE-1-1536x1536.png 1536w, https:\/\/karrierirodabutor.hu\/wp-content\/uploads\/2020\/06\/Karrier-B\u00fator-Kft_EX-1905.20_UMS_ZERT-DE-1-2048x2048.png 2048w, https:\/\/karrierirodabutor.hu\/wp-content\/uploads\/2020\/06\/Karrier-B\u00fator-Kft_EX-1905.20_UMS_ZERT-DE-1-600x600.png 600w\" sizes=\"(max-width: 300px) 100vw, 300px\" \/><\/a><\/p><p><\/p><\/div>\n\t\t\t\t\t\t\t<\/div>\n\t\t<\/div>\n\t\t\t\t\t\t<\/div>\n\t\t\t\t<\/div>\n\t\t\t\t\t<\/div>\n\t\t<\/div>\n\t\t\t\t\t<\/div>\n\t\t<\/section>\n\t\t\t\t<\/div>\n\t\t","protected":false},"excerpt":{"rendered":"<p>Quality Management Environmental Management Quality Management Hungarian English German Environmental Management Hungarian English German<\/p>\n","protected":false},"author":1,"featured_media":0,"parent":0,"menu_order":0,"comment_status":"closed","ping_status":"closed","template":"elementor_header_footer","meta":{"footnotes":""},"class_list":["post-3548","page","type-page","status-publish","hentry"],"yoast_head":"<!-- This site is optimized with the Yoast SEO plugin v27.5 - https:\/\/yoast.com\/product\/yoast-seo-wordpress\/ -->\n<title>Certificates - KARRIER B\u00daTOR Kft.<\/title>\n<meta name=\"robots\" content=\"index, follow, max-snippet:-1, max-image-preview:large, max-video-preview:-1\" \/>\n<link rel=\"canonical\" href=\"https:\/\/karrierirodabutor.hu\/minosegi-tanusitvany\/\" \/>\n<meta property=\"og:locale\" content=\"en_US\" \/>\n<meta property=\"og:type\" content=\"article\" \/>\n<meta property=\"og:title\" content=\"Certificates - KARRIER B\u00daTOR Kft.\" \/>\n<meta property=\"og:description\" content=\"Quality Management Environmental Management Quality Management Hungarian English German Environmental Management Hungarian English German\" \/>\n<meta property=\"og:url\" content=\"https:\/\/karrierirodabutor.hu\/minosegi-tanusitvany\/\" \/>\n<meta property=\"og:site_name\" content=\"KARRIER B\u00daTOR Kft.\" \/>\n<meta property=\"article:modified_time\" content=\"2025-04-28T15:28:35+00:00\" \/>\n<meta property=\"og:image\" content=\"https:\/\/karrierirodabutor.hu\/wp-content\/uploads\/2025\/04\/Karrier-Butor-Kft_EX-2935-25_6MA_MIR-TAN-HU_2025.jpg\" \/>\n<script type=\"application\/ld+json\" class=\"yoast-schema-graph\">{\"@context\":\"https:\\\/\\\/schema.org\",\"@graph\":[{\"@type\":\"WebPage\",\"@id\":\"https:\\\/\\\/karrierirodabutor.hu\\\/minosegi-tanusitvany\\\/\",\"url\":\"https:\\\/\\\/karrierirodabutor.hu\\\/minosegi-tanusitvany\\\/\",\"name\":\"Certificates - KARRIER B\u00daTOR Kft.\",\"isPartOf\":{\"@id\":\"https:\\\/\\\/karrierirodabutor.hu\\\/#website\"},\"primaryImageOfPage\":{\"@id\":\"https:\\\/\\\/karrierirodabutor.hu\\\/minosegi-tanusitvany\\\/#primaryimage\"},\"image\":{\"@id\":\"https:\\\/\\\/karrierirodabutor.hu\\\/minosegi-tanusitvany\\\/#primaryimage\"},\"thumbnailUrl\":\"https:\\\/\\\/karrierirodabutor.hu\\\/wp-content\\\/uploads\\\/2025\\\/04\\\/Karrier-Butor-Kft_EX-2935-25_6MA_MIR-TAN-HU_2025.jpg\",\"datePublished\":\"2013-05-30T08:50:31+00:00\",\"dateModified\":\"2025-04-28T15:28:35+00:00\",\"inLanguage\":\"en-US\",\"potentialAction\":[{\"@type\":\"ReadAction\",\"target\":[\"https:\\\/\\\/karrierirodabutor.hu\\\/minosegi-tanusitvany\\\/\"]}]},{\"@type\":\"ImageObject\",\"inLanguage\":\"en-US\",\"@id\":\"https:\\\/\\\/karrierirodabutor.hu\\\/minosegi-tanusitvany\\\/#primaryimage\",\"url\":\"https:\\\/\\\/karrierirodabutor.hu\\\/wp-content\\\/uploads\\\/2025\\\/04\\\/Karrier-Butor-Kft_EX-2935-25_6MA_MIR-TAN-HU_2025.jpg\",\"contentUrl\":\"https:\\\/\\\/karrierirodabutor.hu\\\/wp-content\\\/uploads\\\/2025\\\/04\\\/Karrier-Butor-Kft_EX-2935-25_6MA_MIR-TAN-HU_2025.jpg\"},{\"@type\":\"WebSite\",\"@id\":\"https:\\\/\\\/karrierirodabutor.hu\\\/#website\",\"url\":\"https:\\\/\\\/karrierirodabutor.hu\\\/\",\"name\":\"KARRIER B\u00daTOR Kft.\",\"description\":\"KARRIER B\u00daTOR Kft.\",\"potentialAction\":[{\"@type\":\"SearchAction\",\"target\":{\"@type\":\"EntryPoint\",\"urlTemplate\":\"https:\\\/\\\/karrierirodabutor.hu\\\/?s={search_term_string}\"},\"query-input\":{\"@type\":\"PropertyValueSpecification\",\"valueRequired\":true,\"valueName\":\"search_term_string\"}}],\"inLanguage\":\"en-US\"}]}<\/script>\n<!-- \/ Yoast SEO plugin. -->","yoast_head_json":{"title":"Certificates - KARRIER B\u00daTOR Kft.","robots":{"index":"index","follow":"follow","max-snippet":"max-snippet:-1","max-image-preview":"max-image-preview:large","max-video-preview":"max-video-preview:-1"},"canonical":"https:\/\/karrierirodabutor.hu\/minosegi-tanusitvany\/","og_locale":"en_US","og_type":"article","og_title":"Certificates - KARRIER B\u00daTOR Kft.","og_description":"Quality Management Environmental Management Quality Management Hungarian English German Environmental Management Hungarian English German","og_url":"https:\/\/karrierirodabutor.hu\/minosegi-tanusitvany\/","og_site_name":"KARRIER B\u00daTOR Kft.","article_modified_time":"2025-04-28T15:28:35+00:00","og_image":[{"url":"https:\/\/karrierirodabutor.hu\/wp-content\/uploads\/2025\/04\/Karrier-Butor-Kft_EX-2935-25_6MA_MIR-TAN-HU_2025.jpg","type":"","width":"","height":""}],"schema":{"@context":"https:\/\/schema.org","@graph":[{"@type":"WebPage","@id":"https:\/\/karrierirodabutor.hu\/minosegi-tanusitvany\/","url":"https:\/\/karrierirodabutor.hu\/minosegi-tanusitvany\/","name":"Certificates - KARRIER B\u00daTOR Kft.","isPartOf":{"@id":"https:\/\/karrierirodabutor.hu\/#website"},"primaryImageOfPage":{"@id":"https:\/\/karrierirodabutor.hu\/minosegi-tanusitvany\/#primaryimage"},"image":{"@id":"https:\/\/karrierirodabutor.hu\/minosegi-tanusitvany\/#primaryimage"},"thumbnailUrl":"https:\/\/karrierirodabutor.hu\/wp-content\/uploads\/2025\/04\/Karrier-Butor-Kft_EX-2935-25_6MA_MIR-TAN-HU_2025.jpg","datePublished":"2013-05-30T08:50:31+00:00","dateModified":"2025-04-28T15:28:35+00:00","inLanguage":"en-US","potentialAction":[{"@type":"ReadAction","target":["https:\/\/karrierirodabutor.hu\/minosegi-tanusitvany\/"]}]},{"@type":"ImageObject","inLanguage":"en-US","@id":"https:\/\/karrierirodabutor.hu\/minosegi-tanusitvany\/#primaryimage","url":"https:\/\/karrierirodabutor.hu\/wp-content\/uploads\/2025\/04\/Karrier-Butor-Kft_EX-2935-25_6MA_MIR-TAN-HU_2025.jpg","contentUrl":"https:\/\/karrierirodabutor.hu\/wp-content\/uploads\/2025\/04\/Karrier-Butor-Kft_EX-2935-25_6MA_MIR-TAN-HU_2025.jpg"},{"@type":"WebSite","@id":"https:\/\/karrierirodabutor.hu\/#website","url":"https:\/\/karrierirodabutor.hu\/","name":"KARRIER B\u00daTOR Kft.","description":"KARRIER B\u00daTOR Kft.","potentialAction":[{"@type":"SearchAction","target":{"@type":"EntryPoint","urlTemplate":"https:\/\/karrierirodabutor.hu\/?s={search_term_string}"},"query-input":{"@type":"PropertyValueSpecification","valueRequired":true,"valueName":"search_term_string"}}],"inLanguage":"en-US"}]}},"_links":{"self":[{"href":"https:\/\/karrierirodabutor.hu\/en\/wp-json\/wp\/v2\/pages\/3548","targetHints":{"allow":["GET"]}}],"collection":[{"href":"https:\/\/karrierirodabutor.hu\/en\/wp-json\/wp\/v2\/pages"}],"about":[{"href":"https:\/\/karrierirodabutor.hu\/en\/wp-json\/wp\/v2\/types\/page"}],"author":[{"embeddable":true,"href":"https:\/\/karrierirodabutor.hu\/en\/wp-json\/wp\/v2\/users\/1"}],"replies":[{"embeddable":true,"href":"https:\/\/karrierirodabutor.hu\/en\/wp-json\/wp\/v2\/comments?post=3548"}],"version-history":[{"count":94,"href":"https:\/\/karrierirodabutor.hu\/en\/wp-json\/wp\/v2\/pages\/3548\/revisions"}],"predecessor-version":[{"id":26202,"href":"https:\/\/karrierirodabutor.hu\/en\/wp-json\/wp\/v2\/pages\/3548\/revisions\/26202"}],"wp:attachment":[{"href":"https:\/\/karrierirodabutor.hu\/en\/wp-json\/wp\/v2\/media?parent=3548"}],"curies":[{"name":"wp","href":"https:\/\/api.w.org\/{rel}","templated":true}]}}