{"id":88,"date":"2012-12-20T12:41:48","date_gmt":"2012-12-20T11:41:48","guid":{"rendered":"http:\/\/karrierbutor.brill-life.hu\/?page_id=88"},"modified":"2018-09-21T10:53:13","modified_gmt":"2018-09-21T08:53:13","slug":"szolgaltatasok","status":"publish","type":"page","link":"https:\/\/karrierirodabutor.hu\/en\/szolgaltatasok\/","title":{"rendered":"Services"},"content":{"rendered":"\t\t<div data-elementor-type=\"wp-post\" data-elementor-id=\"88\" class=\"elementor elementor-88 elementor-bc-flex-widget\">\n\t\t\t\t\t\t<section class=\"elementor-section elementor-top-section elementor-element elementor-element-c7c079f elementor-section-boxed elementor-section-height-default elementor-section-height-default\" data-id=\"c7c079f\" data-element_type=\"section\" data-e-type=\"section\" data-settings=\"{&quot;background_background&quot;:&quot;classic&quot;}\">\n\t\t\t\t\t\t<div class=\"elementor-container elementor-column-gap-default\">\n\t\t\t\t\t<div class=\"elementor-column elementor-col-100 elementor-top-column elementor-element elementor-element-3a4db3f\" data-id=\"3a4db3f\" data-element_type=\"column\" data-e-type=\"column\">\n\t\t\t<div class=\"elementor-widget-wrap elementor-element-populated\">\n\t\t\t\t\t\t<div class=\"elementor-element elementor-element-235c87a elementor-widget elementor-widget-text-editor\" data-id=\"235c87a\" data-element_type=\"widget\" data-e-type=\"widget\" data-widget_type=\"text-editor.default\">\n\t\t\t\t<div class=\"elementor-widget-container\">\n\t\t\t\t\t\t\t\t\t<p><\/p><p style=\"text-align: center;\">Tisztelt H\u00f6lgyem \/ Uram!<br \/>A KARRIER-B\u00daTOR Kft. munkat\u00e1rsai nev\u00e9ben k\u00f6sz\u00f6ntj\u00fck \u00d6nt!<br \/>Szeretn\u00e9nk n\u00e9h\u00e1ny sorban t\u00e1j\u00e9koztatni arr\u00f3l, hogy a lakoss\u00e1g fel\u00e9 milyen szolg\u00e1ltat\u00e1sokat v\u00e9gz\u00fcnk \u00e9s miben lehet\u00fcnk az \u00d6n seg\u00edts\u00e9g\u00e9re !<\/p><p style=\"text-align: center;\">* L A K B E R EN D E Z \u00c9 S *<\/p><p style=\"text-align: center;\">M\u00e1r a lak\u00e1s\u00e9p\u00edt\u00e9s vagy lak\u00e1sfel\u00faj\u00edt\u00e1s tervez\u00e9s\u00e9t\u0151l \u00e1llunk rendelkez\u00e9s\u00e9re lakberendez\u00e9si tan\u00e1csad\u00e1ssal, komplett lakberendez\u00e9ssel, lak\u00e1s\u00e1ba ker\u00fcl\u0151 b\u00fatorainak tervez\u00e9s\u00e9vel.<\/p><p style=\"text-align: center;\">\u00d6r\u00fcln\u00e9nk, ha r\u00e9szesei lehetn\u00e9nk egy harmonikus lak\u00e1sbels\u0151 kialak\u00edt\u00e1s\u00e1nak! A f\u00e9ny, a sz\u00ednek, a burkolatok, valamint a b\u00fatorok form\u00e1j\u00e1nak, funkcionalit\u00e1s\u00e1nak egy\u00fcttes hat\u00e1sa, mindezek \u00f6sszhangj\u00e1nak eredm\u00e9nye lehet, egy j\u00f3l lakhat\u00f3 \u00e9s haszn\u00e1lhat\u00f3 lak\u00f3t\u00e9r. Lakberendez\u0151 koll\u00e9g\u00e1ink szakmai tan\u00e1csokkal, l\u00e1tv\u00e1nytervekkel seg\u00edtenek az \u00d6n megb\u00edz\u00e1sa alapj\u00e1n.<br \/>B\u00daTOR ST\u00daDI\u00d3INK\u00a0<br \/>Sz\u00e9kesfeh\u00e9rv\u00e1ron, a R\u00e1k\u00f3czi u. 3. sz. alatt, valamint Budapesten, Sopronban \u00e9s Kaposv\u00e1ron tal\u00e1lhat\u00f3k<\/p><p style=\"text-align: center;\">Fontos inform\u00e1ci\u00f3kat kaphatnak m\u00e9g a\u00a0www.karrierirodabutor.hu\u00a0honlapon.<\/p><p style=\"text-align: center;\">* B \u00da T O R GY \u00c1 R T \u00c1 S *\u00a0<\/p><p style=\"text-align: center;\">Lakberendez\u0151k, bels\u0151\u00e9p\u00edt\u00e9szek vagy ak\u00e1r az \u00d6n \u00e1ltal megtervezett b\u00fatorokat is legy\u00e1rtjuk.<br \/>C\u00e9g\u00fcnknek saj\u00e1t, korszer\u0171en felszerelt asztalos \u00fczeme van, ahol I.o min\u0151s\u00e9gben k\u00e9sz\u00fclnek term\u00e9keink. Pontos, el\u0151zetes helysz\u00edni felm\u00e9r\u00e9s ut\u00e1n t\u00f6rt\u00e9nik a gy\u00e1rtm\u00e1nytervez\u00e9s, a gy\u00e1rt\u00e1s, v\u00e9g\u00fcl a helysz\u00ednre t\u00f6rt\u00e9n\u0151 sz\u00e1ll\u00edt\u00e1s \u00e9s a beszerel\u00e9s A megl\u00e9v\u0151 b\u00fatorokhoz ill\u0151, azonos kivitel\u0171 \u00e9s m\u0171szaki tartalm\u00fa egyedi ig\u00e9nyeket is felm\u00e9rj\u00fck, megtervezz\u00fck \u00e9s legy\u00e1rtjuk, a helysz\u00edni be\u00e9p\u00edt\u00e9ssel egy\u00fctt.<\/p><p style=\"text-align: center;\">Foglalkozunk gardr\u00f3bok, konyh\u00e1k, h\u00e1l\u00f3szoba, nappali, el\u0151t\u00e9r, k\u00f6zleked\u0151, gyerekszoba b\u00fatorok gy\u00e1rt\u00e1s\u00e1val, \u00e9s forgalmaz\u00e1s\u00e1val, egy\u00e9b egyedi gy\u00e1rt\u00e1st ig\u00e9nyl\u0151 helyis\u00e9gek b\u00fatoroz\u00e1s\u00e1val, f\u00fcgg\u00f6ny\u00f6z\u00e9ssel \u00e9s \u00e1gytakar\u00f3 tervez\u00e9s\u00e9vel \u00e9s gy\u00e1rtat\u00e1s\u00e1val is.<\/p><p style=\"text-align: center;\">Az egyeztetett tervek alapj\u00e1n vessz\u00fck fel megrendel\u00e9seiket, majd 3-6 h\u00e9ten bel\u00fcl sz\u00e1ll\u00edtunk. R\u00f6viden \u00edgy v\u00e1zolhatjuk fel tev\u00e9kenys\u00e9g\u00fcnket. Rem\u00e9lj\u00fck hamarosan seg\u00edts\u00e9g\u00fckre lehet\u00fcnk.<br \/>K\u00e9rj\u00fck keressenek minket, v\u00e1rjuk \u00d6n\u00f6ket!<\/p><p style=\"text-align: center;\">Tisztelettel:<br \/>Horv\u00e1th Rezs\u0151<br \/>\u00fcgyvezet\u0151 igazgat\u00f3<\/p><p style=\"text-align: center;\"><\/p>\t\t\t\t\t\t\t\t<\/div>\n\t\t\t\t<\/div>\n\t\t\t\t\t<\/div>\n\t\t<\/div>\n\t\t\t\t\t<\/div>\n\t\t<\/section>\n\t\t\t\t<\/div>\n\t\t","protected":false},"excerpt":{"rendered":"<p>Dear Ladies \/ Gentlemen,We should like to inform you in a few lines what services do we provide for our residential clients and how can we help You! * INTERIOR DESIGN * We are at your disposal with our advising from flat construction of flat reconstruction, by complete furnishing and designing of the furniture to [&hellip;]<\/p>\n","protected":false},"author":3,"featured_media":0,"parent":0,"menu_order":1,"comment_status":"closed","ping_status":"closed","template":"elementor_header_footer","meta":{"footnotes":""},"class_list":["post-88","page","type-page","status-publish","hentry"],"yoast_head":"<!-- This site is optimized with the Yoast SEO plugin v27.3 - https:\/\/yoast.com\/product\/yoast-seo-wordpress\/ -->\n<title>Services - KARRIER B\u00daTOR Kft.<\/title>\n<meta name=\"robots\" content=\"index, follow, max-snippet:-1, max-image-preview:large, max-video-preview:-1\" \/>\n<link rel=\"canonical\" href=\"https:\/\/karrierirodabutor.hu\/szolgaltatasok\/\" \/>\n<meta property=\"og:locale\" content=\"en_US\" \/>\n<meta property=\"og:type\" content=\"article\" \/>\n<meta property=\"og:title\" content=\"Services - KARRIER B\u00daTOR Kft.\" \/>\n<meta property=\"og:description\" content=\"Dear Ladies \/ Gentlemen,We should like to inform you in a few lines what services do we provide for our residential clients and how can we help You! * INTERIOR DESIGN * We are at your disposal with our advising from flat construction of flat reconstruction, by complete furnishing and designing of the furniture to [&hellip;]\" \/>\n<meta property=\"og:url\" content=\"https:\/\/karrierirodabutor.hu\/szolgaltatasok\/\" \/>\n<meta property=\"og:site_name\" content=\"KARRIER B\u00daTOR Kft.\" \/>\n<meta property=\"article:modified_time\" content=\"2018-09-21T08:53:13+00:00\" \/>\n<meta name=\"twitter:label1\" content=\"Est. reading time\" \/>\n\t<meta name=\"twitter:data1\" content=\"5 minutes\" \/>\n<script type=\"application\/ld+json\" class=\"yoast-schema-graph\">{\"@context\":\"https:\\\/\\\/schema.org\",\"@graph\":[{\"@type\":\"WebPage\",\"@id\":\"https:\\\/\\\/karrierirodabutor.hu\\\/szolgaltatasok\\\/\",\"url\":\"https:\\\/\\\/karrierirodabutor.hu\\\/szolgaltatasok\\\/\",\"name\":\"Services - KARRIER B\u00daTOR Kft.\",\"isPartOf\":{\"@id\":\"https:\\\/\\\/karrierirodabutor.hu\\\/#website\"},\"datePublished\":\"2012-12-20T11:41:48+00:00\",\"dateModified\":\"2018-09-21T08:53:13+00:00\",\"inLanguage\":\"en-US\",\"potentialAction\":[{\"@type\":\"ReadAction\",\"target\":[\"https:\\\/\\\/karrierirodabutor.hu\\\/szolgaltatasok\\\/\"]}]},{\"@type\":\"WebSite\",\"@id\":\"https:\\\/\\\/karrierirodabutor.hu\\\/#website\",\"url\":\"https:\\\/\\\/karrierirodabutor.hu\\\/\",\"name\":\"KARRIER B\u00daTOR Kft.\",\"description\":\"KARRIER B\u00daTOR Kft.\",\"potentialAction\":[{\"@type\":\"SearchAction\",\"target\":{\"@type\":\"EntryPoint\",\"urlTemplate\":\"https:\\\/\\\/karrierirodabutor.hu\\\/?s={search_term_string}\"},\"query-input\":{\"@type\":\"PropertyValueSpecification\",\"valueRequired\":true,\"valueName\":\"search_term_string\"}}],\"inLanguage\":\"en-US\"}]}<\/script>\n<!-- \/ Yoast SEO plugin. -->","yoast_head_json":{"title":"Services - KARRIER B\u00daTOR Kft.","robots":{"index":"index","follow":"follow","max-snippet":"max-snippet:-1","max-image-preview":"max-image-preview:large","max-video-preview":"max-video-preview:-1"},"canonical":"https:\/\/karrierirodabutor.hu\/szolgaltatasok\/","og_locale":"en_US","og_type":"article","og_title":"Services - KARRIER B\u00daTOR Kft.","og_description":"Dear Ladies \/ Gentlemen,We should like to inform you in a few lines what services do we provide for our residential clients and how can we help You! * INTERIOR DESIGN * We are at your disposal with our advising from flat construction of flat reconstruction, by complete furnishing and designing of the furniture to [&hellip;]","og_url":"https:\/\/karrierirodabutor.hu\/szolgaltatasok\/","og_site_name":"KARRIER B\u00daTOR Kft.","article_modified_time":"2018-09-21T08:53:13+00:00","twitter_misc":{"Est. reading time":"5 minutes"},"schema":{"@context":"https:\/\/schema.org","@graph":[{"@type":"WebPage","@id":"https:\/\/karrierirodabutor.hu\/szolgaltatasok\/","url":"https:\/\/karrierirodabutor.hu\/szolgaltatasok\/","name":"Services - KARRIER B\u00daTOR Kft.","isPartOf":{"@id":"https:\/\/karrierirodabutor.hu\/#website"},"datePublished":"2012-12-20T11:41:48+00:00","dateModified":"2018-09-21T08:53:13+00:00","inLanguage":"en-US","potentialAction":[{"@type":"ReadAction","target":["https:\/\/karrierirodabutor.hu\/szolgaltatasok\/"]}]},{"@type":"WebSite","@id":"https:\/\/karrierirodabutor.hu\/#website","url":"https:\/\/karrierirodabutor.hu\/","name":"KARRIER B\u00daTOR Kft.","description":"KARRIER B\u00daTOR Kft.","potentialAction":[{"@type":"SearchAction","target":{"@type":"EntryPoint","urlTemplate":"https:\/\/karrierirodabutor.hu\/?s={search_term_string}"},"query-input":{"@type":"PropertyValueSpecification","valueRequired":true,"valueName":"search_term_string"}}],"inLanguage":"en-US"}]}},"_links":{"self":[{"href":"https:\/\/karrierirodabutor.hu\/en\/wp-json\/wp\/v2\/pages\/88","targetHints":{"allow":["GET"]}}],"collection":[{"href":"https:\/\/karrierirodabutor.hu\/en\/wp-json\/wp\/v2\/pages"}],"about":[{"href":"https:\/\/karrierirodabutor.hu\/en\/wp-json\/wp\/v2\/types\/page"}],"author":[{"embeddable":true,"href":"https:\/\/karrierirodabutor.hu\/en\/wp-json\/wp\/v2\/users\/3"}],"replies":[{"embeddable":true,"href":"https:\/\/karrierirodabutor.hu\/en\/wp-json\/wp\/v2\/comments?post=88"}],"version-history":[{"count":13,"href":"https:\/\/karrierirodabutor.hu\/en\/wp-json\/wp\/v2\/pages\/88\/revisions"}],"predecessor-version":[{"id":11783,"href":"https:\/\/karrierirodabutor.hu\/en\/wp-json\/wp\/v2\/pages\/88\/revisions\/11783"}],"wp:attachment":[{"href":"https:\/\/karrierirodabutor.hu\/en\/wp-json\/wp\/v2\/media?parent=88"}],"curies":[{"name":"wp","href":"https:\/\/api.w.org\/{rel}","templated":true}]}}